{"id":9171,"date":"2021-01-28T13:36:59","date_gmt":"2021-01-28T13:36:59","guid":{"rendered":"https:\/\/swissfinanciers.com\/?page_id=9171"},"modified":"2021-04-12T09:46:16","modified_gmt":"2021-04-12T09:46:16","slug":"ipo-2","status":"publish","type":"page","link":"https:\/\/swissfinanciers.com\/fr\/ipo-2\/","title":{"rendered":"IPOs"},"content":{"rendered":"<div data-elementor-type=\"wp-page\" data-elementor-id=\"9171\" class=\"elementor elementor-9171\" data-elementor-post-type=\"page\">\n\t\t\t\t\t\t<section class=\"elementor-section elementor-top-section elementor-element elementor-element-95b0225 elementor-section-stretched elementor-section-boxed elementor-section-height-default elementor-section-height-default\" data-id=\"95b0225\" data-element_type=\"section\" data-settings=\"{&quot;stretch_section&quot;:&quot;section-stretched&quot;}\">\n\t\t\t\t\t\t<div class=\"elementor-container elementor-column-gap-default\">\n\t\t\t\t\t<div class=\"elementor-column elementor-col-100 elementor-top-column elementor-element elementor-element-dc13cb4\" data-id=\"dc13cb4\" data-element_type=\"column\" data-settings=\"{&quot;background_background&quot;:&quot;classic&quot;}\">\n\t\t\t<div class=\"elementor-widget-wrap elementor-element-populated\">\n\t\t\t\t\t\t<div class=\"elementor-element elementor-element-72f5ab0 elementor-grid-3 elementor-grid-tablet-2 elementor-grid-mobile-1 elementor-posts--thumbnail-top elementor-widget elementor-widget-posts\" data-id=\"72f5ab0\" data-element_type=\"widget\" data-settings=\"{&quot;classic_columns&quot;:&quot;3&quot;,&quot;classic_columns_tablet&quot;:&quot;2&quot;,&quot;classic_columns_mobile&quot;:&quot;1&quot;,&quot;classic_row_gap&quot;:{&quot;unit&quot;:&quot;px&quot;,&quot;size&quot;:35,&quot;sizes&quot;:[]},&quot;classic_row_gap_tablet&quot;:{&quot;unit&quot;:&quot;px&quot;,&quot;size&quot;:&quot;&quot;,&quot;sizes&quot;:[]},&quot;classic_row_gap_mobile&quot;:{&quot;unit&quot;:&quot;px&quot;,&quot;size&quot;:&quot;&quot;,&quot;sizes&quot;:[]}}\" data-widget_type=\"posts.classic\">\n\t\t\t\t<div class=\"elementor-widget-container\">\n\t\t\t\t\t\t\t<div class=\"elementor-posts-container elementor-posts elementor-posts--skin-classic elementor-grid\" role=\"list\">\n\t\t\t\t<article class=\"elementor-post elementor-grid-item post-3642 post type-post status-publish format-standard has-post-thumbnail hentry category-references\" role=\"listitem\">\n\t\t\t\t<a class=\"elementor-post__thumbnail__link\" href=\"https:\/\/swissfinanciers.com\/fr\/intellectual-property-securities-corporation\/\" tabindex=\"-1\" >\n\t\t\t<div class=\"elementor-post__thumbnail\"><img fetchpriority=\"high\" decoding=\"async\" width=\"500\" height=\"500\" src=\"https:\/\/swissfinanciers.com\/wp-content\/uploads\/logo_ipse.jpg\" class=\"attachment-full size-full wp-image-6422\" alt=\"\" srcset=\"https:\/\/swissfinanciers.com\/wp-content\/uploads\/logo_ipse.jpg 500w, https:\/\/swissfinanciers.com\/wp-content\/uploads\/logo_ipse-300x300.jpg 300w, https:\/\/swissfinanciers.com\/wp-content\/uploads\/logo_ipse-150x150.jpg 150w, https:\/\/swissfinanciers.com\/wp-content\/uploads\/logo_ipse-12x12.jpg 12w\" sizes=\"(max-width: 500px) 100vw, 500px\" \/><\/div>\n\t\t<\/a>\n\t\t\t\t<div class=\"elementor-post__text\">\n\t\t\t\t<h3 class=\"elementor-post__title\">\n\t\t\t<a href=\"https:\/\/swissfinanciers.com\/fr\/intellectual-property-securities-corporation\/\" >\n\t\t\t\tSoci\u00e9t\u00e9 des titres de propri\u00e9t\u00e9 intellectuelle\t\t\t<\/a>\n\t\t<\/h3>\n\t\t\t\t<div class=\"elementor-post__excerpt\">\n\t\t\t<p>Client : IPSE<br \/>\nType de client : Financement de l'introduction en bourse et liste des introductions en bourse<br \/>\nCalendrier de l'introduction en bourse : 12 \u00e0 24 mois<br \/>\n\u00c9valuation de la cible : $1 Milliard<br \/>\nIntellectual Property Securities Corp est sp\u00e9cialis\u00e9e dans la titrisation de la propri\u00e9t\u00e9 intellectuelle, offrant une m\u00e9thode et un ensemble d'outils innovants et brevet\u00e9s pour financer toute forme de production. De la production musicale \u00e0 la distribution et \u00e0 la vente de billets de spectacles, nous couvrons tout le cycle de vie de votre valeur ajout\u00e9e.<\/p>\n\t\t<\/div>\n\t\t\n\t\t<a class=\"elementor-post__read-more\" href=\"https:\/\/swissfinanciers.com\/fr\/intellectual-property-securities-corporation\/\" aria-label=\"En savoir plus sur Intellectual Property Securities Corporation\" tabindex=\"-1\" >\n\t\t\tLire plus \"\t\t<\/a>\n\n\t\t\t\t<\/div>\n\t\t\t\t<\/article>\n\t\t\t\t<article class=\"elementor-post elementor-grid-item post-9081 post type-post status-publish format-standard has-post-thumbnail hentry category-references\" role=\"listitem\">\n\t\t\t\t<a class=\"elementor-post__thumbnail__link\" href=\"https:\/\/swissfinanciers.com\/fr\/eiffel-international-corporation\/\" tabindex=\"-1\" >\n\t\t\t<div class=\"elementor-post__thumbnail\"><img decoding=\"async\" width=\"1290\" height=\"685\" data-src=\"https:\/\/swissfinanciers.com\/wp-content\/uploads\/\u0421\u043d\u0438\u043c\u043e\u043a-\u044d\u043a\u0440\u0430\u043d\u0430-2021-01-27-\u0432-15.43.35.png\" class=\"attachment-full size-full wp-image-9093 lazyload\" alt=\"\" data-srcset=\"https:\/\/swissfinanciers.com\/wp-content\/uploads\/\u0421\u043d\u0438\u043c\u043e\u043a-\u044d\u043a\u0440\u0430\u043d\u0430-2021-01-27-\u0432-15.43.35.png 1290w, https:\/\/swissfinanciers.com\/wp-content\/uploads\/\u0421\u043d\u0438\u043c\u043e\u043a-\u044d\u043a\u0440\u0430\u043d\u0430-2021-01-27-\u0432-15.43.35-300x159.png 300w, https:\/\/swissfinanciers.com\/wp-content\/uploads\/\u0421\u043d\u0438\u043c\u043e\u043a-\u044d\u043a\u0440\u0430\u043d\u0430-2021-01-27-\u0432-15.43.35-1024x544.png 1024w, https:\/\/swissfinanciers.com\/wp-content\/uploads\/\u0421\u043d\u0438\u043c\u043e\u043a-\u044d\u043a\u0440\u0430\u043d\u0430-2021-01-27-\u0432-15.43.35-768x408.png 768w, https:\/\/swissfinanciers.com\/wp-content\/uploads\/\u0421\u043d\u0438\u043c\u043e\u043a-\u044d\u043a\u0440\u0430\u043d\u0430-2021-01-27-\u0432-15.43.35-16x8.png 16w\" data-sizes=\"(max-width: 1290px) 100vw, 1290px\" src=\"data:image\/svg+xml;base64,PHN2ZyB3aWR0aD0iMSIgaGVpZ2h0PSIxIiB4bWxucz0iaHR0cDovL3d3dy53My5vcmcvMjAwMC9zdmciPjwvc3ZnPg==\" style=\"--smush-placeholder-width: 1290px; --smush-placeholder-aspect-ratio: 1290\/685;\" \/><\/div>\n\t\t<\/a>\n\t\t\t\t<div class=\"elementor-post__text\">\n\t\t\t\t<h3 class=\"elementor-post__title\">\n\t\t\t<a href=\"https:\/\/swissfinanciers.com\/fr\/eiffel-international-corporation\/\" >\n\t\t\t\tEiffel International Corporation\t\t\t<\/a>\n\t\t<\/h3>\n\t\t\t\t<div class=\"elementor-post__excerpt\">\n\t\t\t<p>Client : Eiffel International Corporation<br \/>\nType de client : Financement de l'introduction en bourse et liste des introductions en bourse<br \/>\nCalendrier de l'introduction en bourse : 12 \u00e0 24 mois<br \/>\n\u00c9valuation de la cible : $20 Milliards<br \/>\nGustave Eiffel est la seule personne sur terre qui a cr\u00e9\u00e9 et fait construire 2 monuments du patrimoine mondial de l'UNESCO. Eiffel Corporation promeut les techniques, le savoir-faire et le patrimoine d'Eiffel dans le monde entier pour cr\u00e9er l'avenir. Eiffel Corporation est une entit\u00e9 financi\u00e8re qui soutient des projets de grande envergure dans le monde entier au carrefour de la construction, de l'architecture et de l'urbanisme.<\/p>\n\t\t<\/div>\n\t\t\n\t\t<a class=\"elementor-post__read-more\" href=\"https:\/\/swissfinanciers.com\/fr\/eiffel-international-corporation\/\" aria-label=\"En savoir plus sur Eiffel International Corporation\" tabindex=\"-1\" >\n\t\t\tLire plus \"\t\t<\/a>\n\n\t\t\t\t<\/div>\n\t\t\t\t<\/article>\n\t\t\t\t<article class=\"elementor-post elementor-grid-item post-9088 post type-post status-publish format-standard has-post-thumbnail hentry category-references\" role=\"listitem\">\n\t\t\t\t<a class=\"elementor-post__thumbnail__link\" href=\"https:\/\/swissfinanciers.com\/fr\/mobi-group\/\" tabindex=\"-1\" >\n\t\t\t<div class=\"elementor-post__thumbnail\"><img decoding=\"async\" width=\"1290\" height=\"640\" data-src=\"https:\/\/swissfinanciers.com\/wp-content\/uploads\/\u0421\u043d\u0438\u043c\u043e\u043a-\u044d\u043a\u0440\u0430\u043d\u0430-2021-01-29-\u0432-12.00.04.png\" class=\"attachment-full size-full wp-image-9344 lazyload\" alt=\"\" data-srcset=\"https:\/\/swissfinanciers.com\/wp-content\/uploads\/\u0421\u043d\u0438\u043c\u043e\u043a-\u044d\u043a\u0440\u0430\u043d\u0430-2021-01-29-\u0432-12.00.04.png 1290w, https:\/\/swissfinanciers.com\/wp-content\/uploads\/\u0421\u043d\u0438\u043c\u043e\u043a-\u044d\u043a\u0440\u0430\u043d\u0430-2021-01-29-\u0432-12.00.04-300x149.png 300w, https:\/\/swissfinanciers.com\/wp-content\/uploads\/\u0421\u043d\u0438\u043c\u043e\u043a-\u044d\u043a\u0440\u0430\u043d\u0430-2021-01-29-\u0432-12.00.04-1024x508.png 1024w, https:\/\/swissfinanciers.com\/wp-content\/uploads\/\u0421\u043d\u0438\u043c\u043e\u043a-\u044d\u043a\u0440\u0430\u043d\u0430-2021-01-29-\u0432-12.00.04-768x381.png 768w, https:\/\/swissfinanciers.com\/wp-content\/uploads\/\u0421\u043d\u0438\u043c\u043e\u043a-\u044d\u043a\u0440\u0430\u043d\u0430-2021-01-29-\u0432-12.00.04-16x8.png 16w\" data-sizes=\"(max-width: 1290px) 100vw, 1290px\" src=\"data:image\/svg+xml;base64,PHN2ZyB3aWR0aD0iMSIgaGVpZ2h0PSIxIiB4bWxucz0iaHR0cDovL3d3dy53My5vcmcvMjAwMC9zdmciPjwvc3ZnPg==\" style=\"--smush-placeholder-width: 1290px; --smush-placeholder-aspect-ratio: 1290\/640;\" \/><\/div>\n\t\t<\/a>\n\t\t\t\t<div class=\"elementor-post__text\">\n\t\t\t\t<h3 class=\"elementor-post__title\">\n\t\t\t<a href=\"https:\/\/swissfinanciers.com\/fr\/mobi-group\/\" >\n\t\t\t\tMobiGroup\t\t\t<\/a>\n\t\t<\/h3>\n\t\t\t\t<div class=\"elementor-post__excerpt\">\n\t\t\t<p>Client : MobiGroup<br \/>\nType de client : Financement de l'introduction en bourse et liste des introductions en bourse<br \/>\nCalendrier de l'introduction en bourse : 12 \u00e0 24 mois<br \/>\n\u00c9valuation de la cible : $6 Milliards                                         <\/p>\n<p>L'administration fiscale MobiVAT est un ensemble d'applications con\u00e7ues pour g\u00e9rer l'ensemble du processus de collecte de la TVA du d\u00e9but \u00e0 la fin. MobiVAT est con\u00e7u pour extraire automatiquement les taxes plut\u00f4t que de laisser le paiement des taxes au choix volontaire et \u00e0 la moralit\u00e9 des contribuables. Dans l'ensemble, les contribuables de tous les pays ne veulent pas payer d'imp\u00f4ts, sauf s'ils y sont contraints par une situation o\u00f9 ils n'ont pas d'autre choix que de les payer. L'\u00e9l\u00e9ment du montant de la TVA est d\u00e9tach\u00e9 du paiement de l'acheteur et est vers\u00e9 \u00e9lectroniquement \u00e0 l'autorit\u00e9 fiscale \u00e0 partir du compte bancaire de l'acheteur.<\/p>\n\t\t<\/div>\n\t\t\n\t\t<a class=\"elementor-post__read-more\" href=\"https:\/\/swissfinanciers.com\/fr\/mobi-group\/\" aria-label=\"En savoir plus sur MobiGroup\" tabindex=\"-1\" >\n\t\t\tLire plus \"\t\t<\/a>\n\n\t\t\t\t<\/div>\n\t\t\t\t<\/article>\n\t\t\t\t<article class=\"elementor-post elementor-grid-item post-9112 post type-post status-publish format-standard has-post-thumbnail hentry category-references\" role=\"listitem\">\n\t\t\t\t<a class=\"elementor-post__thumbnail__link\" href=\"https:\/\/swissfinanciers.com\/fr\/earth-sky-corporation\/\" tabindex=\"-1\" >\n\t\t\t<div class=\"elementor-post__thumbnail\"><img decoding=\"async\" width=\"1262\" height=\"638\" data-src=\"https:\/\/swissfinanciers.com\/wp-content\/uploads\/\u0421\u043d\u0438\u043c\u043e\u043a-\u044d\u043a\u0440\u0430\u043d\u0430-2021-01-28-\u0432-16.05.14.png\" class=\"attachment-full size-full wp-image-9221 lazyload\" alt=\"\" data-srcset=\"https:\/\/swissfinanciers.com\/wp-content\/uploads\/\u0421\u043d\u0438\u043c\u043e\u043a-\u044d\u043a\u0440\u0430\u043d\u0430-2021-01-28-\u0432-16.05.14.png 1262w, https:\/\/swissfinanciers.com\/wp-content\/uploads\/\u0421\u043d\u0438\u043c\u043e\u043a-\u044d\u043a\u0440\u0430\u043d\u0430-2021-01-28-\u0432-16.05.14-300x152.png 300w, https:\/\/swissfinanciers.com\/wp-content\/uploads\/\u0421\u043d\u0438\u043c\u043e\u043a-\u044d\u043a\u0440\u0430\u043d\u0430-2021-01-28-\u0432-16.05.14-1024x518.png 1024w, https:\/\/swissfinanciers.com\/wp-content\/uploads\/\u0421\u043d\u0438\u043c\u043e\u043a-\u044d\u043a\u0440\u0430\u043d\u0430-2021-01-28-\u0432-16.05.14-768x388.png 768w, https:\/\/swissfinanciers.com\/wp-content\/uploads\/\u0421\u043d\u0438\u043c\u043e\u043a-\u044d\u043a\u0440\u0430\u043d\u0430-2021-01-28-\u0432-16.05.14-16x8.png 16w\" data-sizes=\"(max-width: 1262px) 100vw, 1262px\" src=\"data:image\/svg+xml;base64,PHN2ZyB3aWR0aD0iMSIgaGVpZ2h0PSIxIiB4bWxucz0iaHR0cDovL3d3dy53My5vcmcvMjAwMC9zdmciPjwvc3ZnPg==\" style=\"--smush-placeholder-width: 1262px; --smush-placeholder-aspect-ratio: 1262\/638;\" \/><\/div>\n\t\t<\/a>\n\t\t\t\t<div class=\"elementor-post__text\">\n\t\t\t\t<h3 class=\"elementor-post__title\">\n\t\t\t<a href=\"https:\/\/swissfinanciers.com\/fr\/earth-sky-corporation\/\" >\n\t\t\t\tEarth &amp; Sky Corporation\t\t\t<\/a>\n\t\t<\/h3>\n\t\t\t\t<div class=\"elementor-post__excerpt\">\n\t\t\t<p>Client : Earth &amp; Sky Corporation<br \/>\nType de client : Financement de l'introduction en bourse et liste des introductions en bourse<br \/>\nCalendrier de l'introduction en bourse : 12 \u00e0 24 mois<br \/>\n\u00c9valuation de l'objectif:-\u00a0<br \/>\nEarth &amp; Sky est une entreprise marocaine qui combine la production d'huiles essentielles et un h\u00f4tel offrant une large gamme de services de bien-\u00eatre, allant du check-up complet \u00e0 l'arriv\u00e9e \u00e0 la m\u00e9decine traditionnelle chinoise et \u00e0 l'approche individuelle de chaque client. Alors que les anciens adeptes du bien-\u00eatre voyageaient principalement pour se d\u00e9tendre et soigner leur apparence, l'accent est d\u00e9sormais mis sur la sant\u00e9 des syst\u00e8mes corporels. <\/p>\n\t\t<\/div>\n\t\t\n\t\t<a class=\"elementor-post__read-more\" href=\"https:\/\/swissfinanciers.com\/fr\/earth-sky-corporation\/\" aria-label=\"En savoir plus sur Earth &#038; Sky Corporation\" tabindex=\"-1\" >\n\t\t\tLire plus \"\t\t<\/a>\n\n\t\t\t\t<\/div>\n\t\t\t\t<\/article>\n\t\t\t\t<article class=\"elementor-post elementor-grid-item post-9125 post type-post status-publish format-standard has-post-thumbnail hentry category-references\" role=\"listitem\">\n\t\t\t\t<a class=\"elementor-post__thumbnail__link\" href=\"https:\/\/swissfinanciers.com\/fr\/adreal\/\" tabindex=\"-1\" >\n\t\t\t<div class=\"elementor-post__thumbnail\"><img decoding=\"async\" width=\"1290\" height=\"721\" data-src=\"https:\/\/swissfinanciers.com\/wp-content\/uploads\/CHR_Corporation_2.png\" class=\"attachment-full size-full wp-image-80702 lazyload\" alt=\"\" data-srcset=\"https:\/\/swissfinanciers.com\/wp-content\/uploads\/CHR_Corporation_2.png 1290w, https:\/\/swissfinanciers.com\/wp-content\/uploads\/CHR_Corporation_2-300x168.png 300w, https:\/\/swissfinanciers.com\/wp-content\/uploads\/CHR_Corporation_2-1024x572.png 1024w, https:\/\/swissfinanciers.com\/wp-content\/uploads\/CHR_Corporation_2-768x429.png 768w, https:\/\/swissfinanciers.com\/wp-content\/uploads\/CHR_Corporation_2-1536x858.png 1536w, https:\/\/swissfinanciers.com\/wp-content\/uploads\/CHR_Corporation_2-2048x1144.png 2048w, https:\/\/swissfinanciers.com\/wp-content\/uploads\/CHR_Corporation_2-18x10.png 18w\" data-sizes=\"(max-width: 1290px) 100vw, 1290px\" src=\"data:image\/svg+xml;base64,PHN2ZyB3aWR0aD0iMSIgaGVpZ2h0PSIxIiB4bWxucz0iaHR0cDovL3d3dy53My5vcmcvMjAwMC9zdmciPjwvc3ZnPg==\" style=\"--smush-placeholder-width: 1290px; --smush-placeholder-aspect-ratio: 1290\/721;\" \/><\/div>\n\t\t<\/a>\n\t\t\t\t<div class=\"elementor-post__text\">\n\t\t\t\t<h3 class=\"elementor-post__title\">\n\t\t\t<a href=\"https:\/\/swissfinanciers.com\/fr\/adreal\/\" >\n\t\t\t\tCHR Corporation\t\t\t<\/a>\n\t\t<\/h3>\n\t\t\t\t<div class=\"elementor-post__excerpt\">\n\t\t\t<p>Client : CHR<br \/>\nType de client : Financement de l'introduction en bourse et liste des introductions en bourse<br \/>\nCalendrier de l'introduction en bourse : 12 \u00e0 24 mois<br \/>\n\u00c9valuation de l'objectif:-\u00a0<br \/>\nCHR d\u00e9veloppe des projets immobiliers de grande envergure jusqu'\u00e0 leur r\u00e9ussite gr\u00e2ce \u00e0 la forte exp\u00e9rience de son repr\u00e9sentant et \u00e0 une relation \u00e9troite avec ses partenaires.<br \/>\nCHR a \u00e9t\u00e9 fond\u00e9e en juillet 2015 dans l'\u00c9tat du Delaware, aux \u00c9tats-Unis, pour promouvoir, rechercher et financer des projets immobiliers.<\/p>\n<p>Pour son premier projet, CHR lance un projet de marina r\u00e9sidentielle, commerciale et oc\u00e9anique de luxe appel\u00e9 \"NIKOLA\" sur la c\u00f4te adriatique de la Dalmatie \u00e0 \u0160ibenik, en Croatie.  <\/p>\n\t\t<\/div>\n\t\t\n\t\t<a class=\"elementor-post__read-more\" href=\"https:\/\/swissfinanciers.com\/fr\/adreal\/\" aria-label=\"En savoir plus sur CHR Corporation\" tabindex=\"-1\" >\n\t\t\tLire plus \"\t\t<\/a>\n\n\t\t\t\t<\/div>\n\t\t\t\t<\/article>\n\t\t\t\t<article class=\"elementor-post elementor-grid-item post-90336 post type-post status-publish format-standard has-post-thumbnail hentry category-references\" role=\"listitem\">\n\t\t\t\t<a class=\"elementor-post__thumbnail__link\" href=\"https:\/\/swissfinanciers.com\/fr\/european-press-agency\/\" tabindex=\"-1\" >\n\t\t\t<div class=\"elementor-post__thumbnail\"><img decoding=\"async\" width=\"350\" height=\"350\" data-src=\"https:\/\/swissfinanciers.com\/wp-content\/uploads\/EUPA-Logo-Swiss-350.png.webp\" class=\"attachment-full size-full wp-image-90341 lazyload\" alt=\"\" data-srcset=\"https:\/\/swissfinanciers.com\/wp-content\/uploads\/EUPA-Logo-Swiss-350.png.webp 350w, https:\/\/swissfinanciers.com\/wp-content\/uploads\/EUPA-Logo-Swiss-350.png-300x300.webp 300w, https:\/\/swissfinanciers.com\/wp-content\/uploads\/EUPA-Logo-Swiss-350.png-150x150.webp 150w, https:\/\/swissfinanciers.com\/wp-content\/uploads\/EUPA-Logo-Swiss-350.png-12x12.webp 12w\" data-sizes=\"(max-width: 350px) 100vw, 350px\" src=\"data:image\/svg+xml;base64,PHN2ZyB3aWR0aD0iMSIgaGVpZ2h0PSIxIiB4bWxucz0iaHR0cDovL3d3dy53My5vcmcvMjAwMC9zdmciPjwvc3ZnPg==\" style=\"--smush-placeholder-width: 350px; --smush-placeholder-aspect-ratio: 350\/350;\" \/><\/div>\n\t\t<\/a>\n\t\t\t\t<div class=\"elementor-post__text\">\n\t\t\t\t<h3 class=\"elementor-post__title\">\n\t\t\t<a href=\"https:\/\/swissfinanciers.com\/fr\/european-press-agency\/\" >\n\t\t\t\tAgence de presse europ\u00e9enne\t\t\t<\/a>\n\t\t<\/h3>\n\t\t\t\t<div class=\"elementor-post__excerpt\">\n\t\t\t<p>Client : EUPA<br \/>\nType de client : Financement de l'introduction en bourse et liste des introductions en bourse<br \/>\nCalendrier de l'introduction en bourse : 12 \u00e0 24 mois<br \/>\n\u00c9valuation de l'objectif:-\u00a0<br \/>\nLa premi\u00e8re agence de presse internationale v\u00e9ritablement d\u00e9di\u00e9e aux cr\u00e9ateurs de contenus professionnels ind\u00e9pendants :<br \/>\njournalistes, reporters, influenceurs, animateurs TV &amp; radio, podcasteurs et animateurs de cha\u00eenes web<\/p>\n\t\t<\/div>\n\t\t\n\t\t<a class=\"elementor-post__read-more\" href=\"https:\/\/swissfinanciers.com\/fr\/european-press-agency\/\" aria-label=\"En savoir plus sur European Press Agency\" tabindex=\"-1\" >\n\t\t\tLire plus \"\t\t<\/a>\n\n\t\t\t\t<\/div>\n\t\t\t\t<\/article>\n\t\t\t\t<\/div>\n\t\t\n\t\t\t\t\t\t<\/div>\n\t\t\t\t<\/div>\n\t\t\t\t\t<\/div>\n\t\t<\/div>\n\t\t\t\t\t<\/div>\n\t\t<\/section>\n\t\t\t\t<section class=\"elementor-section elementor-top-section elementor-element elementor-element-3467680 elementor-section-stretched elementor-section-height-min-height elementor-section-boxed elementor-section-height-default elementor-section-items-middle\" data-id=\"3467680\" data-element_type=\"section\" data-settings=\"{&quot;stretch_section&quot;:&quot;section-stretched&quot;}\">\n\t\t\t\t\t\t<div class=\"elementor-container elementor-column-gap-default\">\n\t\t\t\t\t<div class=\"elementor-column elementor-col-100 elementor-top-column elementor-element elementor-element-6a360f2\" data-id=\"6a360f2\" data-element_type=\"column\" data-settings=\"{&quot;background_background&quot;:&quot;classic&quot;}\">\n\t\t\t<div class=\"elementor-widget-wrap elementor-element-populated\">\n\t\t\t\t\t\t<div class=\"elementor-element elementor-element-3da1f53 elementor-align-center elementor-widget elementor-widget-button\" data-id=\"3da1f53\" data-element_type=\"widget\" data-widget_type=\"button.default\">\n\t\t\t\t<div class=\"elementor-widget-container\">\n\t\t\t\t\t\t\t\t\t<div class=\"elementor-button-wrapper\">\n\t\t\t\t\t<a class=\"elementor-button elementor-button-link elementor-size-sm\" href=\"\/fr\/spacs\/\">\n\t\t\t\t\t\t<span class=\"elementor-button-content-wrapper\">\n\t\t\t\t\t\t\t\t\t<span class=\"elementor-button-text\">voir nos R\u00e9f\u00e9rences SPACs<\/span>\n\t\t\t\t\t<\/span>\n\t\t\t\t\t<\/a>\n\t\t\t\t<\/div>\n\t\t\t\t\t\t\t\t<\/div>\n\t\t\t\t<\/div>\n\t\t\t\t\t<\/div>\n\t\t<\/div>\n\t\t\t\t\t<\/div>\n\t\t<\/section>\n\t\t\t\t<\/div>","protected":false},"excerpt":{"rendered":"<p>voir nos R\u00e9f\u00e9rences SPACs<\/p>","protected":false},"author":19,"featured_media":0,"parent":0,"menu_order":25,"comment_status":"closed","ping_status":"closed","template":"","meta":{"footnotes":""},"class_list":["post-9171","page","type-page","status-publish","hentry"],"_links":{"self":[{"href":"https:\/\/swissfinanciers.com\/fr\/wp-json\/wp\/v2\/pages\/9171","targetHints":{"allow":["GET"]}}],"collection":[{"href":"https:\/\/swissfinanciers.com\/fr\/wp-json\/wp\/v2\/pages"}],"about":[{"href":"https:\/\/swissfinanciers.com\/fr\/wp-json\/wp\/v2\/types\/page"}],"author":[{"embeddable":true,"href":"https:\/\/swissfinanciers.com\/fr\/wp-json\/wp\/v2\/users\/19"}],"replies":[{"embeddable":true,"href":"https:\/\/swissfinanciers.com\/fr\/wp-json\/wp\/v2\/comments?post=9171"}],"version-history":[{"count":0,"href":"https:\/\/swissfinanciers.com\/fr\/wp-json\/wp\/v2\/pages\/9171\/revisions"}],"wp:attachment":[{"href":"https:\/\/swissfinanciers.com\/fr\/wp-json\/wp\/v2\/media?parent=9171"}],"curies":[{"name":"wp","href":"https:\/\/api.w.org\/{rel}","templated":true}]}}