{"id":3,"date":"2020-05-05T13:37:41","date_gmt":"2020-05-05T13:37:41","guid":{"rendered":"https:\/\/swissfinanciers.com\/?page_id=3"},"modified":"2022-08-12T17:14:28","modified_gmt":"2022-08-12T17:14:28","slug":"privacy-policy","status":"publish","type":"page","link":"https:\/\/swissfinanciers.com\/fr\/privacy-policy\/","title":{"rendered":"Politique de confidentialit\u00e9"},"content":{"rendered":"<div data-elementor-type=\"wp-page\" data-elementor-id=\"3\" class=\"elementor elementor-3\" data-elementor-post-type=\"page\">\n\t\t\t\t\t\t<section class=\"elementor-section elementor-top-section elementor-element elementor-element-7d9baf5b elementor-section-boxed elementor-section-height-default elementor-section-height-default\" data-id=\"7d9baf5b\" data-element_type=\"section\">\n\t\t\t\t\t\t<div class=\"elementor-container elementor-column-gap-default\">\n\t\t\t\t\t<div class=\"elementor-column elementor-col-100 elementor-top-column elementor-element elementor-element-46b8d89f\" data-id=\"46b8d89f\" data-element_type=\"column\">\n\t\t\t<div class=\"elementor-widget-wrap elementor-element-populated\">\n\t\t\t\t\t\t<div class=\"elementor-element elementor-element-6af4a87b elementor-widget elementor-widget-text-editor\" data-id=\"6af4a87b\" data-element_type=\"widget\" data-widget_type=\"text-editor.default\">\n\t\t\t\t<div class=\"elementor-widget-container\">\n\t\t\t\t\t\t\t\t\t<h3>POLITIQUE DE PROTECTION DE LA VIE PRIV\u00c9E<\/h3><p>SWISS FINANCIERS INC. (&quot;nous&quot;, &quot;nous&quot; ou &quot;notre&quot;) exploite le <em>https:\/\/www.swissfinanciers.com<\/em> (ci-apr\u00e8s d\u00e9nomm\u00e9 le \"Service\").<\/p><p>Cette page vous informe de nos politiques concernant la collecte, l'utilisation et la divulgation de donn\u00e9es personnelles lorsque vous utilisez notre service et des choix que vous avez associ\u00e9s \u00e0 ces donn\u00e9es.<\/p><p>Nous utilisons vos donn\u00e9es pour fournir et am\u00e9liorer le service. En utilisant le Service, vous acceptez la collecte et l'utilisation des informations conform\u00e9ment \u00e0 cette politique. Sauf d\u00e9finition contraire dans la pr\u00e9sente politique de confidentialit\u00e9, les termes utilis\u00e9s dans la pr\u00e9sente politique de confidentialit\u00e9 ont la m\u00eame signification que dans nos conditions g\u00e9n\u00e9rales, accessibles \u00e0 partir de <em>https:\/\/www.swissfinanciers.com<\/em>.<\/p><h3>DEFINITIONS<\/h3><ol><li><h4><strong>Service<\/strong><\/h4><\/li><\/ol><p>Le service est le <em>https:\/\/www.swissfinanciers.com<\/em> site web exploit\u00e9 par SWISS FINANCIERS INC..<\/p><ol start=\"2\"><li><h4><strong>Donn\u00e9es \u00e0 caract\u00e8re personnel<\/strong><\/h4><\/li><\/ol><p>Les donn\u00e9es \u00e0 caract\u00e8re personnel sont des donn\u00e9es concernant une personne vivante qui peut \u00eatre identifi\u00e9e \u00e0 partir de ces donn\u00e9es (ou \u00e0 partir de celles et d'autres informations que nous poss\u00e9dons ou que nous sommes susceptibles de poss\u00e9der).<\/p><ol start=\"3\"><li><h4><strong>Donn\u00e9es d'utilisation<\/strong><\/h4><\/li><\/ol><p>Les donn\u00e9es d'utilisation sont des donn\u00e9es collect\u00e9es automatiquement soit par l'utilisation du service, soit par l'infrastructure du service elle-m\u00eame (par exemple, la dur\u00e9e de la visite d'une page).<\/p><ol start=\"4\"><li><h4><strong>Cookies<\/strong><\/h4><\/li><\/ol><p>Les cookies sont de petits fichiers stock\u00e9s sur votre appareil (ordinateur ou appareil mobile).<\/p><ol start=\"5\"><li><h4><strong>Contr\u00f4leur de donn\u00e9es<\/strong><\/h4><\/li><\/ol><p>Le contr\u00f4leur des donn\u00e9es est la personne physique ou morale qui (seule ou conjointement ou en commun avec d'autres personnes) d\u00e9termine les finalit\u00e9s et les modalit\u00e9s du traitement de toute information personnelle.<\/p><p>Aux fins de la pr\u00e9sente politique de confidentialit\u00e9, nous sommes le contr\u00f4leur de vos donn\u00e9es personnelles.<\/p><ol start=\"6\"><li><h4><strong>Traitements de donn\u00e9es (ou fournisseurs de services)<\/strong><\/h4><\/li><\/ol><p>Processeur de donn\u00e9es (ou fournisseur de services) : toute personne physique ou morale qui traite les donn\u00e9es au nom du contr\u00f4leur de donn\u00e9es.<\/p><p>Nous pouvons utiliser les services de diff\u00e9rents prestataires de services afin de traiter vos donn\u00e9es de mani\u00e8re plus efficace.<\/p><ol start=\"7\"><li><h4><strong>Personne concern\u00e9e (ou utilisateur)<\/strong><\/h4><\/li><\/ol><p>La personne concern\u00e9e est toute personne vivante qui utilise notre service et qui fait l'objet de donn\u00e9es \u00e0 caract\u00e8re personnel.<\/p><h3><strong>LA COLLECTE ET L'UTILISATION DES INFORMATIONS<\/strong><\/h3><p>Nous recueillons plusieurs types d'informations \u00e0 des fins diverses afin de vous fournir et d'am\u00e9liorer notre service.<\/p><h4><strong>Types de donn\u00e9es collect\u00e9es<\/strong><\/h4><ol><li style=\"list-style-type: none;\"><ol><li>Donn\u00e9es \u00e0 caract\u00e8re personnel<\/li><li>Lors de l'utilisation de notre service, nous pouvons vous demander de nous fournir certaines informations personnelles qui peuvent \u00eatre utilis\u00e9es pour vous contacter ou vous identifier (\"Donn\u00e9es personnelles\"). Les informations personnelles identifiables peuvent inclure, mais ne sont pas limit\u00e9es \u00e0<\/li><li>Adresse \u00e9lectronique<\/li><li>Pr\u00e9nom et nom de famille<\/li><li>Num\u00e9ro de t\u00e9l\u00e9phone<\/li><li>Adresse, \u00c9tat, Province, Code postal, Ville<\/li><li>Cookies et donn\u00e9es d'utilisation<\/li><\/ol><\/li><\/ol><p>Nous pouvons utiliser vos donn\u00e9es personnelles pour vous contacter au moyen de bulletins d'information, de mat\u00e9riel de marketing ou de promotion et d'autres informations susceptibles de vous int\u00e9resser.<\/p><p>Vous pouvez choisir de ne plus recevoir une partie ou la totalit\u00e9 de ces communications en suivant le lien de d\u00e9sabonnement ou les instructions fournies dans tout courriel que nous envoyons.<\/p><h4>Donn\u00e9es d'utilisation<\/h4><p>Nous pouvons \u00e9galement recueillir des informations sur la mani\u00e8re dont le service est accessible et utilis\u00e9 (\"Donn\u00e9es d'utilisation\"). Ces donn\u00e9es d'utilisation peuvent inclure des informations telles que l'adresse IP de votre ordinateur, le type et la version de votre navigateur, les pages de notre service que vous visitez, l'heure et la date de votre visite, le temps pass\u00e9 sur ces pages, les identifiants uniques des appareils et d'autres donn\u00e9es de diagnostic.<\/p><h4>Donn\u00e9es de suivi et cookies<\/h4><p>Nous utilisons des cookies et des technologies de suivi similaires pour suivre l'activit\u00e9 sur notre service et nous d\u00e9tenons certaines informations.<\/p><p>Les cookies sont des fichiers contenant une petite quantit\u00e9 de donn\u00e9es qui peuvent inclure un identifiant unique anonyme. Les cookies sont envoy\u00e9s \u00e0 votre navigateur depuis un site web et stock\u00e9s sur votre appareil. D'autres technologies de suivi sont \u00e9galement utilis\u00e9es, telles que les balises, les tags et les scripts, pour collecter et suivre les informations et pour am\u00e9liorer et analyser notre service.<\/p><p>Vous pouvez demander \u00e0 votre navigateur de refuser tous les cookies ou d'indiquer quand un cookie est envoy\u00e9. Toutefois, si vous n'acceptez pas les cookies, vous risquez de ne pas pouvoir utiliser certaines parties de notre service.<\/p><p>Exemples de Cookies que nous utilisons :<\/p><ol><li><h4><strong>Cookies de session.<\/strong><\/h4><p>Nous utilisons des cookies de session pour exploiter notre service.<\/p><\/li><li><h4><strong>Biscuits de pr\u00e9f\u00e9rence.<\/strong><\/h4><p>Nous utilisons des cookies de pr\u00e9f\u00e9rence pour m\u00e9moriser vos pr\u00e9f\u00e9rences et divers param\u00e8tres.<\/p><\/li><li><h4><strong>Cookies de s\u00e9curit\u00e9.<\/strong><\/h4><p>Nous utilisons des cookies de s\u00e9curit\u00e9 pour des raisons de s\u00e9curit\u00e9.<\/p><\/li><li><h4><strong>Utilisation des donn\u00e9es<\/strong><\/h4><ol><li>SWISS FINANCIERS INC. utilise les donn\u00e9es collect\u00e9es \u00e0 diverses fins :<\/li><li>Fournir et maintenir notre service<\/li><li>Pour vous informer des modifications apport\u00e9es \u00e0 notre service<\/li><li>Pour vous permettre de participer aux fonctions interactives de notre service lorsque vous le souhaitez<\/li><li>Fournir une assistance \u00e0 la client\u00e8le<\/li><li>Rassembler des analyses ou des informations utiles pour am\u00e9liorer notre service<\/li><li>Pour contr\u00f4ler l'utilisation de notre service<\/li><li>D\u00e9tecter, pr\u00e9venir et traiter les probl\u00e8mes techniques<\/li><li>vous fournir des nouvelles, des offres sp\u00e9ciales et des informations g\u00e9n\u00e9rales sur d'autres biens, services et \u00e9v\u00e9nements que nous proposons et qui sont similaires \u00e0 ceux que vous avez d\u00e9j\u00e0 achet\u00e9s ou demand\u00e9s, \u00e0 moins que vous n'ayez choisi de ne pas recevoir ces informations<\/li><\/ol><\/li><\/ol><h4>Base juridique pour le traitement des donn\u00e9es \u00e0 caract\u00e8re personnel en vertu du r\u00e8glement g\u00e9n\u00e9ral sur la protection des donn\u00e9es (RPD)<\/h4><ol><li>Si vous \u00eates originaire de l&#039;Espace \u00e9conomique europ\u00e9en (EEE), la base juridique de SWISS FINANCIERS INC. pour la collecte et l&#039;utilisation des informations personnelles d\u00e9crites dans la pr\u00e9sente politique de confidentialit\u00e9 d\u00e9pend des donn\u00e9es personnelles que nous collectons et du contexte sp\u00e9cifique dans lequel nous les collectons.<\/li><li>SWISS FINANCIERS INC. peut traiter vos donn\u00e9es personnelles parce que :<\/li><li>Nous devons ex\u00e9cuter un contrat avec vous<\/li><li>Vous nous avez donn\u00e9 l'autorisation de le faire<\/li><li>Le traitement est effectu\u00e9 dans notre int\u00e9r\u00eat l\u00e9gitime et vos droits ne l'emportent pas sur celui-ci<\/li><li>Pour le traitement des paiements<\/li><li>Pour se conformer \u00e0 la loi<\/li><li><strong>Conservation des donn\u00e9es<\/strong><\/li><li>SWISS FINANCIERS INC. ne conservera vos donn\u00e9es personnelles que le temps n\u00e9cessaire aux fins \u00e9nonc\u00e9es dans la pr\u00e9sente politique de confidentialit\u00e9. Nous conserverons et utiliserons vos donn\u00e9es personnelles dans la mesure n\u00e9cessaire pour nous conformer \u00e0 nos obligations l\u00e9gales (par exemple, si nous sommes tenus de conserver vos donn\u00e9es pour nous conformer aux lois applicables), r\u00e9soudre les litiges et appliquer nos accords et politiques juridiques.<\/li><\/ol><p>SWISS FINANCIERS INC. conservera \u00e9galement les donn\u00e9es d&#039;utilisation \u00e0 des fins d&#039;analyse interne. Les donn\u00e9es d&#039;utilisation sont g\u00e9n\u00e9ralement conserv\u00e9es pendant une p\u00e9riode plus courte, sauf lorsque ces donn\u00e9es sont utilis\u00e9es pour renforcer la s\u00e9curit\u00e9 ou pour am\u00e9liorer la fonctionnalit\u00e9 de notre service, ou si nous sommes l\u00e9galement tenus de conserver ces donn\u00e9es pendant des p\u00e9riodes plus longues.<\/p><h4><strong>Transfert de donn\u00e9es<\/strong><\/h4><ol><li>Vos informations, y compris les donn\u00e9es personnelles, peuvent \u00eatre transf\u00e9r\u00e9es vers - et conserv\u00e9es sur - des ordinateurs situ\u00e9s en dehors de votre \u00c9tat, province, pays ou autre juridiction gouvernementale o\u00f9 les lois sur la protection des donn\u00e9es peuvent diff\u00e9rer de celles de votre juridiction.<\/li><li>Si vous \u00eates situ\u00e9 hors de Suisse et que vous choisissez de nous fournir des informations, veuillez noter que nous transf\u00e9rons les donn\u00e9es, y compris les donn\u00e9es personnelles, en Suisse et que nous les traitons dans ce pays.<\/li><li>Votre consentement \u00e0 la pr\u00e9sente politique de confidentialit\u00e9, suivi de la communication de ces informations, repr\u00e9sente votre accord \u00e0 ce transfert.<\/li><li>SWISS FINANCIERS INC. prendra toutes les mesures raisonnablement n\u00e9cessaires pour s&#039;assurer que vos donn\u00e9es sont trait\u00e9es en toute s\u00e9curit\u00e9 et conform\u00e9ment \u00e0 la pr\u00e9sente politique de confidentialit\u00e9 et aucun transfert de vos donn\u00e9es personnelles n&#039;aura lieu vers une organisation ou un pays \u00e0 moins qu&#039;il n&#039;y ait des contr\u00f4les ad\u00e9quats en place, y compris la s\u00e9curit\u00e9 de vos donn\u00e9es et autres informations personnelles.<\/li><\/ol><h4><strong>Divulgation des donn\u00e9es<\/strong><\/h4><ol><li>Transaction commerciale<\/li><li>Si SWISS FINANCIERS INC. est impliqu\u00e9 dans une fusion, une acquisition ou une vente d&#039;actifs, vos donn\u00e9es personnelles peuvent \u00eatre transf\u00e9r\u00e9es. Nous vous aviserons avant que vos donn\u00e9es personnelles ne soient transf\u00e9r\u00e9es et soumises \u00e0 une politique de confidentialit\u00e9 diff\u00e9rente.<\/li><li>Divulgation pour les services r\u00e9pressifs<\/li><li>Dans certaines circonstances, SWISS FINANCIERS INC. peut \u00eatre tenue de divulguer vos donn\u00e9es personnelles si la loi l&#039;exige ou en r\u00e9ponse \u00e0 des demandes valables d&#039;autorit\u00e9s publiques (par exemple, un tribunal ou une agence gouvernementale).<\/li><\/ol><h3>Exigences l\u00e9gales<\/h3><ol><li>SWISS FINANCIERS INC. peut divulguer vos donn\u00e9es personnelles en croyant de bonne foi qu&#039;une telle action est n\u00e9cessaire pour\u00a0:<\/li><li>Pour se conformer \u00e0 une obligation l\u00e9gale<\/li><li>Pour prot\u00e9ger et d\u00e9fendre les droits ou la propri\u00e9t\u00e9 de SWISS FINANCIERS INC.<\/li><li>Pr\u00e9venir ou enqu\u00eater sur d'\u00e9ventuels actes r\u00e9pr\u00e9hensibles en rapport avec le Service<\/li><li>Pour prot\u00e9ger la s\u00e9curit\u00e9 personnelle des utilisateurs du service ou du public<\/li><li>Pour se prot\u00e9ger contre la responsabilit\u00e9 juridique<\/li><\/ol><h4>S\u00e9curit\u00e9 des donn\u00e9es<\/h4><p>La s\u00e9curit\u00e9 de vos donn\u00e9es est importante pour nous, mais n'oubliez pas qu'aucune m\u00e9thode de transmission sur Internet ou de stockage \u00e9lectronique n'est s\u00fbre \u00e0 100%. Bien que nous nous efforcions d'utiliser des moyens commercialement acceptables pour prot\u00e9ger vos donn\u00e9es personnelles, nous ne pouvons pas garantir leur s\u00e9curit\u00e9 absolue.<\/p><p>Notre politique sur les signaux \"Ne pas suivre\" dans le cadre de la loi californienne sur la protection en ligne (CalOPPA)<\/p><p>Nous ne soutenons pas l'initiative \"Ne pas suivre\" (\"DNT\"). Ne pas suivre est une pr\u00e9f\u00e9rence que vous pouvez d\u00e9finir dans votre navigateur web pour informer les sites web que vous ne voulez pas \u00eatre suivi.<\/p><p>Vous pouvez activer ou d\u00e9sactiver l'option Ne pas suivre en vous rendant sur la page Pr\u00e9f\u00e9rences ou Param\u00e8tres de votre navigateur web.<\/p><p>Vos droits en mati\u00e8re de protection des donn\u00e9es en vertu du r\u00e8glement g\u00e9n\u00e9ral sur la protection des donn\u00e9es (RGDP)<\/p><p>Si vous r\u00e9sidez dans l&#039;Espace \u00e9conomique europ\u00e9en (EEE), vous disposez de certains droits en mati\u00e8re de protection des donn\u00e9es. SWISS FINANCIERS INC. s&#039;efforce de prendre des mesures raisonnables pour vous permettre de corriger, modifier, supprimer ou limiter l&#039;utilisation de vos donn\u00e9es personnelles.<\/p><p>Si vous souhaitez \u00eatre inform\u00e9 des donn\u00e9es personnelles que nous d\u00e9tenons \u00e0 votre sujet et si vous souhaitez qu'elles soient supprim\u00e9es de nos syst\u00e8mes, veuillez nous contacter.<\/p><p>Dans certaines circonstances, vous disposez des droits suivants en mati\u00e8re de protection des donn\u00e9es :<\/p><h4><strong>Le droit d'acc\u00e9der, de mettre \u00e0 jour ou de supprimer les informations que nous d\u00e9tenons sur vous.<\/strong><\/h4><p>Dans la mesure du possible, vous pouvez acc\u00e9der, mettre \u00e0 jour ou demander la suppression de vos donn\u00e9es personnelles directement dans la section des param\u00e8tres de votre compte. Si vous n'\u00eates pas en mesure d'effectuer ces actions vous-m\u00eame, veuillez nous contacter pour vous aider.<\/p><ol><li><strong>Le droit de rectification.<\/strong> Vous avez le droit de faire rectifier vos informations si celles-ci sont inexactes ou incompl\u00e8tes.<\/li><li><strong>Le droit d'objection.<\/strong> Vous avez le droit de vous opposer au traitement de vos donn\u00e9es \u00e0 caract\u00e8re personnel.<\/li><li><strong>Le droit de restriction.<\/strong> Vous avez le droit de nous demander de limiter le traitement de vos informations personnelles.<\/li><li><strong>Le droit \u00e0 la portabilit\u00e9 des donn\u00e9es.<\/strong> Vous avez le droit de recevoir une copie des informations que nous avons sur vous dans un format structur\u00e9, lisible par machine et couramment utilis\u00e9.<\/li><li><strong>Le droit de retirer le consentement.<\/strong> Vous avez \u00e9galement le droit de retirer votre consentement \u00e0 tout moment lorsque SWISS FINANCIERS INC. s&#039;est appuy\u00e9 sur votre consentement pour traiter vos informations personnelles.<p>Veuillez noter que nous pouvons vous demander de v\u00e9rifier votre identit\u00e9 avant de r\u00e9pondre \u00e0 ces demandes.<\/p><\/li><li>Vous avez le droit de vous plaindre aupr\u00e8s d'une autorit\u00e9 de protection des donn\u00e9es concernant la collecte et l'utilisation de vos donn\u00e9es personnelles. Pour plus d'informations, veuillez contacter votre autorit\u00e9 locale de protection des donn\u00e9es dans l'Espace \u00e9conomique europ\u00e9en (EEE).<\/li><\/ol><h4><strong>Transaction commerciale<\/strong><\/h4><p>Si SWISS FINANCIERS INC. est impliqu\u00e9 dans une fusion, une acquisition ou une vente d&#039;actifs, vos donn\u00e9es personnelles peuvent \u00eatre transf\u00e9r\u00e9es. Nous vous aviserons avant que vos donn\u00e9es personnelles ne soient transf\u00e9r\u00e9es et soumises \u00e0 une politique de confidentialit\u00e9 diff\u00e9rente.<strong>\u00a0<\/strong><\/p><h4><strong>Divulgation pour les services r\u00e9pressifs<\/strong><\/h4><p>Dans certaines circonstances, SWISS FINANCIERS INC. peut \u00eatre tenu de divulguer vos donn\u00e9es personnelles si la loi l&#039;exige ou en r\u00e9ponse.<\/p><p>aux demandes valables des autorit\u00e9s publiques (par exemple, un tribunal ou une agence gouvernementale).<\/p><h4>LES PRESTATAIRES DE SERVICES<\/h4><p>Nous pouvons employer des soci\u00e9t\u00e9s et des individus tiers pour faciliter notre service (\"fournisseurs de services\"), fournir le service en notre nom, effectuer des services li\u00e9s au service ou nous aider \u00e0 analyser la mani\u00e8re dont notre service est utilis\u00e9.<\/p><p>Ces tiers ont acc\u00e8s \u00e0 vos donn\u00e9es personnelles uniquement pour effectuer ces t\u00e2ches en notre nom et sont tenus de ne pas les divulguer ou les utiliser \u00e0 d'autres fins.<\/p><h4>ANALYTIQUE<\/h4><p>Nous pouvons faire appel \u00e0 des fournisseurs de services tiers pour surveiller et analyser l'utilisation de notre service.<\/p><ol><li><strong>Google Analytics<\/strong><\/li><\/ol><p>Google Analytics est un service d'analyse web propos\u00e9 par Google qui suit et signale le trafic sur les sites web. Google utilise les donn\u00e9es collect\u00e9es pour suivre et contr\u00f4ler l'utilisation de notre service. Ces donn\u00e9es sont partag\u00e9es avec d'autres services de Google. Google peut utiliser les donn\u00e9es collect\u00e9es pour contextualiser et personnaliser les annonces de son propre r\u00e9seau publicitaire.<\/p><p>Vous pouvez refuser de mettre votre activit\u00e9 sur le service \u00e0 la disposition de Google Analytics en installant le module compl\u00e9mentaire du navigateur de refus de Google Analytics. Ce module compl\u00e9mentaire emp\u00eache le JavaScript de Google Analytics (ga.js, analytics.js et dc.js) de partager des informations avec Google Analytics sur l'activit\u00e9 des visites.<\/p><p>Pour plus d'informations sur les pratiques de Google en mati\u00e8re de confidentialit\u00e9, veuillez consulter la page Web de Google Privacy &amp; Terms : <a href=\"https:\/\/policies.google.com\/privacy?hl=en\">https:\/\/policies.google.com\/privacy?hl=en<\/a><\/p><ol start=\"2\"><li><strong>Paiements<\/strong><\/li><\/ol><p>Nous pouvons fournir des produits et\/ou des services payants dans le cadre du Service. Dans ce cas, nous utilisons des services tiers pour le traitement des paiements (par exemple, des processeurs de paiement).<\/p><p>Nous ne conserverons ni ne recueillerons les d\u00e9tails de votre carte de paiement. Ces informations sont fournies directement \u00e0 nos tiers charg\u00e9s du traitement des paiements, dont l'utilisation de vos informations personnelles est r\u00e9gie par leur politique de confidentialit\u00e9. Ces processeurs de paiement adh\u00e8rent aux normes \u00e9tablies par PCI-DSS telles que g\u00e9r\u00e9es par le Conseil des normes de s\u00e9curit\u00e9 PCI, qui est un effort conjoint de marques telles que Visa, MasterCard, American Express et Discover. Les exigences de la norme PCI-DSS contribuent \u00e0 garantir le traitement s\u00e9curis\u00e9 des informations de paiement. Nous pouvons utiliser un certain nombre de fournisseurs de solutions de paiement diff\u00e9rents tels que Paypal, Postfinance, Stripe et autres. Nous invitons les utilisateurs \u00e0 prendre connaissance de la politique de confidentialit\u00e9 de chacun d'entre eux.<\/p><h4><strong>\u00a0<\/strong>Liens vers d'autres sites<\/h4><p>Notre service peut contenir des liens vers d'autres sites qui ne sont pas exploit\u00e9s par nous. Si vous cliquez sur un lien d'un tiers, vous serez dirig\u00e9 vers le site de ce tiers. Nous vous conseillons vivement de consulter la politique de confidentialit\u00e9 de chaque site que vous visitez.<\/p><p>Nous n'avons aucun contr\u00f4le et n'assumons aucune responsabilit\u00e9 quant au contenu, aux politiques de confidentialit\u00e9 ou aux pratiques de tout site ou service tiers.<\/p><h4>LA VIE PRIV\u00c9E DES ENFANTS<\/h4><p>Notre service ne s'adresse pas aux personnes de moins de 18 ans (\"enfants\").<\/p><p>Nous ne recueillons pas sciemment d'informations permettant d'identifier une personne de moins de 18 ans. Si vous \u00eates un parent ou un tuteur et que vous savez que votre enfant nous a fourni des donn\u00e9es personnelles, veuillez nous contacter. Si nous apprenons que nous avons recueilli des donn\u00e9es personnelles aupr\u00e8s d'enfants sans v\u00e9rification du consentement parental, nous prenons des mesures pour supprimer ces informations de nos serveurs.<\/p><h4>LES MODIFICATIONS APPORT\u00c9ES \u00c0 CETTE POLITIQUE DE PROTECTION DE LA VIE PRIV\u00c9E<\/h4><p>Nous pouvons mettre \u00e0 jour notre politique de confidentialit\u00e9 de temps en temps. Nous vous informerons de tout changement en publiant la nouvelle politique de confidentialit\u00e9 sur cette page.<\/p><p>Nous vous informerons par courrier \u00e9lectronique et\/ou par un avis bien visible sur notre service, avant que le changement n'entre en vigueur et nous mettrons \u00e0 jour la \"date d'entr\u00e9e en vigueur\" en haut de la pr\u00e9sente politique de confidentialit\u00e9.<\/p><p>Il vous est conseill\u00e9 de consulter r\u00e9guli\u00e8rement la pr\u00e9sente politique de confidentialit\u00e9 pour prendre connaissance de toute modification. Les modifications apport\u00e9es \u00e0 la pr\u00e9sente politique de confidentialit\u00e9 entrent en vigueur d\u00e8s qu'elles sont publi\u00e9es sur cette page.<\/p><h4>CONTACTEZ-NOUS<\/h4><p>Si vous avez des questions concernant la pr\u00e9sente politique de confidentialit\u00e9, veuillez nous contacter par courrier \u00e9lectronique : <a href=\"mailto:info@swissfinanciers.ch\">info@swissfinanciers.c<\/a>om.<\/p>\t\t\t\t\t\t\t\t<\/div>\n\t\t\t\t<\/div>\n\t\t\t\t\t<\/div>\n\t\t<\/div>\n\t\t\t\t\t<\/div>\n\t\t<\/section>\n\t\t\t\t<\/div>","protected":false},"excerpt":{"rendered":"<p>POLITIQUE DE CONFIDENTIALIT\u00c9 SWISS FINANCIERS INC. (&quot;nous&quot;, &quot;nous&quot; ou &quot;notre&quot;) exploite le site Web https:\/\/www.swissfinanciers.com (ci-apr\u00e8s d\u00e9nomm\u00e9 le &quot;Service&quot;). Cette page vous informe de nos politiques concernant la collecte, l&#039;utilisation et la divulgation des donn\u00e9es personnelles lorsque vous utilisez notre Service et les choix que vous avez associ\u00e9s \u00e0 ces donn\u00e9es. Nous utilisons vos donn\u00e9es pour fournir\u2026 <a title=\"Politique de confidentialit\u00e9\" class=\"read-more\" href=\"https:\/\/swissfinanciers.com\/fr\/privacy-policy\/\" aria-label=\"En savoir plus sur Politique de confidentialit\u00e9\">Lire la suite<\/a><\/p>","protected":false},"author":1,"featured_media":0,"parent":0,"menu_order":1000,"comment_status":"closed","ping_status":"closed","template":"","meta":{"footnotes":""},"class_list":["post-3","page","type-page","status-publish"],"_links":{"self":[{"href":"https:\/\/swissfinanciers.com\/fr\/wp-json\/wp\/v2\/pages\/3","targetHints":{"allow":["GET"]}}],"collection":[{"href":"https:\/\/swissfinanciers.com\/fr\/wp-json\/wp\/v2\/pages"}],"about":[{"href":"https:\/\/swissfinanciers.com\/fr\/wp-json\/wp\/v2\/types\/page"}],"author":[{"embeddable":true,"href":"https:\/\/swissfinanciers.com\/fr\/wp-json\/wp\/v2\/users\/1"}],"replies":[{"embeddable":true,"href":"https:\/\/swissfinanciers.com\/fr\/wp-json\/wp\/v2\/comments?post=3"}],"version-history":[{"count":0,"href":"https:\/\/swissfinanciers.com\/fr\/wp-json\/wp\/v2\/pages\/3\/revisions"}],"wp:attachment":[{"href":"https:\/\/swissfinanciers.com\/fr\/wp-json\/wp\/v2\/media?parent=3"}],"curies":[{"name":"wp","href":"https:\/\/api.w.org\/{rel}","templated":true}]}}