{"id":2370,"date":"2020-05-10T21:49:25","date_gmt":"2020-05-10T21:49:25","guid":{"rendered":"https:\/\/swissfinanciers.com\/?page_id=2370"},"modified":"2022-08-12T17:11:58","modified_gmt":"2022-08-12T17:11:58","slug":"disclaimer","status":"publish","type":"page","link":"https:\/\/swissfinanciers.com\/fr\/disclaimer\/","title":{"rendered":"D\u00e9charge du Site Web"},"content":{"rendered":"<div data-elementor-type=\"wp-page\" data-elementor-id=\"2370\" class=\"elementor elementor-2370\" data-elementor-post-type=\"page\">\n\t\t\t\t\t\t<section class=\"elementor-section elementor-top-section elementor-element elementor-element-ae93913 elementor-section-stretched elementor-section-boxed elementor-section-height-default elementor-section-height-default\" data-id=\"ae93913\" data-element_type=\"section\" data-settings=\"{&quot;stretch_section&quot;:&quot;section-stretched&quot;}\">\n\t\t\t\t\t\t<div class=\"elementor-container elementor-column-gap-default\">\n\t\t\t\t\t<div class=\"elementor-column elementor-col-100 elementor-top-column elementor-element elementor-element-8de4f6d\" data-id=\"8de4f6d\" data-element_type=\"column\">\n\t\t\t<div class=\"elementor-widget-wrap elementor-element-populated\">\n\t\t\t\t\t\t<div class=\"elementor-element elementor-element-f24fc9a elementor-widget elementor-widget-text-editor\" data-id=\"f24fc9a\" data-element_type=\"widget\" data-widget_type=\"text-editor.default\">\n\t\t\t\t<div class=\"elementor-widget-container\">\n\t\t\t\t\t\t\t\t\t<p>Je reconnais, en confirmant ci-dessous, que ce Site s'adresse exclusivement \u00e0 <strong>des investisseurs accr\u00e9dit\u00e9s bas\u00e9s en dehors de la Suisse<\/strong>.<\/p><p>Avant de continuer, veuillez lire les INFORMATIONS JURIDIQUES ci-dessous relatives aux conditions d&#039;utilisation du site Web de Swiss Financiers Inc. (le \u00ab\u00a0Site\u00a0\u00bb)<\/p><p><strong>1. Acc\u00e8s au Site<\/strong><br \/>L'acc\u00e8s au Site n'est pas autoris\u00e9 aux personnes relevant d'une juridiction (par le biais de leur domicile, de leur nationalit\u00e9 ou de toute autre mani\u00e8re) dans laquelle sa publication ou sa disponibilit\u00e9 constituerait une violation des lois et r\u00e8glements en vigueur. En particulier, le Site s'adresse exclusivement \u00e0 <strong>des investisseurs accr\u00e9dit\u00e9s bas\u00e9s en dehors de la Suisse<\/strong>. Si vous n'\u00eates pas un investisseur accr\u00e9dit\u00e9 ou si vous relevez d'une telle juridiction, vous n'\u00eates pas autoris\u00e9 \u00e0 continuer et devez quitter le Site imm\u00e9diatement. Si vous ne tombez pas sous une telle juridiction, vous pouvez acc\u00e9der au Site apr\u00e8s avoir lu et accept\u00e9 les conditions et modalit\u00e9s suivantes.<\/p><p><strong>2. Aucune offre<\/strong><br \/>Les informations diffus\u00e9es sur le Site ne constituent pas une offre ou une recommandation de r\u00e9aliser ou de liquider un investissement ou d'effectuer toute autre transaction. Le Site Web et toute partie de son contenu ne sont pas destin\u00e9s \u00e0 \u00eatre une source de conseils ou d\u2019analyses juridiques, et les informations et\/ou documents contenus dans ce Site Web ne constituent pas des conseils d\u2019investissement ou des conseils juridiques. Toute d\u00e9cision d'investissement doit \u00eatre fond\u00e9e sur une analyse des risques (y compris toute cons\u00e9quence juridique, r\u00e9glementaire, fiscale ou autre) li\u00e9s \u00e0 l'investissement ainsi que sur les conseils pertinents et sp\u00e9cifiques d'un professionnel ind\u00e9pendant.<\/p><p><strong>3. Aucune garantie<\/strong><br \/>Les informations et opinions diffus\u00e9es sur le Site sont bas\u00e9es sur des informations publiques, des donn\u00e9es d\u00e9velopp\u00e9es en interne ainsi que d&#039;autres sources r\u00e9put\u00e9es fiables. Bien que Swiss Financiers Inc. se soit efforc\u00e9 d&#039;assurer que ces informations soient aussi exactes et compl\u00e8tes que possible au moment de leur publication, aucune garantie expresse ou tacite n&#039;est donn\u00e9e \u00e0 cet \u00e9gard. Le contenu du Site est susceptible d&#039;\u00eatre modifi\u00e9 \u00e0 tout moment et sans pr\u00e9avis.<\/p><p><strong>4. Fiscalit\u00e9<\/strong><br \/>Le traitement fiscal d\u00e9pend de la situation personnelle de chaque investisseur et peut \u00eatre sujet \u00e0 des changements. Avant de prendre toute d\u00e9cision d'investissement, il est recommand\u00e9 aux investisseurs de recourir aux conseils sp\u00e9cifiques d'un fiscaliste.<\/p><p><strong>5. Propri\u00e9t\u00e9 intellectuelle<\/strong><br \/>Sauf indication contraire, Swiss Financiers Inc. est propri\u00e9taire, ou titulaire des droits, de tous les \u00e9l\u00e9ments qui composent ce Site, notamment les donn\u00e9es, graphiques et dessins. Toute reproduction, repr\u00e9sentation, diffusion ou rediffusion totale ou partielle du contenu de ce Site par quelque proc\u00e9d\u00e9 que ce soit, sans l&#039;autorisation expresse et pr\u00e9alable de Swiss Financiers Inc. est interdite.<\/p><p><strong>6. Liens vers d'autres sites Web<\/strong><br \/>Ce site peut contenir des hyperliens vers d&#039;autres sites Web. La navigation vers ces liens s&#039;effectue \u00e0 vos risques et p\u00e9rils. Swiss Financiers Inc. d\u00e9cline toute responsabilit\u00e9 quant au contenu et aux \u00e9ventuels dommages caus\u00e9s lors de la visite des sites auxquels ce Site renvoie par des liens hypertextes. L&#039;utilisateur visite les autres sites sous sa propre responsabilit\u00e9 et \u00e0 ses risques et p\u00e9rils.<\/p><p><strong>7. Cookies<\/strong><br \/>Les utilisateurs sont inform\u00e9s que lors de leurs visites sur le Site, ils sont soumis \u00e0 nos conditions de confidentialit\u00e9. Vous pouvez trouver plus d'informations sur https:\/\/swissfinanciers.ch\/fr\/privacy-policy\/<\/p><p><strong>8. Termes et conditions<\/strong><br \/>En utilisant notre Site Web, vous acceptez par la pr\u00e9sente cette clause de non-responsabilit\u00e9 et nos conditions de confidentialit\u00e9 disponibles sur https:\/\/swissfinanciers.ch\/fr\/privacy-policy\/<\/p>\t\t\t\t\t\t\t\t<\/div>\n\t\t\t\t<\/div>\n\t\t\t\t\t<\/div>\n\t\t<\/div>\n\t\t\t\t\t<\/div>\n\t\t<\/section>\n\t\t\t\t<\/div>","protected":false},"excerpt":{"rendered":"<p>By confirming below, I acknowledge that this Site is aimed exclusively for accredited investor based outside of Switzerland. Before continuing, please read the LEGAL INFORMATION below relating to the terms of use of the Swiss Financiers Inc. website (the \u201cSite\u201d) 1. Access to the SiteAccess to the Site is not allowed to persons coming under &#8230; <a title=\"D\u00e9charge du Site Web\" class=\"read-more\" href=\"https:\/\/swissfinanciers.com\/fr\/disclaimer\/\" aria-label=\"En savoir plus sur Website Disclaimer\">Lire la suite<\/a><\/p>","protected":false},"author":1,"featured_media":0,"parent":0,"menu_order":99,"comment_status":"closed","ping_status":"closed","template":"","meta":{"footnotes":""},"class_list":["post-2370","page","type-page","status-publish"],"_links":{"self":[{"href":"https:\/\/swissfinanciers.com\/fr\/wp-json\/wp\/v2\/pages\/2370","targetHints":{"allow":["GET"]}}],"collection":[{"href":"https:\/\/swissfinanciers.com\/fr\/wp-json\/wp\/v2\/pages"}],"about":[{"href":"https:\/\/swissfinanciers.com\/fr\/wp-json\/wp\/v2\/types\/page"}],"author":[{"embeddable":true,"href":"https:\/\/swissfinanciers.com\/fr\/wp-json\/wp\/v2\/users\/1"}],"replies":[{"embeddable":true,"href":"https:\/\/swissfinanciers.com\/fr\/wp-json\/wp\/v2\/comments?post=2370"}],"version-history":[{"count":0,"href":"https:\/\/swissfinanciers.com\/fr\/wp-json\/wp\/v2\/pages\/2370\/revisions"}],"wp:attachment":[{"href":"https:\/\/swissfinanciers.com\/fr\/wp-json\/wp\/v2\/media?parent=2370"}],"curies":[{"name":"wp","href":"https:\/\/api.w.org\/{rel}","templated":true}]}}