{"id":17364,"date":"2021-03-20T15:37:29","date_gmt":"2021-03-20T15:37:29","guid":{"rendered":"https:\/\/swissfinanciers.com\/?page_id=17364"},"modified":"2021-03-31T14:07:50","modified_gmt":"2021-03-31T14:07:50","slug":"knowledge","status":"publish","type":"page","link":"https:\/\/swissfinanciers.com\/fr\/knowledge\/","title":{"rendered":"Connaissances"},"content":{"rendered":"<div data-elementor-type=\"wp-page\" data-elementor-id=\"17364\" class=\"elementor elementor-17364\" data-elementor-post-type=\"page\">\n\t\t\t\t\t\t<section class=\"elementor-section elementor-top-section elementor-element elementor-element-1515027 elementor-section-boxed elementor-section-height-default elementor-section-height-default\" data-id=\"1515027\" data-element_type=\"section\">\n\t\t\t\t\t\t<div class=\"elementor-container elementor-column-gap-default\">\n\t\t\t\t\t<div class=\"elementor-column elementor-col-100 elementor-top-column elementor-element elementor-element-37fd3bc\" data-id=\"37fd3bc\" data-element_type=\"column\">\n\t\t\t<div class=\"elementor-widget-wrap elementor-element-populated\">\n\t\t\t\t\t\t<div class=\"elementor-element elementor-element-40ed896 elementor-grid-3 elementor-grid-tablet-2 elementor-grid-mobile-1 elementor-posts--thumbnail-top elementor-card-shadow-yes elementor-posts__hover-gradient elementor-widget elementor-widget-posts\" data-id=\"40ed896\" data-element_type=\"widget\" data-settings=\"{&quot;pagination_type&quot;:&quot;numbers&quot;,&quot;cards_columns&quot;:&quot;3&quot;,&quot;cards_columns_tablet&quot;:&quot;2&quot;,&quot;cards_columns_mobile&quot;:&quot;1&quot;,&quot;cards_row_gap&quot;:{&quot;unit&quot;:&quot;px&quot;,&quot;size&quot;:35,&quot;sizes&quot;:[]},&quot;cards_row_gap_tablet&quot;:{&quot;unit&quot;:&quot;px&quot;,&quot;size&quot;:&quot;&quot;,&quot;sizes&quot;:[]},&quot;cards_row_gap_mobile&quot;:{&quot;unit&quot;:&quot;px&quot;,&quot;size&quot;:&quot;&quot;,&quot;sizes&quot;:[]}}\" data-widget_type=\"posts.cards\">\n\t\t\t\t<div class=\"elementor-widget-container\">\n\t\t\t\t\t\t\t<div class=\"elementor-posts-container elementor-posts elementor-posts--skin-cards elementor-grid\" role=\"list\">\n\t\t\t\t<article class=\"elementor-post elementor-grid-item post-17365 post type-post status-publish format-standard has-post-thumbnail hentry category-knowledge\" role=\"listitem\">\n\t\t\t<div class=\"elementor-post__card\">\n\t\t\t\t<a class=\"elementor-post__thumbnail__link\" href=\"https:\/\/swissfinanciers.com\/fr\/standard-documentation-of-a-securities-issuer\/\" tabindex=\"-1\" ><div class=\"elementor-post__thumbnail\"><img fetchpriority=\"high\" decoding=\"async\" width=\"1000\" height=\"642\" src=\"https:\/\/swissfinanciers.com\/wp-content\/uploads\/axyZszOBjM.jpg\" class=\"attachment-large size-large wp-image-18784\" alt=\"\" srcset=\"https:\/\/swissfinanciers.com\/wp-content\/uploads\/axyZszOBjM.jpg 1000w, https:\/\/swissfinanciers.com\/wp-content\/uploads\/axyZszOBjM-300x193.jpg 300w, https:\/\/swissfinanciers.com\/wp-content\/uploads\/axyZszOBjM-768x493.jpg 768w, https:\/\/swissfinanciers.com\/wp-content\/uploads\/axyZszOBjM-16x10.jpg 16w\" sizes=\"(max-width: 1000px) 100vw, 1000px\" \/><\/div><\/a>\n\t\t\t\t<div class=\"elementor-post__text\">\n\t\t\t\t<h3 class=\"elementor-post__title\">\n\t\t\t<a href=\"https:\/\/swissfinanciers.com\/fr\/standard-documentation-of-a-securities-issuer\/\" >\n\t\t\t\tDocumentation standard d'un \u00e9metteur de titres\t\t\t<\/a>\n\t\t<\/h3>\n\t\t\t\t<div class=\"elementor-post__excerpt\">\n\t\t\t<p>Apr\u00e8s avoir d\u00e9crit le principe de financement dans un article pr\u00e9c\u00e9dent, il est maintenant temps de d\u00e9crire la documentation standard d'un \u00e9metteur de titres, mais j'ai l'impression qu'il n'y a pas d'autre solution.<\/p>\n\t\t<\/div>\n\t\t\n\t\t<a class=\"elementor-post__read-more\" href=\"https:\/\/swissfinanciers.com\/fr\/standard-documentation-of-a-securities-issuer\/\" aria-label=\"En savoir plus sur Standard Documentation of a Securities Issuer\" tabindex=\"-1\" >\n\t\t\tLire plus \"\t\t<\/a>\n\n\t\t\t\t<\/div>\n\t\t\t\t\t<\/div>\n\t\t<\/article>\n\t\t\t\t<article class=\"elementor-post elementor-grid-item post-17406 post type-post status-publish format-standard has-post-thumbnail hentry category-knowledge\" role=\"listitem\">\n\t\t\t<div class=\"elementor-post__card\">\n\t\t\t\t<a class=\"elementor-post__thumbnail__link\" href=\"https:\/\/swissfinanciers.com\/fr\/financing\/\" tabindex=\"-1\" ><div class=\"elementor-post__thumbnail\"><img decoding=\"async\" width=\"1000\" height=\"563\" data-src=\"https:\/\/swissfinanciers.com\/wp-content\/uploads\/KbI43FOIL7.jpg\" class=\"attachment-large size-large wp-image-18806 lazyload\" alt=\"\" data-srcset=\"https:\/\/swissfinanciers.com\/wp-content\/uploads\/KbI43FOIL7.jpg 1000w, https:\/\/swissfinanciers.com\/wp-content\/uploads\/KbI43FOIL7-300x169.jpg 300w, https:\/\/swissfinanciers.com\/wp-content\/uploads\/KbI43FOIL7-768x432.jpg 768w, https:\/\/swissfinanciers.com\/wp-content\/uploads\/KbI43FOIL7-16x9.jpg 16w\" data-sizes=\"(max-width: 1000px) 100vw, 1000px\" src=\"data:image\/svg+xml;base64,PHN2ZyB3aWR0aD0iMSIgaGVpZ2h0PSIxIiB4bWxucz0iaHR0cDovL3d3dy53My5vcmcvMjAwMC9zdmciPjwvc3ZnPg==\" style=\"--smush-placeholder-width: 1000px; --smush-placeholder-aspect-ratio: 1000\/563;\" \/><\/div><\/a>\n\t\t\t\t<div class=\"elementor-post__text\">\n\t\t\t\t<h3 class=\"elementor-post__title\">\n\t\t\t<a href=\"https:\/\/swissfinanciers.com\/fr\/financing\/\" >\n\t\t\t\tFinancement\t\t\t<\/a>\n\t\t<\/h3>\n\t\t\t\t<div class=\"elementor-post__excerpt\">\n\t\t\t<p>D\u00e9rivant du mot Finance, la d\u00e9finition du mot Financement est donc l'Action de trouver des solutions \u00e0 r\u00e9aliser. Par extension, le plus<\/p>\n\t\t<\/div>\n\t\t\n\t\t<a class=\"elementor-post__read-more\" href=\"https:\/\/swissfinanciers.com\/fr\/financing\/\" aria-label=\"En savoir plus sur Financing\" tabindex=\"-1\" >\n\t\t\tLire plus \"\t\t<\/a>\n\n\t\t\t\t<\/div>\n\t\t\t\t\t<\/div>\n\t\t<\/article>\n\t\t\t\t<article class=\"elementor-post elementor-grid-item post-45714 post type-post status-publish format-standard has-post-thumbnail hentry category-knowledge\" role=\"listitem\">\n\t\t\t<div class=\"elementor-post__card\">\n\t\t\t\t<a class=\"elementor-post__thumbnail__link\" href=\"https:\/\/swissfinanciers.com\/fr\/considering-an-ipo\/\" tabindex=\"-1\" ><div class=\"elementor-post__thumbnail\"><img decoding=\"async\" width=\"800\" height=\"450\" data-src=\"https:\/\/swissfinanciers.com\/wp-content\/uploads\/considering-an-ipo-cost.jpg\" class=\"attachment-large size-large wp-image-45717 lazyload\" alt=\"\" data-srcset=\"https:\/\/swissfinanciers.com\/wp-content\/uploads\/considering-an-ipo-cost.jpg 800w, https:\/\/swissfinanciers.com\/wp-content\/uploads\/considering-an-ipo-cost-300x169.jpg 300w, https:\/\/swissfinanciers.com\/wp-content\/uploads\/considering-an-ipo-cost-768x432.jpg 768w, https:\/\/swissfinanciers.com\/wp-content\/uploads\/considering-an-ipo-cost-16x9.jpg 16w\" data-sizes=\"(max-width: 800px) 100vw, 800px\" src=\"data:image\/svg+xml;base64,PHN2ZyB3aWR0aD0iMSIgaGVpZ2h0PSIxIiB4bWxucz0iaHR0cDovL3d3dy53My5vcmcvMjAwMC9zdmciPjwvc3ZnPg==\" style=\"--smush-placeholder-width: 800px; --smush-placeholder-aspect-ratio: 800\/450;\" \/><\/div><\/a>\n\t\t\t\t<div class=\"elementor-post__text\">\n\t\t\t\t<h3 class=\"elementor-post__title\">\n\t\t\t<a href=\"https:\/\/swissfinanciers.com\/fr\/considering-an-ipo\/\" >\n\t\t\t\tVous envisagez une introduction en bourse ?\t\t\t<\/a>\n\t\t<\/h3>\n\t\t\t\t<div class=\"elementor-post__excerpt\">\n\t\t\t<p>Les introductions en bourse (IPO) donnent aux entreprises l'occasion de se r\u00e9inventer. Malgr\u00e9 la nature transformatrice d'une introduction en bourse, qui exige que plusieurs parties diff\u00e9rentes de l'entreprise travaillent ensemble...<\/p>\n\t\t<\/div>\n\t\t\n\t\t<a class=\"elementor-post__read-more\" href=\"https:\/\/swissfinanciers.com\/fr\/considering-an-ipo\/\" aria-label=\"En savoir plus sur Considering an IPO?\" tabindex=\"-1\" >\n\t\t\tLire plus \"\t\t<\/a>\n\n\t\t\t\t<\/div>\n\t\t\t\t\t<\/div>\n\t\t<\/article>\n\t\t\t\t<\/div>\n\t\t\n\t\t\t\t\t\t<\/div>\n\t\t\t\t<\/div>\n\t\t\t\t\t<\/div>\n\t\t<\/div>\n\t\t\t\t\t<\/div>\n\t\t<\/section>\n\t\t\t\t<\/div>","protected":false},"excerpt":{"rendered":"","protected":false},"author":1,"featured_media":0,"parent":0,"menu_order":6,"comment_status":"closed","ping_status":"closed","template":"","meta":{"footnotes":""},"class_list":["post-17364","page","type-page","status-publish","hentry"],"_links":{"self":[{"href":"https:\/\/swissfinanciers.com\/fr\/wp-json\/wp\/v2\/pages\/17364","targetHints":{"allow":["GET"]}}],"collection":[{"href":"https:\/\/swissfinanciers.com\/fr\/wp-json\/wp\/v2\/pages"}],"about":[{"href":"https:\/\/swissfinanciers.com\/fr\/wp-json\/wp\/v2\/types\/page"}],"author":[{"embeddable":true,"href":"https:\/\/swissfinanciers.com\/fr\/wp-json\/wp\/v2\/users\/1"}],"replies":[{"embeddable":true,"href":"https:\/\/swissfinanciers.com\/fr\/wp-json\/wp\/v2\/comments?post=17364"}],"version-history":[{"count":0,"href":"https:\/\/swissfinanciers.com\/fr\/wp-json\/wp\/v2\/pages\/17364\/revisions"}],"wp:attachment":[{"href":"https:\/\/swissfinanciers.com\/fr\/wp-json\/wp\/v2\/media?parent=17364"}],"curies":[{"name":"wp","href":"https:\/\/api.w.org\/{rel}","templated":true}]}}