{"id":9171,"date":"2021-01-28T13:36:59","date_gmt":"2021-01-28T13:36:59","guid":{"rendered":"https:\/\/swissfinanciers.com\/?page_id=9171"},"modified":"2021-04-12T09:46:16","modified_gmt":"2021-04-12T09:46:16","slug":"ipo-2","status":"publish","type":"page","link":"https:\/\/swissfinanciers.com\/es\/ipo-2\/","title":{"rendered":"OPI"},"content":{"rendered":"<div data-elementor-type=\"wp-page\" data-elementor-id=\"9171\" class=\"elementor elementor-9171\" data-elementor-post-type=\"page\">\n\t\t\t\t\t\t<section class=\"elementor-section elementor-top-section elementor-element elementor-element-95b0225 elementor-section-stretched elementor-section-boxed elementor-section-height-default elementor-section-height-default\" data-id=\"95b0225\" data-element_type=\"section\" data-settings=\"{&quot;stretch_section&quot;:&quot;section-stretched&quot;}\">\n\t\t\t\t\t\t<div class=\"elementor-container elementor-column-gap-default\">\n\t\t\t\t\t<div class=\"elementor-column elementor-col-100 elementor-top-column elementor-element elementor-element-dc13cb4\" data-id=\"dc13cb4\" data-element_type=\"column\" data-settings=\"{&quot;background_background&quot;:&quot;classic&quot;}\">\n\t\t\t<div class=\"elementor-widget-wrap elementor-element-populated\">\n\t\t\t\t\t\t<div class=\"elementor-element elementor-element-72f5ab0 elementor-grid-3 elementor-grid-tablet-2 elementor-grid-mobile-1 elementor-posts--thumbnail-top elementor-widget elementor-widget-posts\" data-id=\"72f5ab0\" data-element_type=\"widget\" data-settings=\"{&quot;classic_columns&quot;:&quot;3&quot;,&quot;classic_columns_tablet&quot;:&quot;2&quot;,&quot;classic_columns_mobile&quot;:&quot;1&quot;,&quot;classic_row_gap&quot;:{&quot;unit&quot;:&quot;px&quot;,&quot;size&quot;:35,&quot;sizes&quot;:[]},&quot;classic_row_gap_tablet&quot;:{&quot;unit&quot;:&quot;px&quot;,&quot;size&quot;:&quot;&quot;,&quot;sizes&quot;:[]},&quot;classic_row_gap_mobile&quot;:{&quot;unit&quot;:&quot;px&quot;,&quot;size&quot;:&quot;&quot;,&quot;sizes&quot;:[]}}\" data-widget_type=\"posts.classic\">\n\t\t\t\t<div class=\"elementor-widget-container\">\n\t\t\t\t\t\t\t<div class=\"elementor-posts-container elementor-posts elementor-posts--skin-classic elementor-grid\" role=\"list\">\n\t\t\t\t<article class=\"elementor-post elementor-grid-item post-3642 post type-post status-publish format-standard has-post-thumbnail hentry category-references\" role=\"listitem\">\n\t\t\t\t<a class=\"elementor-post__thumbnail__link\" href=\"https:\/\/swissfinanciers.com\/es\/intellectual-property-securities-corporation\/\" tabindex=\"-1\" >\n\t\t\t<div class=\"elementor-post__thumbnail\"><img fetchpriority=\"high\" decoding=\"async\" width=\"500\" height=\"500\" src=\"https:\/\/swissfinanciers.com\/wp-content\/uploads\/logo_ipse.jpg\" class=\"attachment-full size-full wp-image-6422\" alt=\"\" srcset=\"https:\/\/swissfinanciers.com\/wp-content\/uploads\/logo_ipse.jpg 500w, https:\/\/swissfinanciers.com\/wp-content\/uploads\/logo_ipse-300x300.jpg 300w, https:\/\/swissfinanciers.com\/wp-content\/uploads\/logo_ipse-150x150.jpg 150w, https:\/\/swissfinanciers.com\/wp-content\/uploads\/logo_ipse-12x12.jpg 12w\" sizes=\"(max-width: 500px) 100vw, 500px\" \/><\/div>\n\t\t<\/a>\n\t\t\t\t<div class=\"elementor-post__text\">\n\t\t\t\t<h3 class=\"elementor-post__title\">\n\t\t\t<a href=\"https:\/\/swissfinanciers.com\/es\/intellectual-property-securities-corporation\/\" >\n\t\t\t\tCorporaci\u00f3n de Valores de Propiedad Intelectual\t\t\t<\/a>\n\t\t<\/h3>\n\t\t\t\t<div class=\"elementor-post__excerpt\">\n\t\t\t<p>Cliente: IPSE<br \/>\nTipo de cliente: Financiamiento de IPO y cotizaci\u00f3n de IPO<br \/>\nPlazo de salida a bolsa: 12 a 24 meses<br \/>\nValoraci\u00f3n objetivo: $1 mil millones<br \/>\nIntellectual Property Securities Corp est\u00e1 especializada en la titulizaci\u00f3n de propiedad intelectual y ofrece un m\u00e9todo y un conjunto de herramientas innovadores y patentados para financiar cualquier forma de producci\u00f3n. Desde la producci\u00f3n musical hasta la distribuci\u00f3n y venta de entradas para espect\u00e1culos, cubrimos el ciclo de vida completo de tu valor a\u00f1adido.<\/p>\n\t\t<\/div>\n\t\t\n\t\t<a class=\"elementor-post__read-more\" href=\"https:\/\/swissfinanciers.com\/es\/intellectual-property-securities-corporation\/\" aria-label=\"M\u00e1s informaci\u00f3n sobre Intellectual Property Securities Corporation\" tabindex=\"-1\" >\n\t\t\tLeer m\u00e1s \"\t\t<\/a>\n\n\t\t\t\t<\/div>\n\t\t\t\t<\/article>\n\t\t\t\t<article class=\"elementor-post elementor-grid-item post-9081 post type-post status-publish format-standard has-post-thumbnail hentry category-references\" role=\"listitem\">\n\t\t\t\t<a class=\"elementor-post__thumbnail__link\" href=\"https:\/\/swissfinanciers.com\/es\/eiffel-international-corporation\/\" tabindex=\"-1\" >\n\t\t\t<div class=\"elementor-post__thumbnail\"><img decoding=\"async\" width=\"1290\" height=\"685\" data-src=\"https:\/\/swissfinanciers.com\/wp-content\/uploads\/\u0421\u043d\u0438\u043c\u043e\u043a-\u044d\u043a\u0440\u0430\u043d\u0430-2021-01-27-\u0432-15.43.35.png\" class=\"attachment-full size-full wp-image-9093 lazyload\" alt=\"\" data-srcset=\"https:\/\/swissfinanciers.com\/wp-content\/uploads\/\u0421\u043d\u0438\u043c\u043e\u043a-\u044d\u043a\u0440\u0430\u043d\u0430-2021-01-27-\u0432-15.43.35.png 1290w, https:\/\/swissfinanciers.com\/wp-content\/uploads\/\u0421\u043d\u0438\u043c\u043e\u043a-\u044d\u043a\u0440\u0430\u043d\u0430-2021-01-27-\u0432-15.43.35-300x159.png 300w, https:\/\/swissfinanciers.com\/wp-content\/uploads\/\u0421\u043d\u0438\u043c\u043e\u043a-\u044d\u043a\u0440\u0430\u043d\u0430-2021-01-27-\u0432-15.43.35-1024x544.png 1024w, https:\/\/swissfinanciers.com\/wp-content\/uploads\/\u0421\u043d\u0438\u043c\u043e\u043a-\u044d\u043a\u0440\u0430\u043d\u0430-2021-01-27-\u0432-15.43.35-768x408.png 768w, https:\/\/swissfinanciers.com\/wp-content\/uploads\/\u0421\u043d\u0438\u043c\u043e\u043a-\u044d\u043a\u0440\u0430\u043d\u0430-2021-01-27-\u0432-15.43.35-16x8.png 16w\" data-sizes=\"(max-width: 1290px) 100vw, 1290px\" src=\"data:image\/svg+xml;base64,PHN2ZyB3aWR0aD0iMSIgaGVpZ2h0PSIxIiB4bWxucz0iaHR0cDovL3d3dy53My5vcmcvMjAwMC9zdmciPjwvc3ZnPg==\" style=\"--smush-placeholder-width: 1290px; --smush-placeholder-aspect-ratio: 1290\/685;\" \/><\/div>\n\t\t<\/a>\n\t\t\t\t<div class=\"elementor-post__text\">\n\t\t\t\t<h3 class=\"elementor-post__title\">\n\t\t\t<a href=\"https:\/\/swissfinanciers.com\/es\/eiffel-international-corporation\/\" >\n\t\t\t\tCorporaci\u00f3n Internacional Eiffel\t\t\t<\/a>\n\t\t<\/h3>\n\t\t\t\t<div class=\"elementor-post__excerpt\">\n\t\t\t<p>Cliente: Eiffel International Corporation<br \/>\nTipo de cliente: Financiamiento de IPO y cotizaci\u00f3n de IPO<br \/>\nPlazo de salida a bolsa: 12 a 24 meses<br \/>\nValoraci\u00f3n objetivo: $20 mil millones<br \/>\nGustave Eiffel es la \u00fanica persona en la tierra que cre\u00f3 y construy\u00f3 2 monumentos del patrimonio mundial de la UNESCO. Eiffel Corporation promueve las t\u00e9cnicas, los conocimientos y la herencia de Eiffel en el mundo para crear el futuro. Eiffel Corporation es una entidad financiera que apoya proyectos a gran escala en todo el mundo en la encrucijada de la Construcci\u00f3n, la Arquitectura y el Urbanismo.<\/p>\n\t\t<\/div>\n\t\t\n\t\t<a class=\"elementor-post__read-more\" href=\"https:\/\/swissfinanciers.com\/es\/eiffel-international-corporation\/\" aria-label=\"M\u00e1s informaci\u00f3n sobre Eiffel International Corporation\" tabindex=\"-1\" >\n\t\t\tLeer m\u00e1s \"\t\t<\/a>\n\n\t\t\t\t<\/div>\n\t\t\t\t<\/article>\n\t\t\t\t<article class=\"elementor-post elementor-grid-item post-9088 post type-post status-publish format-standard has-post-thumbnail hentry category-references\" role=\"listitem\">\n\t\t\t\t<a class=\"elementor-post__thumbnail__link\" href=\"https:\/\/swissfinanciers.com\/es\/mobi-group\/\" tabindex=\"-1\" >\n\t\t\t<div class=\"elementor-post__thumbnail\"><img decoding=\"async\" width=\"1290\" height=\"640\" data-src=\"https:\/\/swissfinanciers.com\/wp-content\/uploads\/\u0421\u043d\u0438\u043c\u043e\u043a-\u044d\u043a\u0440\u0430\u043d\u0430-2021-01-29-\u0432-12.00.04.png\" class=\"attachment-full size-full wp-image-9344 lazyload\" alt=\"\" data-srcset=\"https:\/\/swissfinanciers.com\/wp-content\/uploads\/\u0421\u043d\u0438\u043c\u043e\u043a-\u044d\u043a\u0440\u0430\u043d\u0430-2021-01-29-\u0432-12.00.04.png 1290w, https:\/\/swissfinanciers.com\/wp-content\/uploads\/\u0421\u043d\u0438\u043c\u043e\u043a-\u044d\u043a\u0440\u0430\u043d\u0430-2021-01-29-\u0432-12.00.04-300x149.png 300w, https:\/\/swissfinanciers.com\/wp-content\/uploads\/\u0421\u043d\u0438\u043c\u043e\u043a-\u044d\u043a\u0440\u0430\u043d\u0430-2021-01-29-\u0432-12.00.04-1024x508.png 1024w, https:\/\/swissfinanciers.com\/wp-content\/uploads\/\u0421\u043d\u0438\u043c\u043e\u043a-\u044d\u043a\u0440\u0430\u043d\u0430-2021-01-29-\u0432-12.00.04-768x381.png 768w, https:\/\/swissfinanciers.com\/wp-content\/uploads\/\u0421\u043d\u0438\u043c\u043e\u043a-\u044d\u043a\u0440\u0430\u043d\u0430-2021-01-29-\u0432-12.00.04-16x8.png 16w\" data-sizes=\"(max-width: 1290px) 100vw, 1290px\" src=\"data:image\/svg+xml;base64,PHN2ZyB3aWR0aD0iMSIgaGVpZ2h0PSIxIiB4bWxucz0iaHR0cDovL3d3dy53My5vcmcvMjAwMC9zdmciPjwvc3ZnPg==\" style=\"--smush-placeholder-width: 1290px; --smush-placeholder-aspect-ratio: 1290\/640;\" \/><\/div>\n\t\t<\/a>\n\t\t\t\t<div class=\"elementor-post__text\">\n\t\t\t\t<h3 class=\"elementor-post__title\">\n\t\t\t<a href=\"https:\/\/swissfinanciers.com\/es\/mobi-group\/\" >\n\t\t\t\tMobiGrupo\t\t\t<\/a>\n\t\t<\/h3>\n\t\t\t\t<div class=\"elementor-post__excerpt\">\n\t\t\t<p>Cliente: Grupo Mobi<br \/>\nTipo de cliente: Financiamiento de IPO y cotizaci\u00f3n de IPO<br \/>\nPlazo de salida a bolsa: 12 a 24 meses<br \/>\nValoraci\u00f3n objetivo: $6 mil millones                                         <\/p>\n<p>MobiVAT Administraci\u00f3n tributaria es un conjunto de aplicaciones dise\u00f1adas para manejar todo el proceso de recaudaci\u00f3n del IVA de principio a fin. MobiVAT est\u00e1 dise\u00f1ado para extraer impuestos autom\u00e1ticamente en lugar de dejar el pago de impuestos a la elecci\u00f3n voluntaria y la moralidad de los contribuyentes. En general, los contribuyentes de todos los pa\u00edses no quieren pagar impuestos a menos que se vean obligados por una situaci\u00f3n en la que no les quede otra opci\u00f3n que pagar los impuestos. El elemento del importe del IVA se separa del pago del comprador y se remite electr\u00f3nicamente a la autoridad tributaria desde la cuenta bancaria del comprador.<\/p>\n\t\t<\/div>\n\t\t\n\t\t<a class=\"elementor-post__read-more\" href=\"https:\/\/swissfinanciers.com\/es\/mobi-group\/\" aria-label=\"M\u00e1s informaci\u00f3n sobre MobiGroup\" tabindex=\"-1\" >\n\t\t\tLeer m\u00e1s \"\t\t<\/a>\n\n\t\t\t\t<\/div>\n\t\t\t\t<\/article>\n\t\t\t\t<article class=\"elementor-post elementor-grid-item post-9112 post type-post status-publish format-standard has-post-thumbnail hentry category-references\" role=\"listitem\">\n\t\t\t\t<a class=\"elementor-post__thumbnail__link\" href=\"https:\/\/swissfinanciers.com\/es\/earth-sky-corporation\/\" tabindex=\"-1\" >\n\t\t\t<div class=\"elementor-post__thumbnail\"><img decoding=\"async\" width=\"1262\" height=\"638\" data-src=\"https:\/\/swissfinanciers.com\/wp-content\/uploads\/\u0421\u043d\u0438\u043c\u043e\u043a-\u044d\u043a\u0440\u0430\u043d\u0430-2021-01-28-\u0432-16.05.14.png\" class=\"attachment-full size-full wp-image-9221 lazyload\" alt=\"\" data-srcset=\"https:\/\/swissfinanciers.com\/wp-content\/uploads\/\u0421\u043d\u0438\u043c\u043e\u043a-\u044d\u043a\u0440\u0430\u043d\u0430-2021-01-28-\u0432-16.05.14.png 1262w, https:\/\/swissfinanciers.com\/wp-content\/uploads\/\u0421\u043d\u0438\u043c\u043e\u043a-\u044d\u043a\u0440\u0430\u043d\u0430-2021-01-28-\u0432-16.05.14-300x152.png 300w, https:\/\/swissfinanciers.com\/wp-content\/uploads\/\u0421\u043d\u0438\u043c\u043e\u043a-\u044d\u043a\u0440\u0430\u043d\u0430-2021-01-28-\u0432-16.05.14-1024x518.png 1024w, https:\/\/swissfinanciers.com\/wp-content\/uploads\/\u0421\u043d\u0438\u043c\u043e\u043a-\u044d\u043a\u0440\u0430\u043d\u0430-2021-01-28-\u0432-16.05.14-768x388.png 768w, https:\/\/swissfinanciers.com\/wp-content\/uploads\/\u0421\u043d\u0438\u043c\u043e\u043a-\u044d\u043a\u0440\u0430\u043d\u0430-2021-01-28-\u0432-16.05.14-16x8.png 16w\" data-sizes=\"(max-width: 1262px) 100vw, 1262px\" src=\"data:image\/svg+xml;base64,PHN2ZyB3aWR0aD0iMSIgaGVpZ2h0PSIxIiB4bWxucz0iaHR0cDovL3d3dy53My5vcmcvMjAwMC9zdmciPjwvc3ZnPg==\" style=\"--smush-placeholder-width: 1262px; --smush-placeholder-aspect-ratio: 1262\/638;\" \/><\/div>\n\t\t<\/a>\n\t\t\t\t<div class=\"elementor-post__text\">\n\t\t\t\t<h3 class=\"elementor-post__title\">\n\t\t\t<a href=\"https:\/\/swissfinanciers.com\/es\/earth-sky-corporation\/\" >\n\t\t\t\tCorporaci\u00f3n Tierra y Cielo\t\t\t<\/a>\n\t\t<\/h3>\n\t\t\t\t<div class=\"elementor-post__excerpt\">\n\t\t\t<p>Cliente: Corporaci\u00f3n Earth &amp; Sky<br \/>\nTipo de cliente: Financiamiento de IPO y cotizaci\u00f3n de IPO<br \/>\nPlazo de salida a bolsa: 12 a 24 meses<br \/>\nValoraci\u00f3n objetivo:-\u00a0<br \/>\nEarth &amp; Sky es la corporaci\u00f3n con sede en Marruecos que combina la producci\u00f3n de aceites esenciales con un hotel que brinda una amplia gama de servicios de bienestar, desde un chequeo completo a la llegada hasta la medicina tradicional china y un enfoque individual para cada hu\u00e9sped. Si antes los seguidores de los viajes de bienestar se centraban principalmente en la relajaci\u00f3n y el cuidado de su apariencia, ahora el enfoque se ha desplazado hacia la salud de los sistemas corporales. <\/p>\n\t\t<\/div>\n\t\t\n\t\t<a class=\"elementor-post__read-more\" href=\"https:\/\/swissfinanciers.com\/es\/earth-sky-corporation\/\" aria-label=\"M\u00e1s informaci\u00f3n sobre Earth &#038; Sky Corporation\" tabindex=\"-1\" >\n\t\t\tLeer m\u00e1s \"\t\t<\/a>\n\n\t\t\t\t<\/div>\n\t\t\t\t<\/article>\n\t\t\t\t<article class=\"elementor-post elementor-grid-item post-9125 post type-post status-publish format-standard has-post-thumbnail hentry category-references\" role=\"listitem\">\n\t\t\t\t<a class=\"elementor-post__thumbnail__link\" href=\"https:\/\/swissfinanciers.com\/es\/adreal\/\" tabindex=\"-1\" >\n\t\t\t<div class=\"elementor-post__thumbnail\"><img decoding=\"async\" width=\"1290\" height=\"721\" data-src=\"https:\/\/swissfinanciers.com\/wp-content\/uploads\/CHR_Corporation_2.png\" class=\"attachment-full size-full wp-image-80702 lazyload\" alt=\"\" data-srcset=\"https:\/\/swissfinanciers.com\/wp-content\/uploads\/CHR_Corporation_2.png 1290w, https:\/\/swissfinanciers.com\/wp-content\/uploads\/CHR_Corporation_2-300x168.png 300w, https:\/\/swissfinanciers.com\/wp-content\/uploads\/CHR_Corporation_2-1024x572.png 1024w, https:\/\/swissfinanciers.com\/wp-content\/uploads\/CHR_Corporation_2-768x429.png 768w, https:\/\/swissfinanciers.com\/wp-content\/uploads\/CHR_Corporation_2-1536x858.png 1536w, https:\/\/swissfinanciers.com\/wp-content\/uploads\/CHR_Corporation_2-2048x1144.png 2048w, https:\/\/swissfinanciers.com\/wp-content\/uploads\/CHR_Corporation_2-18x10.png 18w\" data-sizes=\"(max-width: 1290px) 100vw, 1290px\" src=\"data:image\/svg+xml;base64,PHN2ZyB3aWR0aD0iMSIgaGVpZ2h0PSIxIiB4bWxucz0iaHR0cDovL3d3dy53My5vcmcvMjAwMC9zdmciPjwvc3ZnPg==\" style=\"--smush-placeholder-width: 1290px; --smush-placeholder-aspect-ratio: 1290\/721;\" \/><\/div>\n\t\t<\/a>\n\t\t\t\t<div class=\"elementor-post__text\">\n\t\t\t\t<h3 class=\"elementor-post__title\">\n\t\t\t<a href=\"https:\/\/swissfinanciers.com\/es\/adreal\/\" >\n\t\t\t\tCorporaci\u00f3n CHR\t\t\t<\/a>\n\t\t<\/h3>\n\t\t\t\t<div class=\"elementor-post__excerpt\">\n\t\t\t<p>Cliente: CHR<br \/>\nTipo de cliente: Financiamiento de IPO y cotizaci\u00f3n de IPO<br \/>\nPlazo de salida a bolsa: 12 a 24 meses<br \/>\nValoraci\u00f3n objetivo:-\u00a0<br \/>\nCHR desarrolla proyectos inmobiliarios de gran envergadura hasta el \u00e9xito con la s\u00f3lida experiencia de su representante y una estrecha relaci\u00f3n con sus socios.<br \/>\nCHR fue fundada en julio de 2015 en el Estado de Delaware, Estados Unidos, para promover, buscar y financiar proyectos inmobiliarios.<\/p>\n<p>Para su primer proyecto, CHR est\u00e1 lanzando un proyecto de lujo residencial, comercial y Ocean Marina llamado \u201cNIKOLA\u201d en la costa adri\u00e1tica de Dalmacia en \u0160ibenik, Croacia.  <\/p>\n\t\t<\/div>\n\t\t\n\t\t<a class=\"elementor-post__read-more\" href=\"https:\/\/swissfinanciers.com\/es\/adreal\/\" aria-label=\"M\u00e1s informaci\u00f3n sobre CHR Corporation\" tabindex=\"-1\" >\n\t\t\tLeer m\u00e1s \"\t\t<\/a>\n\n\t\t\t\t<\/div>\n\t\t\t\t<\/article>\n\t\t\t\t<article class=\"elementor-post elementor-grid-item post-90336 post type-post status-publish format-standard has-post-thumbnail hentry category-references\" role=\"listitem\">\n\t\t\t\t<a class=\"elementor-post__thumbnail__link\" href=\"https:\/\/swissfinanciers.com\/es\/european-press-agency\/\" tabindex=\"-1\" >\n\t\t\t<div class=\"elementor-post__thumbnail\"><img decoding=\"async\" width=\"350\" height=\"350\" data-src=\"https:\/\/swissfinanciers.com\/wp-content\/uploads\/EUPA-Logo-Swiss-350.png.webp\" class=\"attachment-full size-full wp-image-90341 lazyload\" alt=\"\" data-srcset=\"https:\/\/swissfinanciers.com\/wp-content\/uploads\/EUPA-Logo-Swiss-350.png.webp 350w, https:\/\/swissfinanciers.com\/wp-content\/uploads\/EUPA-Logo-Swiss-350.png-300x300.webp 300w, https:\/\/swissfinanciers.com\/wp-content\/uploads\/EUPA-Logo-Swiss-350.png-150x150.webp 150w, https:\/\/swissfinanciers.com\/wp-content\/uploads\/EUPA-Logo-Swiss-350.png-12x12.webp 12w\" data-sizes=\"(max-width: 350px) 100vw, 350px\" src=\"data:image\/svg+xml;base64,PHN2ZyB3aWR0aD0iMSIgaGVpZ2h0PSIxIiB4bWxucz0iaHR0cDovL3d3dy53My5vcmcvMjAwMC9zdmciPjwvc3ZnPg==\" style=\"--smush-placeholder-width: 350px; --smush-placeholder-aspect-ratio: 350\/350;\" \/><\/div>\n\t\t<\/a>\n\t\t\t\t<div class=\"elementor-post__text\">\n\t\t\t\t<h3 class=\"elementor-post__title\">\n\t\t\t<a href=\"https:\/\/swissfinanciers.com\/es\/european-press-agency\/\" >\n\t\t\t\tAgencia de Prensa Europea\t\t\t<\/a>\n\t\t<\/h3>\n\t\t\t\t<div class=\"elementor-post__excerpt\">\n\t\t\t<p>Cliente: EUPA<br \/>\nTipo de cliente: Financiamiento de IPO y cotizaci\u00f3n de IPO<br \/>\nPlazo de salida a bolsa: 12 a 24 meses<br \/>\nValoraci\u00f3n objetivo:-\u00a0<br \/>\nLa primera agencia de prensa internacional verdaderamente dedicada a los creadores de contenido profesionales independientes:<br \/>\nperiodistas, reporteros, personas influyentes, presentadores de radio y televisi\u00f3n, podcasters y animadores de canales web<\/p>\n\t\t<\/div>\n\t\t\n\t\t<a class=\"elementor-post__read-more\" href=\"https:\/\/swissfinanciers.com\/es\/european-press-agency\/\" aria-label=\"M\u00e1s informaci\u00f3n sobre European Press Agency\" tabindex=\"-1\" >\n\t\t\tLeer m\u00e1s \"\t\t<\/a>\n\n\t\t\t\t<\/div>\n\t\t\t\t<\/article>\n\t\t\t\t<\/div>\n\t\t\n\t\t\t\t\t\t<\/div>\n\t\t\t\t<\/div>\n\t\t\t\t\t<\/div>\n\t\t<\/div>\n\t\t\t\t\t<\/div>\n\t\t<\/section>\n\t\t\t\t<section class=\"elementor-section elementor-top-section elementor-element elementor-element-3467680 elementor-section-stretched elementor-section-height-min-height elementor-section-boxed elementor-section-height-default elementor-section-items-middle\" data-id=\"3467680\" data-element_type=\"section\" data-settings=\"{&quot;stretch_section&quot;:&quot;section-stretched&quot;}\">\n\t\t\t\t\t\t<div class=\"elementor-container elementor-column-gap-default\">\n\t\t\t\t\t<div class=\"elementor-column elementor-col-100 elementor-top-column elementor-element elementor-element-6a360f2\" data-id=\"6a360f2\" data-element_type=\"column\" data-settings=\"{&quot;background_background&quot;:&quot;classic&quot;}\">\n\t\t\t<div class=\"elementor-widget-wrap elementor-element-populated\">\n\t\t\t\t\t\t<div class=\"elementor-element elementor-element-3da1f53 elementor-align-center elementor-widget elementor-widget-button\" data-id=\"3da1f53\" data-element_type=\"widget\" data-widget_type=\"button.default\">\n\t\t\t\t<div class=\"elementor-widget-container\">\n\t\t\t\t\t\t\t\t\t<div class=\"elementor-button-wrapper\">\n\t\t\t\t\t<a class=\"elementor-button elementor-button-link elementor-size-sm\" href=\"\/es\/spacs\/\">\n\t\t\t\t\t\t<span class=\"elementor-button-content-wrapper\">\n\t\t\t\t\t\t\t\t\t<span class=\"elementor-button-text\">consulte nuestras referencias de SPAC<\/span>\n\t\t\t\t\t<\/span>\n\t\t\t\t\t<\/a>\n\t\t\t\t<\/div>\n\t\t\t\t\t\t\t\t<\/div>\n\t\t\t\t<\/div>\n\t\t\t\t\t<\/div>\n\t\t<\/div>\n\t\t\t\t\t<\/div>\n\t\t<\/section>\n\t\t\t\t<\/div>","protected":false},"excerpt":{"rendered":"<p>consulte nuestras referencias de SPAC<\/p>","protected":false},"author":19,"featured_media":0,"parent":0,"menu_order":25,"comment_status":"closed","ping_status":"closed","template":"","meta":{"footnotes":""},"class_list":["post-9171","page","type-page","status-publish","hentry"],"_links":{"self":[{"href":"https:\/\/swissfinanciers.com\/es\/wp-json\/wp\/v2\/pages\/9171","targetHints":{"allow":["GET"]}}],"collection":[{"href":"https:\/\/swissfinanciers.com\/es\/wp-json\/wp\/v2\/pages"}],"about":[{"href":"https:\/\/swissfinanciers.com\/es\/wp-json\/wp\/v2\/types\/page"}],"author":[{"embeddable":true,"href":"https:\/\/swissfinanciers.com\/es\/wp-json\/wp\/v2\/users\/19"}],"replies":[{"embeddable":true,"href":"https:\/\/swissfinanciers.com\/es\/wp-json\/wp\/v2\/comments?post=9171"}],"version-history":[{"count":0,"href":"https:\/\/swissfinanciers.com\/es\/wp-json\/wp\/v2\/pages\/9171\/revisions"}],"wp:attachment":[{"href":"https:\/\/swissfinanciers.com\/es\/wp-json\/wp\/v2\/media?parent=9171"}],"curies":[{"name":"wp","href":"https:\/\/api.w.org\/{rel}","templated":true}]}}