{"id":79263,"date":"2022-01-14T09:02:26","date_gmt":"2022-01-14T09:02:26","guid":{"rendered":"https:\/\/swissfinanciers.com\/?page_id=79263"},"modified":"2022-06-27T09:06:08","modified_gmt":"2022-06-27T09:06:08","slug":"books","status":"publish","type":"page","link":"https:\/\/swissfinanciers.com\/es\/books\/","title":{"rendered":"Libros"},"content":{"rendered":"<div data-elementor-type=\"wp-page\" data-elementor-id=\"79263\" class=\"elementor elementor-79263\" data-elementor-post-type=\"page\">\n\t\t\t\t\t\t<section class=\"elementor-section elementor-top-section elementor-element elementor-element-1515027 elementor-section-stretched elementor-section-boxed elementor-section-height-default elementor-section-height-default\" data-id=\"1515027\" data-element_type=\"section\" data-settings=\"{&quot;stretch_section&quot;:&quot;section-stretched&quot;}\">\n\t\t\t\t\t\t<div class=\"elementor-container elementor-column-gap-default\">\n\t\t\t\t\t<div class=\"elementor-column elementor-col-100 elementor-top-column elementor-element elementor-element-37fd3bc\" data-id=\"37fd3bc\" data-element_type=\"column\">\n\t\t\t<div class=\"elementor-widget-wrap elementor-element-populated\">\n\t\t\t\t\t\t<div class=\"elementor-element elementor-element-40ed896 elementor-grid-4 elementor-posts__hover-none elementor-grid-tablet-2 elementor-grid-mobile-1 elementor-posts--thumbnail-top elementor-widget elementor-widget-posts\" data-id=\"40ed896\" data-element_type=\"widget\" data-settings=\"{&quot;pagination_type&quot;:&quot;numbers&quot;,&quot;cards_columns&quot;:&quot;4&quot;,&quot;cards_row_gap&quot;:{&quot;unit&quot;:&quot;px&quot;,&quot;size&quot;:20,&quot;sizes&quot;:[]},&quot;cards_columns_tablet&quot;:&quot;2&quot;,&quot;cards_columns_mobile&quot;:&quot;1&quot;,&quot;cards_row_gap_tablet&quot;:{&quot;unit&quot;:&quot;px&quot;,&quot;size&quot;:&quot;&quot;,&quot;sizes&quot;:[]},&quot;cards_row_gap_mobile&quot;:{&quot;unit&quot;:&quot;px&quot;,&quot;size&quot;:&quot;&quot;,&quot;sizes&quot;:[]}}\" data-widget_type=\"posts.cards\">\n\t\t\t\t<div class=\"elementor-widget-container\">\n\t\t\t\t\t\t\t<div class=\"elementor-posts-container elementor-posts elementor-posts--skin-cards elementor-grid\" role=\"list\">\n\t\t\t\t<article class=\"elementor-post elementor-grid-item post-78889 post type-post status-publish format-standard has-post-thumbnail hentry category-books\" role=\"listitem\">\n\t\t\t<div class=\"elementor-post__card\">\n\t\t\t\t<a class=\"elementor-post__thumbnail__link\" href=\"https:\/\/swissfinanciers.com\/es\/ipology\/\" tabindex=\"-1\" ><div class=\"elementor-post__thumbnail\"><img fetchpriority=\"high\" decoding=\"async\" width=\"640\" height=\"1024\" src=\"https:\/\/swissfinanciers.com\/wp-content\/uploads\/OnePageBookCoverImage-640x1024.jpg\" class=\"attachment-large size-large wp-image-78866\" alt=\"\" srcset=\"https:\/\/swissfinanciers.com\/wp-content\/uploads\/OnePageBookCoverImage-640x1024.jpg 640w, https:\/\/swissfinanciers.com\/wp-content\/uploads\/OnePageBookCoverImage-187x300.jpg 187w, https:\/\/swissfinanciers.com\/wp-content\/uploads\/OnePageBookCoverImage-768x1229.jpg 768w, https:\/\/swissfinanciers.com\/wp-content\/uploads\/OnePageBookCoverImage-7x12.jpg 7w, https:\/\/swissfinanciers.com\/wp-content\/uploads\/OnePageBookCoverImage-scaled.jpg 500w\" sizes=\"(max-width: 640px) 100vw, 640px\" \/><\/div><\/a>\n\t\t\t\t<div class=\"elementor-post__text\">\n\t\t\t\t<h3 class=\"elementor-post__title\">\n\t\t\t<a href=\"https:\/\/swissfinanciers.com\/es\/ipology\/\" >\n\t\t\t\tIPOLOG\u00cdA\t\t\t<\/a>\n\t\t<\/h3>\n\t\t\t\t<div class=\"elementor-post__excerpt\">\n\t\t\t<p>La Ciencia de la Oferta P\u00fablica Inicial La IPO \u2013 Oferta P\u00fablica Inicial es la transacci\u00f3n financiera m\u00e1s compleja ya que involucra conocimientos en finanzas,<\/p>\n\t\t<\/div>\n\t\t\n\t\t<a class=\"elementor-post__read-more\" href=\"https:\/\/swissfinanciers.com\/es\/ipology\/\" aria-label=\"M\u00e1s informaci\u00f3n sobre IPOLOGY\" tabindex=\"-1\" >\n\t\t\tLeer m\u00e1s \"\t\t<\/a>\n\n\t\t\t\t<\/div>\n\t\t\t\t\t<\/div>\n\t\t<\/article>\n\t\t\t\t<article class=\"elementor-post elementor-grid-item post-79319 post type-post status-publish format-standard has-post-thumbnail hentry category-books\" role=\"listitem\">\n\t\t\t<div class=\"elementor-post__card\">\n\t\t\t\t<a class=\"elementor-post__thumbnail__link\" href=\"https:\/\/swissfinanciers.com\/es\/intellectual-property-securitization\/\" tabindex=\"-1\" ><div class=\"elementor-post__thumbnail\"><img decoding=\"async\" width=\"680\" height=\"1024\" data-src=\"https:\/\/swissfinanciers.com\/wp-content\/uploads\/IPS_Book_Cover-680x1024.jpg\" class=\"attachment-large size-large wp-image-79327 lazyload\" alt=\"\" data-srcset=\"https:\/\/swissfinanciers.com\/wp-content\/uploads\/IPS_Book_Cover-680x1024.jpg 680w, https:\/\/swissfinanciers.com\/wp-content\/uploads\/IPS_Book_Cover-199x300.jpg 199w, https:\/\/swissfinanciers.com\/wp-content\/uploads\/IPS_Book_Cover-768x1156.jpg 768w, https:\/\/swissfinanciers.com\/wp-content\/uploads\/IPS_Book_Cover-1020x1536.jpg 1020w, https:\/\/swissfinanciers.com\/wp-content\/uploads\/IPS_Book_Cover-1360x2048.jpg 1360w, https:\/\/swissfinanciers.com\/wp-content\/uploads\/IPS_Book_Cover-8x12.jpg 8w, https:\/\/swissfinanciers.com\/wp-content\/uploads\/IPS_Book_Cover-scaled.jpg 531w\" data-sizes=\"(max-width: 680px) 100vw, 680px\" src=\"data:image\/svg+xml;base64,PHN2ZyB3aWR0aD0iMSIgaGVpZ2h0PSIxIiB4bWxucz0iaHR0cDovL3d3dy53My5vcmcvMjAwMC9zdmciPjwvc3ZnPg==\" style=\"--smush-placeholder-width: 680px; --smush-placeholder-aspect-ratio: 680\/1024;\" \/><\/div><\/a>\n\t\t\t\t<div class=\"elementor-post__text\">\n\t\t\t\t<h3 class=\"elementor-post__title\">\n\t\t\t<a href=\"https:\/\/swissfinanciers.com\/es\/intellectual-property-securitization\/\" >\n\t\t\t\tTitulizaci\u00f3n de Propiedad Intelectual\t\t\t<\/a>\n\t\t<\/h3>\n\t\t\t\t<div class=\"elementor-post__excerpt\">\n\t\t\t<p>Valores de propiedad intelectual (IPLOG\u00cdA Libro 1) Imagine la posibilidad de invertir selectivamente en un aspecto de una empresa, como una sola pel\u00edcula, canci\u00f3n, libro,<\/p>\n\t\t<\/div>\n\t\t\n\t\t<a class=\"elementor-post__read-more\" href=\"https:\/\/swissfinanciers.com\/es\/intellectual-property-securitization\/\" aria-label=\"M\u00e1s informaci\u00f3n sobre Intellectual Property Securitization\" tabindex=\"-1\" >\n\t\t\tLeer m\u00e1s \"\t\t<\/a>\n\n\t\t\t\t<\/div>\n\t\t\t\t\t<\/div>\n\t\t<\/article>\n\t\t\t\t<article class=\"elementor-post elementor-grid-item post-79340 post type-post status-publish format-standard has-post-thumbnail hentry category-books\" role=\"listitem\">\n\t\t\t<div class=\"elementor-post__card\">\n\t\t\t\t<a class=\"elementor-post__thumbnail__link\" href=\"https:\/\/swissfinanciers.com\/es\/ipo-your-spac\/\" tabindex=\"-1\" ><div class=\"elementor-post__thumbnail\"><img decoding=\"async\" width=\"730\" height=\"1024\" data-src=\"https:\/\/swissfinanciers.com\/wp-content\/uploads\/IPO_Spac_Book-730x1024.jpg\" class=\"attachment-large size-large wp-image-79343 lazyload\" alt=\"\" data-srcset=\"https:\/\/swissfinanciers.com\/wp-content\/uploads\/IPO_Spac_Book-730x1024.jpg 730w, https:\/\/swissfinanciers.com\/wp-content\/uploads\/IPO_Spac_Book-214x300.jpg 214w, https:\/\/swissfinanciers.com\/wp-content\/uploads\/IPO_Spac_Book-768x1077.jpg 768w, https:\/\/swissfinanciers.com\/wp-content\/uploads\/IPO_Spac_Book-1095x1536.jpg 1095w, https:\/\/swissfinanciers.com\/wp-content\/uploads\/IPO_Spac_Book-1460x2048.jpg 1460w, https:\/\/swissfinanciers.com\/wp-content\/uploads\/IPO_Spac_Book-9x12.jpg 9w, https:\/\/swissfinanciers.com\/wp-content\/uploads\/IPO_Spac_Book-scaled.jpg 570w\" data-sizes=\"(max-width: 730px) 100vw, 730px\" src=\"data:image\/svg+xml;base64,PHN2ZyB3aWR0aD0iMSIgaGVpZ2h0PSIxIiB4bWxucz0iaHR0cDovL3d3dy53My5vcmcvMjAwMC9zdmciPjwvc3ZnPg==\" style=\"--smush-placeholder-width: 730px; --smush-placeholder-aspect-ratio: 730\/1024;\" \/><\/div><\/a>\n\t\t\t\t<div class=\"elementor-post__text\">\n\t\t\t\t<h3 class=\"elementor-post__title\">\n\t\t\t<a href=\"https:\/\/swissfinanciers.com\/es\/ipo-your-spac\/\" >\n\t\t\t\tIpo tu espacio!\t\t\t<\/a>\n\t\t<\/h3>\n\t\t\t\t<div class=\"elementor-post__excerpt\">\n\t\t\t<p>La gu\u00eda paso a paso para financiar su empresa de adquisici\u00f3n de prop\u00f3sito especial Esta es una gu\u00eda pr\u00e1ctica para la oferta p\u00fablica inicial de una SPAC en Wall St. Un prop\u00f3sito especial<\/p>\n\t\t<\/div>\n\t\t\n\t\t<a class=\"elementor-post__read-more\" href=\"https:\/\/swissfinanciers.com\/es\/ipo-your-spac\/\" aria-label=\"M\u00e1s informaci\u00f3n sobre Ipo Your Spac !\" tabindex=\"-1\" >\n\t\t\tLeer m\u00e1s \"\t\t<\/a>\n\n\t\t\t\t<\/div>\n\t\t\t\t\t<\/div>\n\t\t<\/article>\n\t\t\t\t<article class=\"elementor-post elementor-grid-item post-79403 post type-post status-publish format-standard has-post-thumbnail hentry category-books\" role=\"listitem\">\n\t\t\t<div class=\"elementor-post__card\">\n\t\t\t\t<a class=\"elementor-post__thumbnail__link\" href=\"https:\/\/swissfinanciers.com\/es\/finance-world-i\/\" tabindex=\"-1\" ><div class=\"elementor-post__thumbnail\"><img decoding=\"async\" width=\"683\" height=\"1024\" data-src=\"https:\/\/swissfinanciers.com\/wp-content\/uploads\/Finance_World_ebook-683x1024.png\" class=\"attachment-large size-large wp-image-79408 lazyload\" alt=\"\" data-srcset=\"https:\/\/swissfinanciers.com\/wp-content\/uploads\/Finance_World_ebook-683x1024.png 683w, https:\/\/swissfinanciers.com\/wp-content\/uploads\/Finance_World_ebook-200x300.png 200w, https:\/\/swissfinanciers.com\/wp-content\/uploads\/Finance_World_ebook-768x1152.png 768w, https:\/\/swissfinanciers.com\/wp-content\/uploads\/Finance_World_ebook-1024x1536.png 1024w, https:\/\/swissfinanciers.com\/wp-content\/uploads\/Finance_World_ebook-1365x2048.png 1365w, https:\/\/swissfinanciers.com\/wp-content\/uploads\/Finance_World_ebook-8x12.png 8w, https:\/\/swissfinanciers.com\/wp-content\/uploads\/Finance_World_ebook.png 533w\" data-sizes=\"(max-width: 683px) 100vw, 683px\" src=\"data:image\/svg+xml;base64,PHN2ZyB3aWR0aD0iMSIgaGVpZ2h0PSIxIiB4bWxucz0iaHR0cDovL3d3dy53My5vcmcvMjAwMC9zdmciPjwvc3ZnPg==\" style=\"--smush-placeholder-width: 683px; --smush-placeholder-aspect-ratio: 683\/1024;\" \/><\/div><\/a>\n\t\t\t\t<div class=\"elementor-post__text\">\n\t\t\t\t<h3 class=\"elementor-post__title\">\n\t\t\t<a href=\"https:\/\/swissfinanciers.com\/es\/finance-world-i\/\" >\n\t\t\t\tMundo de las finanzas I\t\t\t<\/a>\n\t\t<\/h3>\n\t\t\t\t<div class=\"elementor-post__excerpt\">\n\t\t\t<p>Pr\u00e9histoire D\u00e9finitions Concepts \u201cFinance World I\u201d es el primer tomo de la trilog\u00eda de Marc Ren\u00e9 Deschenaux donnant un aper\u00e7u du monde financier. Il \u00e9nonce<\/p>\n\t\t<\/div>\n\t\t\n\t\t<a class=\"elementor-post__read-more\" href=\"https:\/\/swissfinanciers.com\/es\/finance-world-i\/\" aria-label=\"M\u00e1s informaci\u00f3n sobre Finance World I\" tabindex=\"-1\" >\n\t\t\tLeer m\u00e1s \"\t\t<\/a>\n\n\t\t\t\t<\/div>\n\t\t\t\t\t<\/div>\n\t\t<\/article>\n\t\t\t\t<article class=\"elementor-post elementor-grid-item post-79418 post type-post status-publish format-standard has-post-thumbnail hentry category-books\" role=\"listitem\">\n\t\t\t<div class=\"elementor-post__card\">\n\t\t\t\t<a class=\"elementor-post__thumbnail__link\" href=\"https:\/\/swissfinanciers.com\/es\/initial-public-offering\/\" tabindex=\"-1\" ><div class=\"elementor-post__thumbnail\"><img decoding=\"async\" width=\"640\" height=\"1024\" data-src=\"https:\/\/swissfinanciers.com\/wp-content\/uploads\/IPO_Book_Cover-640x1024.jpg\" class=\"attachment-large size-large wp-image-79423 lazyload\" alt=\"\" data-srcset=\"https:\/\/swissfinanciers.com\/wp-content\/uploads\/IPO_Book_Cover-640x1024.jpg 640w, https:\/\/swissfinanciers.com\/wp-content\/uploads\/IPO_Book_Cover-188x300.jpg 188w, https:\/\/swissfinanciers.com\/wp-content\/uploads\/IPO_Book_Cover-768x1229.jpg 768w, https:\/\/swissfinanciers.com\/wp-content\/uploads\/IPO_Book_Cover-960x1536.jpg 960w, https:\/\/swissfinanciers.com\/wp-content\/uploads\/IPO_Book_Cover-1280x2048.jpg 1280w, https:\/\/swissfinanciers.com\/wp-content\/uploads\/IPO_Book_Cover-8x12.jpg 8w, https:\/\/swissfinanciers.com\/wp-content\/uploads\/IPO_Book_Cover-scaled.jpg 500w\" data-sizes=\"(max-width: 640px) 100vw, 640px\" src=\"data:image\/svg+xml;base64,PHN2ZyB3aWR0aD0iMSIgaGVpZ2h0PSIxIiB4bWxucz0iaHR0cDovL3d3dy53My5vcmcvMjAwMC9zdmciPjwvc3ZnPg==\" style=\"--smush-placeholder-width: 640px; --smush-placeholder-aspect-ratio: 640\/1024;\" \/><\/div><\/a>\n\t\t\t\t<div class=\"elementor-post__text\">\n\t\t\t\t<h3 class=\"elementor-post__title\">\n\t\t\t<a href=\"https:\/\/swissfinanciers.com\/es\/initial-public-offering\/\" >\n\t\t\t\tOferta p\u00fablica inicial\t\t\t<\/a>\n\t\t<\/h3>\n\t\t\t\t<div class=\"elementor-post__excerpt\">\n\t\t\t<p>Introducci\u00f3n a la OPI en Wall St La OPI (oferta p\u00fablica inicial) es una de las transacciones financieras m\u00e1s complejas. Comprender el proceso<\/p>\n\t\t<\/div>\n\t\t\n\t\t<a class=\"elementor-post__read-more\" href=\"https:\/\/swissfinanciers.com\/es\/initial-public-offering\/\" aria-label=\"M\u00e1s informaci\u00f3n sobre Initial Public Offering\" tabindex=\"-1\" >\n\t\t\tLeer m\u00e1s \"\t\t<\/a>\n\n\t\t\t\t<\/div>\n\t\t\t\t\t<\/div>\n\t\t<\/article>\n\t\t\t\t<article class=\"elementor-post elementor-grid-item post-83246 post type-post status-publish format-standard has-post-thumbnail hentry category-books\" role=\"listitem\">\n\t\t\t<div class=\"elementor-post__card\">\n\t\t\t\t<a class=\"elementor-post__thumbnail__link\" href=\"https:\/\/swissfinanciers.com\/es\/intellectual-property-securitization-2nd-edition\/\" tabindex=\"-1\" ><div class=\"elementor-post__thumbnail\"><img decoding=\"async\" width=\"678\" height=\"1024\" data-src=\"https:\/\/swissfinanciers.com\/wp-content\/uploads\/IPSE_Cover-678x1024.png\" class=\"attachment-large size-large wp-image-83252 lazyload\" alt=\"\" data-srcset=\"https:\/\/swissfinanciers.com\/wp-content\/uploads\/IPSE_Cover-678x1024.png 678w, https:\/\/swissfinanciers.com\/wp-content\/uploads\/IPSE_Cover-199x300.png 199w, https:\/\/swissfinanciers.com\/wp-content\/uploads\/IPSE_Cover-768x1161.png 768w, https:\/\/swissfinanciers.com\/wp-content\/uploads\/IPSE_Cover-1016x1536.png 1016w, https:\/\/swissfinanciers.com\/wp-content\/uploads\/IPSE_Cover-1355x2048.png 1355w, https:\/\/swissfinanciers.com\/wp-content\/uploads\/IPSE_Cover-8x12.png 8w, https:\/\/swissfinanciers.com\/wp-content\/uploads\/IPSE_Cover.png 529w\" data-sizes=\"(max-width: 678px) 100vw, 678px\" src=\"data:image\/svg+xml;base64,PHN2ZyB3aWR0aD0iMSIgaGVpZ2h0PSIxIiB4bWxucz0iaHR0cDovL3d3dy53My5vcmcvMjAwMC9zdmciPjwvc3ZnPg==\" style=\"--smush-placeholder-width: 678px; --smush-placeholder-aspect-ratio: 678\/1024;\" \/><\/div><\/a>\n\t\t\t\t<div class=\"elementor-post__text\">\n\t\t\t\t<h3 class=\"elementor-post__title\">\n\t\t\t<a href=\"https:\/\/swissfinanciers.com\/es\/intellectual-property-securitization-2nd-edition\/\" >\n\t\t\t\tTitulizaci\u00f3n de Propiedad Intelectual 2da edici\u00f3n\t\t\t<\/a>\n\t\t<\/h3>\n\t\t\t\t<div class=\"elementor-post__excerpt\">\n\t\t\t<p>Valores de propiedad intelectual Segunda edici\u00f3n (IPLOG\u00cdA Libro 1) Imagine la posibilidad de invertir selectivamente en un aspecto de una empresa, como una sola pel\u00edcula, canci\u00f3n, libro,<\/p>\n\t\t<\/div>\n\t\t\n\t\t<a class=\"elementor-post__read-more\" href=\"https:\/\/swissfinanciers.com\/es\/intellectual-property-securitization-2nd-edition\/\" aria-label=\"M\u00e1s informaci\u00f3n sobre Intellectual Property Securitization 2nd edition\" tabindex=\"-1\" >\n\t\t\tLeer m\u00e1s \"\t\t<\/a>\n\n\t\t\t\t<\/div>\n\t\t\t\t\t<\/div>\n\t\t<\/article>\n\t\t\t\t<article class=\"elementor-post elementor-grid-item post-103254 post type-post status-publish format-standard has-post-thumbnail hentry category-books\" role=\"listitem\">\n\t\t\t<div class=\"elementor-post__card\">\n\t\t\t\t<a class=\"elementor-post__thumbnail__link\" href=\"https:\/\/swissfinanciers.com\/es\/family-office\/\" tabindex=\"-1\" ><div class=\"elementor-post__thumbnail\"><img decoding=\"async\" width=\"528\" height=\"800\" data-src=\"https:\/\/swissfinanciers.com\/wp-content\/uploads\/Family-Office_Book-Cover.jpg\" class=\"attachment-large size-large wp-image-103261 lazyload\" alt=\"Family Office\" data-srcset=\"https:\/\/swissfinanciers.com\/wp-content\/uploads\/Family-Office_Book-Cover.jpg 528w, https:\/\/swissfinanciers.com\/wp-content\/uploads\/Family-Office_Book-Cover-198x300.jpg 198w, https:\/\/swissfinanciers.com\/wp-content\/uploads\/Family-Office_Book-Cover-8x12.jpg 8w\" data-sizes=\"(max-width: 528px) 100vw, 528px\" src=\"data:image\/svg+xml;base64,PHN2ZyB3aWR0aD0iMSIgaGVpZ2h0PSIxIiB4bWxucz0iaHR0cDovL3d3dy53My5vcmcvMjAwMC9zdmciPjwvc3ZnPg==\" style=\"--smush-placeholder-width: 528px; --smush-placeholder-aspect-ratio: 528\/800;\" \/><\/div><\/a>\n\t\t\t\t<div class=\"elementor-post__text\">\n\t\t\t\t<h3 class=\"elementor-post__title\">\n\t\t\t<a href=\"https:\/\/swissfinanciers.com\/es\/family-office\/\" >\n\t\t\t\tOficina familiar\t\t\t<\/a>\n\t\t<\/h3>\n\t\t\t\t<div class=\"elementor-post__excerpt\">\n\t\t\t<p>La gu\u00eda de referencia para una Family Office inteligente, inteligente, exitosa y sabia<\/p>\n\t\t<\/div>\n\t\t\n\t\t<a class=\"elementor-post__read-more\" href=\"https:\/\/swissfinanciers.com\/es\/family-office\/\" aria-label=\"M\u00e1s informaci\u00f3n sobre Family Office\" tabindex=\"-1\" >\n\t\t\tLeer m\u00e1s \"\t\t<\/a>\n\n\t\t\t\t<\/div>\n\t\t\t\t\t<\/div>\n\t\t<\/article>\n\t\t\t\t<\/div>\n\t\t\n\t\t\t\t\t\t<\/div>\n\t\t\t\t<\/div>\n\t\t\t\t\t<\/div>\n\t\t<\/div>\n\t\t\t\t\t<\/div>\n\t\t<\/section>\n\t\t\t\t<\/div>","protected":false},"excerpt":{"rendered":"","protected":false},"author":1,"featured_media":0,"parent":0,"menu_order":6,"comment_status":"closed","ping_status":"closed","template":"","meta":{"footnotes":""},"class_list":["post-79263","page","type-page","status-publish","hentry"],"_links":{"self":[{"href":"https:\/\/swissfinanciers.com\/es\/wp-json\/wp\/v2\/pages\/79263","targetHints":{"allow":["GET"]}}],"collection":[{"href":"https:\/\/swissfinanciers.com\/es\/wp-json\/wp\/v2\/pages"}],"about":[{"href":"https:\/\/swissfinanciers.com\/es\/wp-json\/wp\/v2\/types\/page"}],"author":[{"embeddable":true,"href":"https:\/\/swissfinanciers.com\/es\/wp-json\/wp\/v2\/users\/1"}],"replies":[{"embeddable":true,"href":"https:\/\/swissfinanciers.com\/es\/wp-json\/wp\/v2\/comments?post=79263"}],"version-history":[{"count":0,"href":"https:\/\/swissfinanciers.com\/es\/wp-json\/wp\/v2\/pages\/79263\/revisions"}],"wp:attachment":[{"href":"https:\/\/swissfinanciers.com\/es\/wp-json\/wp\/v2\/media?parent=79263"}],"curies":[{"name":"wp","href":"https:\/\/api.w.org\/{rel}","templated":true}]}}