{"id":6346,"date":"2020-11-27T19:13:08","date_gmt":"2020-11-27T19:13:08","guid":{"rendered":"https:\/\/swissfinanciers.com\/?page_id=6346"},"modified":"2022-09-15T15:25:00","modified_gmt":"2022-09-15T15:25:00","slug":"about","status":"publish","type":"page","link":"https:\/\/swissfinanciers.com\/es\/about\/","title":{"rendered":"Acerca de"},"content":{"rendered":"<div data-elementor-type=\"wp-page\" data-elementor-id=\"6346\" class=\"elementor elementor-6346\" data-elementor-post-type=\"page\">\n\t\t\t\t\t\t<section class=\"elementor-section elementor-top-section elementor-element elementor-element-ef64d58 elementor-section-boxed elementor-section-height-default elementor-section-height-default\" data-id=\"ef64d58\" data-element_type=\"section\">\n\t\t\t\t\t\t<div class=\"elementor-container elementor-column-gap-default\">\n\t\t\t\t\t<div class=\"elementor-column elementor-col-100 elementor-top-column elementor-element elementor-element-2d336c5\" data-id=\"2d336c5\" data-element_type=\"column\">\n\t\t\t<div class=\"elementor-widget-wrap elementor-element-populated\">\n\t\t\t\t\t\t<div class=\"elementor-element elementor-element-e0102d1 elementor-cta--skin-classic elementor-animated-content elementor-bg-transform elementor-bg-transform-zoom-in elementor-widget elementor-widget-call-to-action\" data-id=\"e0102d1\" data-element_type=\"widget\" data-widget_type=\"call-to-action.default\">\n\t\t\t\t<div class=\"elementor-widget-container\">\n\t\t\t\t\t\t\t<div class=\"elementor-cta\">\n\t\t\t\t\t<div class=\"elementor-cta__bg-wrapper\">\n\t\t\t\t<div class=\"elementor-cta__bg elementor-bg lazyload\" style=\"background-image:inherit;\" role=\"img\" aria-label=\"Licuadora:Fecha:2020\/01\/06 14:38:48\" data-bg-image=\"url(https:\/\/swissfinanciers.com\/wp-content\/uploads\/AdobeStock_313549353-2-1024x213.jpeg)\"><\/div>\n\t\t\t\t<div class=\"elementor-cta__bg-overlay\"><\/div>\n\t\t\t<\/div>\n\t\t\t\t\t\t\t<div class=\"elementor-cta__content\">\n\t\t\t\t\n\t\t\t\t\t\t\t\t\t<h2 class=\"elementor-cta__title elementor-cta__content-item elementor-content-item\">\n\t\t\t\t\t\tSobre nosotros\t\t\t\t\t<\/h2>\n\t\t\t\t\n\t\t\t\t\t\t\t\t\t<div class=\"elementor-cta__description elementor-cta__content-item elementor-content-item\">\n\t\t\t\t\t\t<p>Swiss Financiers Inc. est\u00e1 especialmente dise\u00f1ado para apoyar a las empresas impulsadas por emprendedores. Nuestra posici\u00f3n \u00fanica en el mercado como <strong>negociador<\/strong> est\u00e1 en la encrucijada de la banca de asesoramiento, deuda e inversi\u00f3n, sin competir con ellos.<\/p>\n\n<p>Swiss Financiers Inc. orquesta los requisitos de capital de las empresas a trav\u00e9s de la Oferta P\u00fablica Inicial (OPI), financiando y gestionando el proceso de cotizaci\u00f3n en los mercados burs\u00e1tiles. El costo de cotizar en bolsa se financia a trav\u00e9s de deuda y\/o capital.<\/p>\n\n<p>Podemos acelerar el proceso por el cual las empresas obtienen acceso a la financiaci\u00f3n p\u00fablica en el mercado de valores con nuestra plataforma fin-tech.<\/p>\n\n<p>Swiss Financiers Inc. se estableci\u00f3 en Delaware en noviembre de 2018 para brindar los mejores servicios de su clase para cotizar empresas en los mercados p\u00fablicos de manera eficiente y exitosa. Swiss Financiers Inc. tiene dos oficinas; Nueva York, Estados Unidos y Ginebra Suiza.<\/p>\t\t\t\t\t<\/div>\n\t\t\t\t\n\t\t\t\t\t\t\t<\/div>\n\t\t\t\t\t\t<\/div>\n\t\t\t\t\t\t<\/div>\n\t\t\t\t<\/div>\n\t\t\t\t<div class=\"elementor-element elementor-element-838449e elementor-widget-divider--view-line elementor-widget elementor-widget-divider\" data-id=\"838449e\" data-element_type=\"widget\" data-widget_type=\"divider.default\">\n\t\t\t\t<div class=\"elementor-widget-container\">\n\t\t\t\t\t\t\t<div class=\"elementor-divider\">\n\t\t\t<span class=\"elementor-divider-separator\">\n\t\t\t\t\t\t<\/span>\n\t\t<\/div>\n\t\t\t\t\t\t<\/div>\n\t\t\t\t<\/div>\n\t\t\t\t\t<\/div>\n\t\t<\/div>\n\t\t\t\t\t<\/div>\n\t\t<\/section>\n\t\t\t\t<section class=\"elementor-section elementor-top-section elementor-element elementor-element-5dbfe1d elementor-section-content-middle elementor-section-boxed elementor-section-height-default elementor-section-height-default\" data-id=\"5dbfe1d\" data-element_type=\"section\">\n\t\t\t\t\t\t<div class=\"elementor-container elementor-column-gap-no\">\n\t\t\t\t\t<div class=\"elementor-column elementor-col-100 elementor-top-column elementor-element elementor-element-484fe00b\" data-id=\"484fe00b\" data-element_type=\"column\" data-settings=\"{&quot;background_background&quot;:&quot;slideshow&quot;,&quot;background_slideshow_gallery&quot;:[],&quot;background_slideshow_loop&quot;:&quot;yes&quot;,&quot;background_slideshow_slide_duration&quot;:5000,&quot;background_slideshow_slide_transition&quot;:&quot;fade&quot;,&quot;background_slideshow_transition_duration&quot;:500}\">\n\t\t\t<div class=\"elementor-widget-wrap elementor-element-populated\">\n\t\t\t\t\t\t<div class=\"elementor-element elementor-element-192c9e1 elementor-widget elementor-widget-heading\" data-id=\"192c9e1\" data-element_type=\"widget\" data-widget_type=\"heading.default\">\n\t\t\t\t<div class=\"elementor-widget-container\">\n\t\t\t\t\t<h3 class=\"elementor-heading-title elementor-size-default\">Nuestra \u00fanica propuesta de negocio:<\/h3>\t\t\t\t<\/div>\n\t\t\t\t<\/div>\n\t\t\t\t<div class=\"elementor-element elementor-element-5193f29 elementor-widget elementor-widget-text-editor\" data-id=\"5193f29\" data-element_type=\"widget\" data-widget_type=\"text-editor.default\">\n\t\t\t\t<div class=\"elementor-widget-container\">\n\t\t\t\t\t\t\t\t\t<p>Nuestra Propuesta Comercial \u00danica consiste en varios m\u00e9todos pendientes de patente y d\u00e9cadas de experiencia en la cotizaci\u00f3n exitosa de empresas en los mercados de seguridad p\u00fablica.<\/p><p>Nuestra plataforma disruptiva est\u00e1 dise\u00f1ada para ofrecer rendimientos de dos d\u00edgitos debido al valor creado por el cambio de la etapa inicial a los mercados de valores p\u00fablicos.<\/p><p>Modernizamos los procesos para mejorar la eficiencia de costes, especialmente en el Nasdaq. Permite a los titulares de opciones sobre acciones vender sus acciones en el mercado p\u00fablico a compradores institucionales y minoristas interesados con mayor facilidad.<\/p>\t\t\t\t\t\t\t\t<\/div>\n\t\t\t\t<\/div>\n\t\t\t\t<section class=\"elementor-section elementor-inner-section elementor-element elementor-element-6656bf3 elementor-section-boxed elementor-section-height-default elementor-section-height-default\" data-id=\"6656bf3\" data-element_type=\"section\">\n\t\t\t\t\t\t\t<div class=\"elementor-background-overlay\"><\/div>\n\t\t\t\t\t\t\t<div class=\"elementor-container elementor-column-gap-default\">\n\t\t\t\t\t<div class=\"elementor-column elementor-col-50 elementor-inner-column elementor-element elementor-element-bd7505c\" data-id=\"bd7505c\" data-element_type=\"column\">\n\t\t\t<div class=\"elementor-widget-wrap elementor-element-populated\">\n\t\t\t\t\t\t<div class=\"elementor-element elementor-element-aa9fca6 elementor-widget elementor-widget-heading\" data-id=\"aa9fca6\" data-element_type=\"widget\" data-widget_type=\"heading.default\">\n\t\t\t\t<div class=\"elementor-widget-container\">\n\t\t\t\t\t<h3 class=\"elementor-heading-title elementor-size-large\">M\u00e9todo del precio incremental<\/h3>\t\t\t\t<\/div>\n\t\t\t\t<\/div>\n\t\t\t\t<div class=\"elementor-element elementor-element-eb08aab elementor-widget elementor-widget-text-editor\" data-id=\"eb08aab\" data-element_type=\"widget\" data-widget_type=\"text-editor.default\">\n\t\t\t\t<div class=\"elementor-widget-container\">\n\t\t\t\t\t\t\t\t\t<p>Nuestro m\u00e9todo de precio incremental patentado permite a la empresa emisora vender acciones a precios ascendentes definidos que benefician a los inversores anteriores. El m\u00e9todo de precio incremental pretende beneficiar a los primeros inversores vendiendo las acciones a un precio m\u00e1s bajo y justo para mejorar su relaci\u00f3n riesgo\/recompensa.<\/p><p>En conjunto con la Gerencia de la Emisora, definimos la matriz acci\u00f3n\/precio que reflejar\u00e1 intereses alineados con los inversionistas en base a objetivos predeterminados de crecimiento de la Compa\u00f1\u00eda en el tiempo.<\/p>\t\t\t\t\t\t\t\t<\/div>\n\t\t\t\t<\/div>\n\t\t\t\t\t<\/div>\n\t\t<\/div>\n\t\t\t\t<div class=\"elementor-column elementor-col-50 elementor-inner-column elementor-element elementor-element-de173aa\" data-id=\"de173aa\" data-element_type=\"column\">\n\t\t\t<div class=\"elementor-widget-wrap elementor-element-populated\">\n\t\t\t\t\t\t<div class=\"elementor-element elementor-element-c7d9ee3 elementor-skin-carousel elementor-arrows-yes elementor-pagination-type-bullets elementor-pagination-position-outside elementor-widget elementor-widget-media-carousel\" data-id=\"c7d9ee3\" data-element_type=\"widget\" data-settings=\"{&quot;skin&quot;:&quot;carousel&quot;,&quot;effect&quot;:&quot;slide&quot;,&quot;show_arrows&quot;:&quot;yes&quot;,&quot;pagination&quot;:&quot;bullets&quot;,&quot;speed&quot;:500,&quot;autoplay&quot;:&quot;yes&quot;,&quot;autoplay_speed&quot;:5000,&quot;loop&quot;:&quot;yes&quot;,&quot;pause_on_hover&quot;:&quot;yes&quot;,&quot;pause_on_interaction&quot;:&quot;yes&quot;,&quot;space_between&quot;:{&quot;unit&quot;:&quot;px&quot;,&quot;size&quot;:10,&quot;sizes&quot;:[]},&quot;space_between_tablet&quot;:{&quot;unit&quot;:&quot;px&quot;,&quot;size&quot;:10,&quot;sizes&quot;:[]},&quot;space_between_mobile&quot;:{&quot;unit&quot;:&quot;px&quot;,&quot;size&quot;:10,&quot;sizes&quot;:[]}}\" data-widget_type=\"media-carousel.default\">\n\t\t\t\t<div class=\"elementor-widget-container\">\n\t\t\t\t\t\t\t\t\t<div class=\"elementor-swiper\">\n\t\t\t\t\t<div class=\"elementor-main-swiper swiper\" role=\"region\" aria-roledescription=\"carousel\" aria-label=\"Slides\">\n\t\t\t\t<div class=\"swiper-wrapper\">\n\t\t\t\t\t\t\t\t\t\t\t<div class=\"swiper-slide\" role=\"group\" aria-roledescription=\"slide\">\n\t\t\t\t\t\t\t<a href=\"https:\/\/swissfinanciers.com\/wp-content\/uploads\/LargeVideoCovers.002-scaled.jpeg\" data-elementor-open-lightbox=\"yes\" data-elementor-lightbox-slideshow=\"c7d9ee3\" data-elementor-lightbox-title=\"LargeVideoCovers.002\" data-e-action-hash=\"#elementor-action%3Aaction%3Dlightbox%26settings%3DeyJpZCI6NjIxMSwidXJsIjoiaHR0cHM6XC9cL3N3aXNzZmluYW5jaWVycy5jb21cL3dwLWNvbnRlbnRcL3VwbG9hZHNcL0xhcmdlVmlkZW9Db3ZlcnMuMDAyLXNjYWxlZC5qcGVnIiwic2xpZGVzaG93IjoiYzdkOWVlMyJ9\" data-elementor-lightbox-video=\"https:\/\/www.youtube.com\/embed\/-twqF2BqBZ0?feature=oembed&amp;autoplay=1&amp;rel=0&amp;controls=0\">\t\t<div class=\"elementor-carousel-image lazyload\" role=\"img\" aria-label=\"LargeVideoCovers.002\" style=\"background-image:inherit\" data-bg-image=\"url(&#039;https:\/\/swissfinanciers.com\/wp-content\/uploads\/LargeVideoCovers.002-scaled.jpeg&#039;)\">\n\n\t\t\t\n\t\t\t\t\t\t\t<div class=\"elementor-custom-embed-play\">\n\t\t\t\t\t<i aria-hidden=\"true\" class=\"eicon-play\"><\/i>\t\t\t\t\t<span class=\"elementor-screen-only\">Play<\/span>\n\t\t\t\t<\/div>\n\t\t\t\t\t<\/div>\n\t\t<\/a>\t\t\t\t\t\t<\/div>\n\t\t\t\t\t\t\t\t\t<\/div>\n\t\t\t\t\t\t\t<\/div>\n\t\t\t\t<\/div>\n\t\t\t\t\t\t\t\t<\/div>\n\t\t\t\t<\/div>\n\t\t\t\t\t<\/div>\n\t\t<\/div>\n\t\t\t\t\t<\/div>\n\t\t<\/section>\n\t\t\t\t<div class=\"elementor-element elementor-element-f027d39 elementor-widget elementor-widget-spacer\" data-id=\"f027d39\" data-element_type=\"widget\" data-widget_type=\"spacer.default\">\n\t\t\t\t<div class=\"elementor-widget-container\">\n\t\t\t\t\t\t\t<div class=\"elementor-spacer\">\n\t\t\t<div class=\"elementor-spacer-inner\"><\/div>\n\t\t<\/div>\n\t\t\t\t\t\t<\/div>\n\t\t\t\t<\/div>\n\t\t\t\t<section class=\"elementor-section elementor-inner-section elementor-element elementor-element-05378ef elementor-section-boxed elementor-section-height-default elementor-section-height-default\" data-id=\"05378ef\" data-element_type=\"section\">\n\t\t\t\t\t\t\t<div class=\"elementor-background-overlay\"><\/div>\n\t\t\t\t\t\t\t<div class=\"elementor-container elementor-column-gap-default\">\n\t\t\t\t\t<div class=\"elementor-column elementor-col-50 elementor-inner-column elementor-element elementor-element-9cd1a48\" data-id=\"9cd1a48\" data-element_type=\"column\">\n\t\t\t<div class=\"elementor-widget-wrap elementor-element-populated\">\n\t\t\t\t\t\t<div class=\"elementor-element elementor-element-b8901d8 elementor-widget elementor-widget-heading\" data-id=\"b8901d8\" data-element_type=\"widget\" data-widget_type=\"heading.default\">\n\t\t\t\t<div class=\"elementor-widget-container\">\n\t\t\t\t\t<h3 class=\"elementor-heading-title elementor-size-default\">El m\u00e9todo de incubaci\u00f3n IPO<\/h3>\t\t\t\t<\/div>\n\t\t\t\t<\/div>\n\t\t\t\t<div class=\"elementor-element elementor-element-b695a98 elementor-widget elementor-widget-text-editor\" data-id=\"b695a98\" data-element_type=\"widget\" data-widget_type=\"text-editor.default\">\n\t\t\t\t<div class=\"elementor-widget-container\">\n\t\t\t\t\t\t\t\t\t<p>La estructura de la incubadora de OPI de SFI es la base sobre la que se construye Swiss Financiers Inc.<\/p><p>Nuestra plataforma Fin-Tech acompa\u00f1a a empresas seleccionadas financiando los costos de la OPI a trav\u00e9s de deuda mezzanine y\/o capital social. Adem\u00e1s, SFI orquesta el proceso de llevar a las empresas emisoras de seguridad privada a los mercados de valores p\u00fablicos.<\/p><p>SFI ofrece un servicio integral que cubre el complejo proceso de cotizaci\u00f3n de empresas en el mercado de valores.<\/p>\t\t\t\t\t\t\t\t<\/div>\n\t\t\t\t<\/div>\n\t\t\t\t\t<\/div>\n\t\t<\/div>\n\t\t\t\t<div class=\"elementor-column elementor-col-50 elementor-inner-column elementor-element elementor-element-115c3d9\" data-id=\"115c3d9\" data-element_type=\"column\">\n\t\t\t<div class=\"elementor-widget-wrap elementor-element-populated\">\n\t\t\t\t\t\t<div class=\"elementor-element elementor-element-4059042 elementor-skin-carousel elementor-arrows-yes elementor-pagination-type-bullets elementor-pagination-position-outside elementor-widget elementor-widget-media-carousel\" data-id=\"4059042\" data-element_type=\"widget\" data-settings=\"{&quot;skin&quot;:&quot;carousel&quot;,&quot;effect&quot;:&quot;slide&quot;,&quot;show_arrows&quot;:&quot;yes&quot;,&quot;pagination&quot;:&quot;bullets&quot;,&quot;speed&quot;:500,&quot;autoplay&quot;:&quot;yes&quot;,&quot;autoplay_speed&quot;:5000,&quot;loop&quot;:&quot;yes&quot;,&quot;pause_on_hover&quot;:&quot;yes&quot;,&quot;pause_on_interaction&quot;:&quot;yes&quot;,&quot;space_between&quot;:{&quot;unit&quot;:&quot;px&quot;,&quot;size&quot;:10,&quot;sizes&quot;:[]},&quot;space_between_tablet&quot;:{&quot;unit&quot;:&quot;px&quot;,&quot;size&quot;:10,&quot;sizes&quot;:[]},&quot;space_between_mobile&quot;:{&quot;unit&quot;:&quot;px&quot;,&quot;size&quot;:10,&quot;sizes&quot;:[]}}\" data-widget_type=\"media-carousel.default\">\n\t\t\t\t<div class=\"elementor-widget-container\">\n\t\t\t\t\t\t\t\t\t<div class=\"elementor-swiper\">\n\t\t\t\t\t<div class=\"elementor-main-swiper swiper\" role=\"region\" aria-roledescription=\"carousel\" aria-label=\"Slides\">\n\t\t\t\t<div class=\"swiper-wrapper\">\n\t\t\t\t\t\t\t\t\t\t\t<div class=\"swiper-slide\" role=\"group\" aria-roledescription=\"slide\">\n\t\t\t\t\t\t\t<a href=\"https:\/\/swissfinanciers.com\/wp-content\/uploads\/Sans-titre-3.001-scaled.jpeg\" data-elementor-open-lightbox=\"yes\" data-elementor-lightbox-slideshow=\"4059042\" data-elementor-lightbox-title=\"Sans titre 3.001\" data-e-action-hash=\"#elementor-action%3Aaction%3Dlightbox%26settings%3DeyJpZCI6NjIwMywidXJsIjoiaHR0cHM6XC9cL3N3aXNzZmluYW5jaWVycy5jb21cL3dwLWNvbnRlbnRcL3VwbG9hZHNcL1NhbnMtdGl0cmUtMy4wMDEtc2NhbGVkLmpwZWciLCJzbGlkZXNob3ciOiI0MDU5MDQyIn0%3D\" data-elementor-lightbox-video=\"https:\/\/www.youtube.com\/embed\/hzRGbw7aVX0?feature=oembed&amp;autoplay=1&amp;rel=0&amp;controls=0\">\t\t<div class=\"elementor-carousel-image lazyload\" role=\"img\" aria-label=\"Sans titulo 3.001\" style=\"background-image:inherit\" data-bg-image=\"url(&#039;https:\/\/swissfinanciers.com\/wp-content\/uploads\/Sans-titre-3.001-scaled.jpeg&#039;)\">\n\n\t\t\t\n\t\t\t\t\t\t\t<div class=\"elementor-custom-embed-play\">\n\t\t\t\t\t<i aria-hidden=\"true\" class=\"eicon-play\"><\/i>\t\t\t\t\t<span class=\"elementor-screen-only\">Play<\/span>\n\t\t\t\t<\/div>\n\t\t\t\t\t<\/div>\n\t\t<\/a>\t\t\t\t\t\t<\/div>\n\t\t\t\t\t\t\t\t\t<\/div>\n\t\t\t\t\t\t\t<\/div>\n\t\t\t\t<\/div>\n\t\t\t\t\t\t\t\t<\/div>\n\t\t\t\t<\/div>\n\t\t\t\t\t<\/div>\n\t\t<\/div>\n\t\t\t\t\t<\/div>\n\t\t<\/section>\n\t\t\t\t<div class=\"elementor-element elementor-element-804b609 elementor-widget elementor-widget-spacer\" data-id=\"804b609\" data-element_type=\"widget\" data-widget_type=\"spacer.default\">\n\t\t\t\t<div class=\"elementor-widget-container\">\n\t\t\t\t\t\t\t<div class=\"elementor-spacer\">\n\t\t\t<div class=\"elementor-spacer-inner\"><\/div>\n\t\t<\/div>\n\t\t\t\t\t\t<\/div>\n\t\t\t\t<\/div>\n\t\t\t\t<section class=\"elementor-section elementor-inner-section elementor-element elementor-element-e7729aa elementor-section-boxed elementor-section-height-default elementor-section-height-default\" data-id=\"e7729aa\" data-element_type=\"section\">\n\t\t\t\t\t\t\t<div class=\"elementor-background-overlay\"><\/div>\n\t\t\t\t\t\t\t<div class=\"elementor-container elementor-column-gap-default\">\n\t\t\t\t\t<div class=\"elementor-column elementor-col-50 elementor-inner-column elementor-element elementor-element-b2e0fe2\" data-id=\"b2e0fe2\" data-element_type=\"column\">\n\t\t\t<div class=\"elementor-widget-wrap elementor-element-populated\">\n\t\t\t\t\t\t<div class=\"elementor-element elementor-element-a8e95aa elementor-widget elementor-widget-heading\" data-id=\"a8e95aa\" data-element_type=\"widget\" data-widget_type=\"heading.default\">\n\t\t\t\t<div class=\"elementor-widget-container\">\n\t\t\t\t\t<h3 class=\"elementor-heading-title elementor-size-default\">Estructura de la Corporaci\u00f3n Perpetua<\/h3>\t\t\t\t<\/div>\n\t\t\t\t<\/div>\n\t\t\t\t<div class=\"elementor-element elementor-element-b6d0fb8 elementor-widget elementor-widget-text-editor\" data-id=\"b6d0fb8\" data-element_type=\"widget\" data-widget_type=\"text-editor.default\">\n\t\t\t\t<div class=\"elementor-widget-container\">\n\t\t\t\t\t\t\t\t\t<p>Implementamos una estructura empresarial para facilitar una financiaci\u00f3n a largo plazo con un \u201c<strong>Estructura de la Corporaci\u00f3n Perpetua<\/strong>\u201d.<\/p><p>Orquestamos una Oferta P\u00fablica Inicial en la que se solicitan mayores requerimientos de capital a los inversionistas en el mercado de acciones para generar una renta perpetua de instrumentos financieros independientemente de su negocio principal. Esto asegura el fortalecimiento y la perspectiva a largo plazo de la empresa. Este bloque adicional de fondos se recauda y reserva para ser invertido exclusiva y \u00fanicamente en activos viables a largo plazo que generen ingresos que cubran las necesidades corporativas. Al implementar una Estructura de Corporaci\u00f3n Perpetua, el balance de la empresa est\u00e1 anclado en el tiempo.<\/p>\t\t\t\t\t\t\t\t<\/div>\n\t\t\t\t<\/div>\n\t\t\t\t\t<\/div>\n\t\t<\/div>\n\t\t\t\t<div class=\"elementor-column elementor-col-50 elementor-inner-column elementor-element elementor-element-25bc744\" data-id=\"25bc744\" data-element_type=\"column\">\n\t\t\t<div class=\"elementor-widget-wrap elementor-element-populated\">\n\t\t\t\t\t\t<div class=\"elementor-element elementor-element-c5bb32f elementor-skin-carousel elementor-arrows-yes elementor-pagination-type-bullets elementor-pagination-position-outside elementor-widget elementor-widget-media-carousel\" data-id=\"c5bb32f\" data-element_type=\"widget\" data-settings=\"{&quot;skin&quot;:&quot;carousel&quot;,&quot;effect&quot;:&quot;slide&quot;,&quot;show_arrows&quot;:&quot;yes&quot;,&quot;pagination&quot;:&quot;bullets&quot;,&quot;speed&quot;:500,&quot;autoplay&quot;:&quot;yes&quot;,&quot;autoplay_speed&quot;:5000,&quot;loop&quot;:&quot;yes&quot;,&quot;pause_on_hover&quot;:&quot;yes&quot;,&quot;pause_on_interaction&quot;:&quot;yes&quot;,&quot;space_between&quot;:{&quot;unit&quot;:&quot;px&quot;,&quot;size&quot;:10,&quot;sizes&quot;:[]},&quot;space_between_tablet&quot;:{&quot;unit&quot;:&quot;px&quot;,&quot;size&quot;:10,&quot;sizes&quot;:[]},&quot;space_between_mobile&quot;:{&quot;unit&quot;:&quot;px&quot;,&quot;size&quot;:10,&quot;sizes&quot;:[]}}\" data-widget_type=\"media-carousel.default\">\n\t\t\t\t<div class=\"elementor-widget-container\">\n\t\t\t\t\t\t\t\t\t<div class=\"elementor-swiper\">\n\t\t\t\t\t<div class=\"elementor-main-swiper swiper\" role=\"region\" aria-roledescription=\"carousel\" aria-label=\"Slides\">\n\t\t\t\t<div class=\"swiper-wrapper\">\n\t\t\t\t\t\t\t\t\t\t\t<div class=\"swiper-slide\" role=\"group\" aria-roledescription=\"slide\">\n\t\t\t\t\t\t\t<a href=\"https:\/\/swissfinanciers.com\/wp-content\/uploads\/LargeVideoCovers.006-scaled.jpeg\" data-elementor-open-lightbox=\"yes\" data-elementor-lightbox-slideshow=\"c5bb32f\" data-elementor-lightbox-title=\"LargeVideoCovers.006\" data-e-action-hash=\"#elementor-action%3Aaction%3Dlightbox%26settings%3DeyJpZCI6NjIwNywidXJsIjoiaHR0cHM6XC9cL3N3aXNzZmluYW5jaWVycy5jb21cL3dwLWNvbnRlbnRcL3VwbG9hZHNcL0xhcmdlVmlkZW9Db3ZlcnMuMDA2LXNjYWxlZC5qcGVnIiwic2xpZGVzaG93IjoiYzViYjMyZiJ9\" data-elementor-lightbox-video=\"https:\/\/www.youtube.com\/embed\/ekdHqQ93E-Q?feature=oembed&amp;autoplay=1&amp;rel=0&amp;controls=0\">\t\t<div class=\"elementor-carousel-image lazyload\" role=\"img\" aria-label=\"LargeVideoCovers.006\" style=\"background-image:inherit\" data-bg-image=\"url(&#039;https:\/\/swissfinanciers.com\/wp-content\/uploads\/LargeVideoCovers.006-scaled.jpeg&#039;)\">\n\n\t\t\t\n\t\t\t\t\t\t\t<div class=\"elementor-custom-embed-play\">\n\t\t\t\t\t<i aria-hidden=\"true\" class=\"eicon-play\"><\/i>\t\t\t\t\t<span class=\"elementor-screen-only\">Play<\/span>\n\t\t\t\t<\/div>\n\t\t\t\t\t<\/div>\n\t\t<\/a>\t\t\t\t\t\t<\/div>\n\t\t\t\t\t\t\t\t\t<\/div>\n\t\t\t\t\t\t\t<\/div>\n\t\t\t\t<\/div>\n\t\t\t\t\t\t\t\t<\/div>\n\t\t\t\t<\/div>\n\t\t\t\t\t<\/div>\n\t\t<\/div>\n\t\t\t\t\t<\/div>\n\t\t<\/section>\n\t\t\t\t<div class=\"elementor-element elementor-element-6def7dd elementor-widget elementor-widget-heading\" data-id=\"6def7dd\" data-element_type=\"widget\" data-widget_type=\"heading.default\">\n\t\t\t\t<div class=\"elementor-widget-container\">\n\t\t\t\t\t<h3 class=\"elementor-heading-title elementor-size-default\">Cifras clave del mercado de valores p\u00fablicos :<\/h3>\t\t\t\t<\/div>\n\t\t\t\t<\/div>\n\t\t\t\t<div class=\"elementor-element elementor-element-4c76257 elementor-widget elementor-widget-text-editor\" data-id=\"4c76257\" data-element_type=\"widget\" data-widget_type=\"text-editor.default\">\n\t\t\t\t<div class=\"elementor-widget-container\">\n\t\t\t\t\t\t\t\t\t<ul><li>En 2019 el n\u00famero total de OPIs en todo el mundo lleg\u00f3 a 1'115 empresas con 213 OPIs s\u00f3lo en los mercados de EE.UU.<\/li><li>El total de los ingresos mundiales de las OPI para 2019 representa $198B, de los cuales $53.9B se hicieron en los mercados de los Estados Unidos1<\/li><li>Los m\u00faltiplos del EBITDA del sector de Banca de Inversi\u00f3n y Servicios de Corretaje son un poco m\u00e1s de 20X<\/li><\/ul>\t\t\t\t\t\t\t\t<\/div>\n\t\t\t\t<\/div>\n\t\t\t\t<div class=\"elementor-element elementor-element-c568715 elementor-widget-divider--view-line elementor-widget elementor-widget-divider\" data-id=\"c568715\" data-element_type=\"widget\" data-widget_type=\"divider.default\">\n\t\t\t\t<div class=\"elementor-widget-container\">\n\t\t\t\t\t\t\t<div class=\"elementor-divider\">\n\t\t\t<span class=\"elementor-divider-separator\">\n\t\t\t\t\t\t<\/span>\n\t\t<\/div>\n\t\t\t\t\t\t<\/div>\n\t\t\t\t<\/div>\n\t\t\t\t\t<\/div>\n\t\t<\/div>\n\t\t\t\t\t<\/div>\n\t\t<\/section>\n\t\t\t\t<section class=\"elementor-section elementor-top-section elementor-element elementor-element-fcd0895 elementor-section-content-middle elementor-section-boxed elementor-section-height-default elementor-section-height-default\" data-id=\"fcd0895\" data-element_type=\"section\">\n\t\t\t\t\t\t<div class=\"elementor-container elementor-column-gap-no\">\n\t\t\t\t\t<div class=\"elementor-column elementor-col-100 elementor-top-column elementor-element elementor-element-a813138\" data-id=\"a813138\" data-element_type=\"column\">\n\t\t\t<div class=\"elementor-widget-wrap elementor-element-populated\">\n\t\t\t\t\t\t<div class=\"elementor-element elementor-element-836423c elementor-cta--layout-image-right elementor-cta--skin-classic elementor-animated-content elementor-bg-transform elementor-bg-transform-zoom-in elementor-widget elementor-widget-call-to-action\" data-id=\"836423c\" data-element_type=\"widget\" data-widget_type=\"call-to-action.default\">\n\t\t\t\t<div class=\"elementor-widget-container\">\n\t\t\t\t\t\t\t<div class=\"elementor-cta\">\n\t\t\t\t\t<div class=\"elementor-cta__bg-wrapper\">\n\t\t\t\t<div class=\"elementor-cta__bg elementor-bg lazyload\" style=\"background-image:inherit;\" role=\"img\" aria-label=\"Vista panor\u00e1mica de la multitud en un concierto.\" data-bg-image=\"url(https:\/\/swissfinanciers.com\/wp-content\/uploads\/AdobeStock_221364510-1024x254.jpeg)\"><\/div>\n\t\t\t\t<div class=\"elementor-cta__bg-overlay\"><\/div>\n\t\t\t<\/div>\n\t\t\t\t\t\t\t<div class=\"elementor-cta__content\">\n\t\t\t\t\n\t\t\t\t\t\t\t\t\t<h2 class=\"elementor-cta__title elementor-cta__content-item elementor-content-item\">\n\t\t\t\t\t\tDescubra nuestros servicios\t\t\t\t\t<\/h2>\n\t\t\t\t\n\t\t\t\t\n\t\t\t\t\t\t\t\t\t<div class=\"elementor-cta__button-wrapper elementor-cta__content-item elementor-content-item\">\n\t\t\t\t\t<a class=\"elementor-cta__button elementor-button elementor-size-\" href=\"https:\/\/swissfinanciers.com\/es\/services\/\">\n\t\t\t\t\t\tAqu\u00ed\t\t\t\t\t<\/a>\n\t\t\t\t\t<\/div>\n\t\t\t\t\t\t\t<\/div>\n\t\t\t\t\t\t<\/div>\n\t\t\t\t\t\t<\/div>\n\t\t\t\t<\/div>\n\t\t\t\t\t<\/div>\n\t\t<\/div>\n\t\t\t\t\t<\/div>\n\t\t<\/section>\n\t\t\t\t<\/div>","protected":false},"excerpt":{"rendered":"<p>About us Swiss Financiers Inc. is particularly designed to support entrepreneur-driven companies. Our unique market position as a dealmaker is at the crossroads of advisory, debt and investment banking, without competing with them. Swiss Financiers Inc. orchestrates Companies&#8217; requirements for capital through Initial Public Offering (IPO), by financing and managing the listing process on security &#8230; <a title=\"Acerca de\" class=\"read-more\" href=\"https:\/\/swissfinanciers.com\/es\/about\/\" aria-label=\"Leer m\u00e1s sobre About\">Leer m\u00e1s<\/a><\/p>","protected":false},"author":1,"featured_media":0,"parent":0,"menu_order":2,"comment_status":"closed","ping_status":"closed","template":"","meta":{"footnotes":""},"class_list":["post-6346","page","type-page","status-publish"],"_links":{"self":[{"href":"https:\/\/swissfinanciers.com\/es\/wp-json\/wp\/v2\/pages\/6346","targetHints":{"allow":["GET"]}}],"collection":[{"href":"https:\/\/swissfinanciers.com\/es\/wp-json\/wp\/v2\/pages"}],"about":[{"href":"https:\/\/swissfinanciers.com\/es\/wp-json\/wp\/v2\/types\/page"}],"author":[{"embeddable":true,"href":"https:\/\/swissfinanciers.com\/es\/wp-json\/wp\/v2\/users\/1"}],"replies":[{"embeddable":true,"href":"https:\/\/swissfinanciers.com\/es\/wp-json\/wp\/v2\/comments?post=6346"}],"version-history":[{"count":0,"href":"https:\/\/swissfinanciers.com\/es\/wp-json\/wp\/v2\/pages\/6346\/revisions"}],"wp:attachment":[{"href":"https:\/\/swissfinanciers.com\/es\/wp-json\/wp\/v2\/media?parent=6346"}],"curies":[{"name":"wp","href":"https:\/\/api.w.org\/{rel}","templated":true}]}}