{"id":505,"date":"2020-05-07T16:51:10","date_gmt":"2020-05-07T16:51:10","guid":{"rendered":"https:\/\/swissfinanciers.com\/?page_id=505"},"modified":"2021-06-19T16:01:34","modified_gmt":"2021-06-19T16:01:34","slug":"alliances","status":"publish","type":"page","link":"https:\/\/swissfinanciers.com\/es\/alliances\/","title":{"rendered":"Alianzas"},"content":{"rendered":"<div data-elementor-type=\"wp-page\" data-elementor-id=\"505\" class=\"elementor elementor-505\" data-elementor-post-type=\"page\">\n\t\t\t\t\t\t<section class=\"elementor-section elementor-top-section elementor-element elementor-element-95b0225 elementor-section-stretched elementor-section-boxed elementor-section-height-default elementor-section-height-default\" data-id=\"95b0225\" data-element_type=\"section\" data-settings=\"{&quot;stretch_section&quot;:&quot;section-stretched&quot;}\">\n\t\t\t\t\t\t<div class=\"elementor-container elementor-column-gap-default\">\n\t\t\t\t\t<div class=\"elementor-column elementor-col-100 elementor-top-column elementor-element elementor-element-dc13cb4\" data-id=\"dc13cb4\" data-element_type=\"column\" data-settings=\"{&quot;background_background&quot;:&quot;classic&quot;}\">\n\t\t\t<div class=\"elementor-widget-wrap elementor-element-populated\">\n\t\t\t\t\t\t<div class=\"elementor-element elementor-element-72f5ab0 elementor-grid-3 elementor-grid-tablet-2 elementor-grid-mobile-1 elementor-posts--thumbnail-top elementor-posts__hover-gradient elementor-widget elementor-widget-posts\" data-id=\"72f5ab0\" data-element_type=\"widget\" data-settings=\"{&quot;cards_row_gap&quot;:{&quot;unit&quot;:&quot;px&quot;,&quot;size&quot;:15,&quot;sizes&quot;:[]},&quot;cards_masonry&quot;:&quot;yes&quot;,&quot;cards_columns&quot;:&quot;3&quot;,&quot;cards_columns_tablet&quot;:&quot;2&quot;,&quot;cards_columns_mobile&quot;:&quot;1&quot;,&quot;cards_row_gap_tablet&quot;:{&quot;unit&quot;:&quot;px&quot;,&quot;size&quot;:&quot;&quot;,&quot;sizes&quot;:[]},&quot;cards_row_gap_mobile&quot;:{&quot;unit&quot;:&quot;px&quot;,&quot;size&quot;:&quot;&quot;,&quot;sizes&quot;:[]}}\" data-widget_type=\"posts.cards\">\n\t\t\t\t<div class=\"elementor-widget-container\">\n\t\t\t\t\t\t\t<div class=\"elementor-posts-container elementor-posts elementor-posts--skin-cards elementor-grid\" role=\"list\">\n\t\t\t\t<article class=\"elementor-post elementor-grid-item post-9040 post type-post status-publish format-standard has-post-thumbnail hentry category-alliances\" role=\"listitem\">\n\t\t\t<div class=\"elementor-post__card\">\n\t\t\t\t<a class=\"elementor-post__thumbnail__link\" href=\"https:\/\/swissfinanciers.com\/es\/ipo-institute\/\" tabindex=\"-1\" ><div class=\"elementor-post__thumbnail\"><img fetchpriority=\"high\" decoding=\"async\" width=\"800\" height=\"450\" src=\"https:\/\/swissfinanciers.com\/wp-content\/uploads\/ipoi-img.jpg\" class=\"attachment-large size-large wp-image-27861\" alt=\"\" srcset=\"https:\/\/swissfinanciers.com\/wp-content\/uploads\/ipoi-img.jpg 800w, https:\/\/swissfinanciers.com\/wp-content\/uploads\/ipoi-img-300x169.jpg 300w, https:\/\/swissfinanciers.com\/wp-content\/uploads\/ipoi-img-768x432.jpg 768w, https:\/\/swissfinanciers.com\/wp-content\/uploads\/ipoi-img-16x9.jpg 16w\" sizes=\"(max-width: 800px) 100vw, 800px\" \/><\/div><\/a>\n\t\t\t\t<div class=\"elementor-post__text\">\n\t\t\t\t<h3 class=\"elementor-post__title\">\n\t\t\t<a href=\"https:\/\/swissfinanciers.com\/es\/ipo-institute\/\" >\n\t\t\t\tInstituto IPO\t\t\t<\/a>\n\t\t<\/h3>\n\t\t\t\t<div class=\"elementor-post__excerpt\">\n\t\t\t<p>Un centro de especializaci\u00f3n sobre la salida a bolsa, ense\u00f1ando conocimientos reales, aportando opiniones, acabando con los mitos o la informaci\u00f3n falsa y proporcionando salidas a bolsa reales\u2026<br \/>\n&nbsp;<\/p>\n<div>\n<div style=\"float:left; width=50%;\">\n<a class=\"elementor-post__read-more\" href=\"\/es\/ipo-institute\/\">Leer m\u00e1s \"<\/a>\n        <\/div>\n<div style=\"float:right; width=50%;\">\n<a href=\"https:\/\/ipoinstitute.com\/\" target=\"_blank\" class=\"elementor-button-link elementor-button elementor-size-xs\" role=\"button\" rel=\"noopener\"><span class=\"elementor-button-content-wrapper\"><span class=\"elementor-button-text\">Visita el sitio web<\/span><\/span><\/a>\n        <\/div>\n<div style=\"clear:both;\"><\/div>\n<\/div>\n\t\t<\/div>\n\t\t\t\t<\/div>\n\t\t\t\t\t<\/div>\n\t\t<\/article>\n\t\t\t\t<article class=\"elementor-post elementor-grid-item post-3652 post type-post status-publish format-standard has-post-thumbnail hentry category-alliances\" role=\"listitem\">\n\t\t\t<div class=\"elementor-post__card\">\n\t\t\t\t<a class=\"elementor-post__thumbnail__link\" href=\"https:\/\/swissfinanciers.com\/es\/greenberg-hornblower-deschenaux\/\" tabindex=\"-1\" ><div class=\"elementor-post__thumbnail\"><img decoding=\"async\" width=\"800\" height=\"450\" data-src=\"https:\/\/swissfinanciers.com\/wp-content\/uploads\/db-llp-img.jpg\" class=\"attachment-large size-large wp-image-143517 lazyload\" alt=\"DESCHENAUX BARBER &amp; PARTNERS, LLP\" data-srcset=\"https:\/\/swissfinanciers.com\/wp-content\/uploads\/db-llp-img.jpg 800w, https:\/\/swissfinanciers.com\/wp-content\/uploads\/db-llp-img-300x169.jpg 300w, https:\/\/swissfinanciers.com\/wp-content\/uploads\/db-llp-img-768x432.jpg 768w, https:\/\/swissfinanciers.com\/wp-content\/uploads\/db-llp-img-18x10.jpg 18w\" data-sizes=\"(max-width: 800px) 100vw, 800px\" src=\"data:image\/svg+xml;base64,PHN2ZyB3aWR0aD0iMSIgaGVpZ2h0PSIxIiB4bWxucz0iaHR0cDovL3d3dy53My5vcmcvMjAwMC9zdmciPjwvc3ZnPg==\" style=\"--smush-placeholder-width: 800px; --smush-placeholder-aspect-ratio: 800\/450;\" \/><\/div><\/a>\n\t\t\t\t<div class=\"elementor-post__text\">\n\t\t\t\t<h3 class=\"elementor-post__title\">\n\t\t\t<a href=\"https:\/\/swissfinanciers.com\/es\/greenberg-hornblower-deschenaux\/\" >\n\t\t\t\tDeschenaux Barber &amp; Partners LLP\t\t\t<\/a>\n\t\t<\/h3>\n\t\t\t\t<div class=\"elementor-post__excerpt\">\n\t\t\t<p>Juristas financieros internacionales que creen que iniciar un litigio ya es un fracaso. Deschenaux Barber &amp; Partners LLP no cree en las soluciones...<\/p>\n<p>&nbsp;<\/p>\n<div>\n<div style=\"float:left; width=50%;\">\n<a class=\"elementor-post__read-more\" href=\"\/es\/ghd-greenberg-hornblower-deschenaux\/\">Leer m\u00e1s \"<\/a>\n        <\/div>\n<div style=\"float:right; width=50%;\">\n<a href=\"https:\/\/ghd-llp.com\/\" target=\"_blank\" class=\"elementor-button-link elementor-button elementor-size-xs\" role=\"button\" rel=\"noopener\"><span class=\"elementor-button-content-wrapper\"><span class=\"elementor-button-text\">Visita el sitio web<\/span><\/span><\/a>\n        <\/div>\n<div style=\"clear:both;\"><\/div>\n<\/div>\n\t\t<\/div>\n\t\t\t\t<\/div>\n\t\t\t\t\t<\/div>\n\t\t<\/article>\n\t\t\t\t<article class=\"elementor-post elementor-grid-item post-143545 post type-post status-publish format-standard has-post-thumbnail hentry category-alliances\" role=\"listitem\">\n\t\t\t<div class=\"elementor-post__card\">\n\t\t\t\t<a class=\"elementor-post__thumbnail__link\" href=\"https:\/\/swissfinanciers.com\/es\/eupa-the-european-press-agency\/\" tabindex=\"-1\" ><div class=\"elementor-post__thumbnail\"><img decoding=\"async\" width=\"800\" height=\"450\" data-src=\"https:\/\/swissfinanciers.com\/wp-content\/uploads\/eupa-partner.jpg\" class=\"attachment-large size-large wp-image-143573 lazyload\" alt=\"\" data-srcset=\"https:\/\/swissfinanciers.com\/wp-content\/uploads\/eupa-partner.jpg 800w, https:\/\/swissfinanciers.com\/wp-content\/uploads\/eupa-partner-300x169.jpg 300w, https:\/\/swissfinanciers.com\/wp-content\/uploads\/eupa-partner-768x432.jpg 768w, https:\/\/swissfinanciers.com\/wp-content\/uploads\/eupa-partner-18x10.jpg 18w\" data-sizes=\"(max-width: 800px) 100vw, 800px\" src=\"data:image\/svg+xml;base64,PHN2ZyB3aWR0aD0iMSIgaGVpZ2h0PSIxIiB4bWxucz0iaHR0cDovL3d3dy53My5vcmcvMjAwMC9zdmciPjwvc3ZnPg==\" style=\"--smush-placeholder-width: 800px; --smush-placeholder-aspect-ratio: 800\/450;\" \/><\/div><\/a>\n\t\t\t\t<div class=\"elementor-post__text\">\n\t\t\t\t<h3 class=\"elementor-post__title\">\n\t\t\t<a href=\"https:\/\/swissfinanciers.com\/es\/eupa-the-european-press-agency\/\" >\n\t\t\t\tEUPA \u2013 La Agencia Europea de Prensa\t\t\t<\/a>\n\t\t<\/h3>\n\t\t\t\t<div class=\"elementor-post__excerpt\">\n\t\t\t<p>La Agencia Europea de Prensa es la primera agencia de prensa dedicada a profesionales de los medios verdaderamente independientes, incluidos periodistas, reporteros, personas influyentes, televisi\u00f3n...<br \/>\n&nbsp;<\/p>\n<div>\n<div style=\"float:left; width=50%;\">\n<a class=\"elementor-post__read-more\" href=\"\/es\/eupa-the-european-press-agency\/\">Leer m\u00e1s \"<\/a>\n        <\/div>\n<div style=\"float:right; width=50%;\">\n<a href=\"https:\/\/eupa.uk\/\" target=\"_blank\" class=\"elementor-button-link elementor-button elementor-size-xs\" role=\"button\" rel=\"noopener\"><span class=\"elementor-button-content-wrapper\"><span class=\"elementor-button-text\">Visita el sitio web<\/span><\/span><\/a>\n        <\/div>\n<div style=\"clear:both;\"><\/div>\n<\/div>\n\t\t<\/div>\n\t\t\t\t<\/div>\n\t\t\t\t\t<\/div>\n\t\t<\/article>\n\t\t\t\t<article class=\"elementor-post elementor-grid-item post-8932 post type-post status-publish format-standard has-post-thumbnail hentry category-alliances\" role=\"listitem\">\n\t\t\t<div class=\"elementor-post__card\">\n\t\t\t\t<a class=\"elementor-post__thumbnail__link\" href=\"https:\/\/swissfinanciers.com\/es\/preipo\/\" tabindex=\"-1\" ><div class=\"elementor-post__thumbnail\"><img decoding=\"async\" width=\"800\" height=\"450\" data-src=\"https:\/\/swissfinanciers.com\/wp-content\/uploads\/preipo-img.jpg\" class=\"attachment-large size-large wp-image-27821 lazyload\" alt=\"\" data-srcset=\"https:\/\/swissfinanciers.com\/wp-content\/uploads\/preipo-img.jpg 800w, https:\/\/swissfinanciers.com\/wp-content\/uploads\/preipo-img-300x169.jpg 300w, https:\/\/swissfinanciers.com\/wp-content\/uploads\/preipo-img-768x432.jpg 768w, https:\/\/swissfinanciers.com\/wp-content\/uploads\/preipo-img-16x9.jpg 16w\" data-sizes=\"(max-width: 800px) 100vw, 800px\" src=\"data:image\/svg+xml;base64,PHN2ZyB3aWR0aD0iMSIgaGVpZ2h0PSIxIiB4bWxucz0iaHR0cDovL3d3dy53My5vcmcvMjAwMC9zdmciPjwvc3ZnPg==\" style=\"--smush-placeholder-width: 800px; --smush-placeholder-aspect-ratio: 800\/450;\" \/><\/div><\/a>\n\t\t\t\t<div class=\"elementor-post__text\">\n\t\t\t\t<h3 class=\"elementor-post__title\">\n\t\t\t<a href=\"https:\/\/swissfinanciers.com\/es\/preipo\/\" >\n\t\t\t\tPreIPO\t\t\t<\/a>\n\t\t<\/h3>\n\t\t\t\t<div class=\"elementor-post__excerpt\">\n\t\t\t<p>Comprar una acci\u00f3n PreIPO es en realidad invertir en capital privado.<br \/>\nEntonces, \u00bfpor qu\u00e9 es completamente diferente de Private Equity?<br \/>\nPorque el inversor hace\u2026<br \/>\n&nbsp;<\/p>\n<div>\n<div style=\"float:left; width=50%;\">\n<a class=\"elementor-post__read-more\" href=\"\/es\/preipo\/\">Leer m\u00e1s \"<\/a>\n        <\/div>\n<div style=\"float:right; width=50%;\">\n<a href=\"https:\/\/www.preipo.com\/\" target=\"_blank\" class=\"elementor-button-link elementor-button elementor-size-xs\" role=\"button\" rel=\"noopener\"><span class=\"elementor-button-content-wrapper\"><span class=\"elementor-button-text\">Visita el sitio web<\/span><\/span><\/a>\n        <\/div>\n<div style=\"clear:both;\"><\/div>\n<\/div>\n\t\t<\/div>\n\t\t\t\t<\/div>\n\t\t\t\t\t<\/div>\n\t\t<\/article>\n\t\t\t\t<\/div>\n\t\t\n\t\t\t\t\t\t<\/div>\n\t\t\t\t<\/div>\n\t\t\t\t\t<\/div>\n\t\t<\/div>\n\t\t\t\t\t<\/div>\n\t\t<\/section>\n\t\t\t\t<\/div>","protected":false},"excerpt":{"rendered":"","protected":false},"author":1,"featured_media":0,"parent":0,"menu_order":25,"comment_status":"closed","ping_status":"closed","template":"","meta":{"footnotes":""},"class_list":["post-505","page","type-page","status-publish","hentry"],"_links":{"self":[{"href":"https:\/\/swissfinanciers.com\/es\/wp-json\/wp\/v2\/pages\/505","targetHints":{"allow":["GET"]}}],"collection":[{"href":"https:\/\/swissfinanciers.com\/es\/wp-json\/wp\/v2\/pages"}],"about":[{"href":"https:\/\/swissfinanciers.com\/es\/wp-json\/wp\/v2\/types\/page"}],"author":[{"embeddable":true,"href":"https:\/\/swissfinanciers.com\/es\/wp-json\/wp\/v2\/users\/1"}],"replies":[{"embeddable":true,"href":"https:\/\/swissfinanciers.com\/es\/wp-json\/wp\/v2\/comments?post=505"}],"version-history":[{"count":0,"href":"https:\/\/swissfinanciers.com\/es\/wp-json\/wp\/v2\/pages\/505\/revisions"}],"wp:attachment":[{"href":"https:\/\/swissfinanciers.com\/es\/wp-json\/wp\/v2\/media?parent=505"}],"curies":[{"name":"wp","href":"https:\/\/api.w.org\/{rel}","templated":true}]}}