{"id":3,"date":"2020-05-05T13:37:41","date_gmt":"2020-05-05T13:37:41","guid":{"rendered":"https:\/\/swissfinanciers.com\/?page_id=3"},"modified":"2022-08-12T17:14:28","modified_gmt":"2022-08-12T17:14:28","slug":"privacy-policy","status":"publish","type":"page","link":"https:\/\/swissfinanciers.com\/es\/privacy-policy\/","title":{"rendered":"Pol\u00edtica de privacidad"},"content":{"rendered":"<div data-elementor-type=\"wp-page\" data-elementor-id=\"3\" class=\"elementor elementor-3\" data-elementor-post-type=\"page\">\n\t\t\t\t\t\t<section class=\"elementor-section elementor-top-section elementor-element elementor-element-7d9baf5b elementor-section-boxed elementor-section-height-default elementor-section-height-default\" data-id=\"7d9baf5b\" data-element_type=\"section\">\n\t\t\t\t\t\t<div class=\"elementor-container elementor-column-gap-default\">\n\t\t\t\t\t<div class=\"elementor-column elementor-col-100 elementor-top-column elementor-element elementor-element-46b8d89f\" data-id=\"46b8d89f\" data-element_type=\"column\">\n\t\t\t<div class=\"elementor-widget-wrap elementor-element-populated\">\n\t\t\t\t\t\t<div class=\"elementor-element elementor-element-6af4a87b elementor-widget elementor-widget-text-editor\" data-id=\"6af4a87b\" data-element_type=\"widget\" data-widget_type=\"text-editor.default\">\n\t\t\t\t<div class=\"elementor-widget-container\">\n\t\t\t\t\t\t\t\t\t<h3>POL\u00cdTICA DE PRIVACIDAD<\/h3><p>SWISS FINANCIERS INC. (&quot;nosotros&quot;, &quot;nosotros&quot; o &quot;nuestro&quot;) opera el <em>https:\/\/www.swissfinanciers.com<\/em> (en lo sucesivo, el \"Servicio\").<\/p><p>Esta p\u00e1gina le informa de nuestras pol\u00edticas relativas a la recopilaci\u00f3n, uso y divulgaci\u00f3n de datos personales cuando utiliza nuestro Servicio y de las opciones que ha asociado con esos datos.<\/p><p>Utilizamos sus datos para proporcionar y mejorar el Servicio. Al utilizar el Servicio, usted acepta la recopilaci\u00f3n y el uso de la informaci\u00f3n de acuerdo con esta pol\u00edtica. A menos que se defina lo contrario en esta Pol\u00edtica de privacidad, los t\u00e9rminos utilizados en esta Pol\u00edtica de privacidad tienen los mismos significados que en nuestros T\u00e9rminos y condiciones, a los que se puede acceder desde <em>https:\/\/www.swissfinanciers.com<\/em>.<\/p><h3>DEFINICIONES<\/h3><ol><li><h4><strong>Servicio<\/strong><\/h4><\/li><\/ol><p>El servicio es el <em>https:\/\/www.swissfinanciers.com<\/em> sitio web operado por SWISS FINANCIERS INC..<\/p><ol start=\"2\"><li><h4><strong>Datos personales<\/strong><\/h4><\/li><\/ol><p>Por datos personales se entiende los datos sobre un individuo vivo que pueden ser identificados a partir de esos datos (o a partir de esos y otros datos que est\u00e9n en nuestra posesi\u00f3n o que puedan llegar a ella).<\/p><ol start=\"3\"><li><h4><strong>Datos de uso<\/strong><\/h4><\/li><\/ol><p>Los datos de uso son datos recopilados autom\u00e1ticamente generados por el uso del Servicio o por la propia infraestructura del Servicio (por ejemplo, la duraci\u00f3n de una visita a una p\u00e1gina).<\/p><ol start=\"4\"><li><h4><strong>Cookies<\/strong><\/h4><\/li><\/ol><p>Las cookies son peque\u00f1os archivos que se almacenan en su dispositivo (ordenador o dispositivo m\u00f3vil).<\/p><ol start=\"5\"><li><h4><strong>Controlador de datos<\/strong><\/h4><\/li><\/ol><p>Por controlador de datos se entiende la persona f\u00edsica o jur\u00eddica que (ya sea sola o conjuntamente o en com\u00fan con otras personas) determina los fines y la forma en que se procesa o se va a procesar cualquier informaci\u00f3n personal.<\/p><p>A los efectos de esta Pol\u00edtica de Privacidad, somos un Controlador de sus Datos Personales.<\/p><ol start=\"6\"><li><h4><strong>Procesadores de datos (o proveedores de servicios)<\/strong><\/h4><\/li><\/ol><p>Por procesador de datos (o proveedor de servicios) se entiende cualquier persona f\u00edsica o jur\u00eddica que procese los datos en nombre del controlador de datos.<\/p><p>Podemos utilizar los servicios de varios proveedores de servicios para procesar sus datos de manera m\u00e1s eficaz.<\/p><ol start=\"7\"><li><h4><strong>Sujeto de los datos (o usuario)<\/strong><\/h4><\/li><\/ol><p>El sujeto de los datos es cualquier individuo vivo que est\u00e9 usando nuestro Servicio y sea el sujeto de los datos personales.<\/p><h3><strong>RECOPILACI\u00d3N Y USO DE INFORMACI\u00d3N<\/strong><\/h3><p>Recopilamos varios tipos diferentes de informaci\u00f3n para varios prop\u00f3sitos para brindarle y mejorar nuestro Servicio.<\/p><h4><strong>Tipos de datos recogidos<\/strong><\/h4><ol><li style=\"list-style-type: none;\"><ol><li>Datos personales<\/li><li>Al utilizar nuestro Servicio, es posible que le pidamos que nos proporcione cierta informaci\u00f3n de identificaci\u00f3n personal que se puede utilizar para contactar con usted o identificarlo (\"Datos personales\"). La informaci\u00f3n de identificaci\u00f3n personal puede incluir, entre otras cosas:<\/li><li>Direcci\u00f3n de correo electr\u00f3nico<\/li><li>Nombre y apellido<\/li><li>N\u00famero de tel\u00e9fono<\/li><li>Direcci\u00f3n, Estado, Provincia, C\u00f3digo Postal, Ciudad<\/li><li>Cookies y datos de uso<\/li><\/ol><\/li><\/ol><p>Podemos utilizar sus Datos Personales para contactarle con boletines de noticias, materiales de marketing o promocionales y otra informaci\u00f3n que pueda ser de su inter\u00e9s.<\/p><p>Puede optar por no recibir ninguna o todas estas comunicaciones de nosotros siguiendo el enlace para cancelar la suscripci\u00f3n o las instrucciones que se proporcionan en cualquier correo electr\u00f3nico que enviemos.<\/p><h4>Datos de uso<\/h4><p>Tambi\u00e9n podemos recopilar informaci\u00f3n sobre la forma en que se accede al Servicio y se lo utiliza (\"Datos de uso\"). Estos Datos de Uso pueden incluir informaci\u00f3n como la direcci\u00f3n del Protocolo de Internet de su computadora (por ejemplo, la direcci\u00f3n IP), el tipo de navegador, la versi\u00f3n del navegador, las p\u00e1ginas de nuestro Servicio que usted visita, la hora y la fecha de su visita, el tiempo que pasa en esas p\u00e1ginas, los identificadores \u00fanicos del dispositivo y otros datos de diagn\u00f3stico.<\/p><h4>Datos de rastreo y cookies<\/h4><p>Utilizamos cookies y tecnolog\u00edas de seguimiento similares para rastrear la actividad en nuestro Servicio y guardamos cierta informaci\u00f3n.<\/p><p>Las cookies son archivos con una peque\u00f1a cantidad de datos que pueden incluir un identificador \u00fanico an\u00f3nimo. Las cookies se env\u00edan a su navegador desde un sitio web y se almacenan en su dispositivo. Tambi\u00e9n se utilizan otras tecnolog\u00edas de rastreo, como balizas, etiquetas y scripts para recopilar y rastrear informaci\u00f3n y para mejorar y analizar nuestro Servicio.<\/p><p>Puede ordenar a su navegador que rechace todas las cookies o que indique cuando se env\u00eda una cookie. Sin embargo, si no acepta las cookies, es posible que no pueda utilizar algunas partes de nuestro Servicio.<\/p><p>Ejemplos de Cookies que usamos:<\/p><ol><li><h4><strong>Cookies de sesi\u00f3n.<\/strong><\/h4><p>Utilizamos Cookies de Sesi\u00f3n para operar nuestro Servicio.<\/p><\/li><li><h4><strong>Preferencia Galletas.<\/strong><\/h4><p>Utilizamos cookies de preferencia para recordar sus preferencias y varios ajustes.<\/p><\/li><li><h4><strong>Cookies de seguridad.<\/strong><\/h4><p>Utilizamos cookies de seguridad para fines de seguridad.<\/p><\/li><li><h4><strong>Uso de los datos<\/strong><\/h4><ol><li>SWISS FINANCIERS INC. utiliza los datos recopilados para diversos fines:<\/li><li>Para proporcionar y mantener nuestro Servicio<\/li><li>Para notificarle sobre los cambios en nuestro Servicio<\/li><li>Para permitirle participar en las caracter\u00edsticas interactivas de nuestro Servicio cuando usted decida hacerlo<\/li><li>Para proporcionar apoyo a los clientes<\/li><li>Reunir an\u00e1lisis o informaci\u00f3n valiosa para poder mejorar nuestro servicio<\/li><li>Para supervisar el uso de nuestro Servicio<\/li><li>Para detectar, prevenir y abordar cuestiones t\u00e9cnicas<\/li><li>Para brindarle noticias, ofertas especiales e informaci\u00f3n general sobre otros bienes, servicios y eventos que ofrecemos que son similares a los que ya compr\u00f3 o pregunt\u00f3, a menos que haya optado por no recibir dicha informaci\u00f3n.<\/li><\/ol><\/li><\/ol><h4>Base jur\u00eddica del tratamiento de datos personales en virtud del Reglamento general de protecci\u00f3n de datos (GDPR)<\/h4><ol><li>Si usted es del Espacio Econ\u00f3mico Europeo (EEE), la base legal de SWISS FINANCIERS INC. para recopilar y utilizar la informaci\u00f3n personal descrita en esta Pol\u00edtica de privacidad depende de los Datos personales que recopilamos y el contexto espec\u00edfico en el que los recopilamos.<\/li><li>SWISS FINANCIERS INC. puede procesar sus Datos personales porque:<\/li><li>Tenemos que cumplir un contrato con usted<\/li><li>Nos ha dado permiso para hacerlo.<\/li><li>El procesamiento es en nuestros intereses leg\u00edtimos y no est\u00e1 anulado por sus derechos<\/li><li>A los efectos del procesamiento de los pagos<\/li><li>Para cumplir con la ley<\/li><li><strong>Retenci\u00f3n de datos<\/strong><\/li><li>SWISS FINANCIERS INC. conservar\u00e1 sus Datos personales solo durante el tiempo que sea necesario para los fines establecidos en esta Pol\u00edtica de privacidad. Conservaremos y utilizaremos sus Datos personales en la medida necesaria para cumplir con nuestras obligaciones legales (por ejemplo, si estamos obligados a conservar sus datos para cumplir con las leyes aplicables), resolver disputas y hacer cumplir nuestras pol\u00edticas y acuerdos legales.<\/li><\/ol><p>SWISS FINANCIERS INC. tambi\u00e9n conservar\u00e1 los Datos de uso para fines de an\u00e1lisis interno. Los datos de uso generalmente se retienen por un per\u00edodo de tiempo m\u00e1s corto, excepto cuando estos datos se usan para fortalecer la seguridad o mejorar la funcionalidad de nuestro Servicio, o cuando estamos legalmente obligados a retener estos datos por per\u00edodos m\u00e1s largos.<\/p><h4><strong>Transferencia de datos<\/strong><\/h4><ol><li>Su informaci\u00f3n, incluidos los Datos personales, puede transferirse y mantenerse en computadoras ubicadas fuera de su estado, provincia, pa\u00eds u otra jurisdicci\u00f3n gubernamental donde las leyes de protecci\u00f3n de datos pueden diferir de las de su jurisdicci\u00f3n.<\/li><li>Si se encuentra fuera de Suiza y decide proporcionarnos informaci\u00f3n, tenga en cuenta que transferimos los datos, incluidos los Datos personales, a Suiza y los procesamos all\u00ed.<\/li><li>Su consentimiento a esta Pol\u00edtica de privacidad seguido de su env\u00edo de dicha informaci\u00f3n representa su acuerdo con esa transferencia.<\/li><li>SWISS FINANCIERS INC. tomar\u00e1 todas las medidas razonablemente necesarias para garantizar que sus datos se traten de forma segura y de acuerdo con esta Pol\u00edtica de privacidad y no se realizar\u00e1 ninguna transferencia de sus Datos personales a una organizaci\u00f3n o pa\u00eds a menos que existan controles adecuados establecidos, incluidos la seguridad de sus datos y otra informaci\u00f3n personal.<\/li><\/ol><h4><strong>Divulgaci\u00f3n de datos<\/strong><\/h4><ol><li>Transacci\u00f3n de negocios<\/li><li>Si SWISS FINANCIERS INC. participa en una fusi\u00f3n, adquisici\u00f3n o venta de activos, sus Datos personales pueden transferirse. Le enviaremos un aviso antes de que sus Datos personales se transfieran y queden sujetos a una Pol\u00edtica de privacidad diferente.<\/li><li>Divulgaci\u00f3n para la aplicaci\u00f3n de la ley<\/li><li>En determinadas circunstancias, se puede solicitar a SWISS FINANCIERS INC. que divulgue sus Datos personales si as\u00ed lo requiere la ley o en respuesta a solicitudes v\u00e1lidas de las autoridades p\u00fablicas (por ejemplo, un tribunal o una agencia gubernamental).<\/li><\/ol><h3>Requisitos legales<\/h3><ol><li>SWISS FINANCIERS INC. puede divulgar sus Datos personales de buena fe cuando considere que esta acci\u00f3n es necesaria para lo siguiente:<\/li><li>Para cumplir con una obligaci\u00f3n legal<\/li><li>Para proteger y defender los derechos o la propiedad de SWISS FINANCIERS INC.<\/li><li>Para prevenir o investigar posibles infracciones en relaci\u00f3n con el Servicio<\/li><li>Para proteger la seguridad personal de los usuarios del Servicio o del p\u00fablico<\/li><li>Para protegerse de la responsabilidad jur\u00eddica<\/li><\/ol><h4>Seguridad de los datos<\/h4><p>La seguridad de sus datos es importante para nosotros, pero recuerde que ning\u00fan m\u00e9todo de transmisi\u00f3n por Internet o m\u00e9todo de almacenamiento electr\u00f3nico es 100% seguro. Aunque nos esforzamos por utilizar medios comercialmente aceptables para proteger sus datos personales, no podemos garantizar su seguridad absoluta.<\/p><p>Nuestra pol\u00edtica sobre las se\u00f1ales de \"no rastrear\" en virtud de la Ley de Protecci\u00f3n en L\u00ednea de California (CalOPPA)<\/p><p>No apoyamos el Do Not Track (\"DNT\"). No Rastrear es una preferencia que puedes establecer en tu navegador para informar a los sitios web que no quieres ser rastreado.<\/p><p>Puedes habilitar o deshabilitar el No Seguimiento visitando la p\u00e1gina de Preferencias o Configuraci\u00f3n de tu navegador web.<\/p><p>Sus derechos de protecci\u00f3n de datos bajo el Reglamento General de Protecci\u00f3n de Datos (GDPR)<\/p><p>Si es residente del Espacio Econ\u00f3mico Europeo (EEE), tiene ciertos derechos de protecci\u00f3n de datos. SWISS FINANCIERS INC. pretende tomar medidas razonables para permitirle corregir, modificar, eliminar o limitar el uso de sus Datos personales.<\/p><p>Si desea ser informado sobre los datos personales que tenemos sobre usted y si quiere que sean eliminados de nuestros sistemas, por favor, p\u00f3ngase en contacto con nosotros.<\/p><p>En ciertas circunstancias, usted tiene los siguientes derechos de protecci\u00f3n de datos:<\/p><h4><strong>El derecho a acceder, actualizar o eliminar la informaci\u00f3n que tenemos sobre usted.<\/strong><\/h4><p>Siempre que sea posible, puede acceder, actualizar o solicitar la eliminaci\u00f3n de sus datos personales directamente en la secci\u00f3n de configuraci\u00f3n de su cuenta. Si no puede realizar estas acciones usted mismo, p\u00f3ngase en contacto con nosotros para ayudarle.<\/p><ol><li><strong>El derecho de rectificaci\u00f3n.<\/strong> Tiene derecho a que se rectifique su informaci\u00f3n si \u00e9sta es inexacta o incompleta.<\/li><li><strong>El derecho a objetar.<\/strong> Tiene derecho a oponerse a que procesemos sus datos personales.<\/li><li><strong>El derecho de restricci\u00f3n.<\/strong> Tiene derecho a solicitar que restrinjamos el procesamiento de su informaci\u00f3n personal.<\/li><li><strong>El derecho a la portabilidad de los datos.<\/strong> Tiene derecho a que se le proporcione una copia de la informaci\u00f3n que tenemos sobre usted en un formato estructurado, legible por m\u00e1quina y de uso com\u00fan.<\/li><li><strong>El derecho a retirar el consentimiento.<\/strong> Tambi\u00e9n tiene derecho a retirar su consentimiento en cualquier momento en el que SWISS FINANCIERS INC. haya confiado en su consentimiento para procesar su informaci\u00f3n personal.<p>Tenga en cuenta que podemos pedirle que verifique su identidad antes de responder a tales peticiones.<\/p><\/li><li>Tiene derecho a quejarse ante una Autoridad de Protecci\u00f3n de Datos sobre nuestra recopilaci\u00f3n y uso de sus datos personales. Para m\u00e1s informaci\u00f3n, por favor contacte con su autoridad local de protecci\u00f3n de datos en el Espacio Econ\u00f3mico Europeo (EEE).<\/li><\/ol><h4><strong>Transacci\u00f3n de negocios<\/strong><\/h4><p>Si SWISS FINANCIERS INC. participa en una fusi\u00f3n, adquisici\u00f3n o venta de activos, sus Datos personales pueden transferirse. Le enviaremos un aviso antes de que sus Datos personales se transfieran y queden sujetos a una Pol\u00edtica de privacidad diferente.<strong>\u00a0<\/strong><\/p><h4><strong>Divulgaci\u00f3n para la aplicaci\u00f3n de la ley<\/strong><\/h4><p>En determinadas circunstancias, se puede solicitar a SWISS FINANCIERS INC. que divulgue sus Datos personales si as\u00ed lo exige la ley o en respuesta a<\/p><p>a las solicitudes v\u00e1lidas de las autoridades p\u00fablicas (por ejemplo, un tribunal o un organismo gubernamental).<\/p><h4>PROVEEDORES DE SERVICIOS<\/h4><p>Podemos emplear a empresas y personas de terceros para facilitar nuestro Servicio (\"Proveedores de servicios\"), prestar el Servicio en nuestro nombre, realizar servicios relacionados con el Servicio o ayudarnos a analizar c\u00f3mo se utiliza nuestro Servicio.<\/p><p>Estos terceros tienen acceso a sus datos personales s\u00f3lo para realizar estas tareas en nuestro nombre y est\u00e1n obligados a no revelarlos ni utilizarlos para ning\u00fan otro prop\u00f3sito.<\/p><h4>ANAL\u00cdTICA<\/h4><p>Podemos utilizar proveedores de servicios de terceros para supervisar y analizar el uso de nuestro Servicio.<\/p><ol><li><strong>Google Analytics<\/strong><\/li><\/ol><p>Google Analytics es un servicio de an\u00e1lisis web ofrecido por Google que rastrea e informa sobre el tr\u00e1fico del sitio web. Google utiliza los datos recogidos para rastrear y monitorear el uso de nuestro Servicio. Estos datos se comparten con otros servicios de Google. Google puede utilizar los datos recopilados para contextualizar y personalizar los anuncios de su propia red publicitaria.<\/p><p>Puede optar por no poner su actividad en el Servicio a disposici\u00f3n de Google Analytics instalando el complemento de inhabilitaci\u00f3n del navegador de Google Analytics. El complemento impide que el JavaScript de Google Analytics (ga.js, analytics.js y dc.js) comparta informaci\u00f3n con Google Analytics sobre la actividad de las visitas.<\/p><p>Para obtener m\u00e1s informaci\u00f3n sobre las pr\u00e1cticas de privacidad de Google, visita la p\u00e1gina web de las Condiciones de privacidad de Google: <a href=\"https:\/\/policies.google.com\/privacy?hl=en\">https:\/\/policies.google.com\/privacy?hl=en<\/a><\/p><ol start=\"2\"><li><strong>Pagos<\/strong><\/li><\/ol><p>Podemos proporcionar productos y\/o servicios de pago dentro del Servicio. En ese caso, utilizamos servicios de terceros para el procesamiento de pagos (por ejemplo, procesadores de pagos).<\/p><p>No guardaremos ni recogeremos los datos de su tarjeta de pago. Esa informaci\u00f3n se proporciona directamente a nuestros procesadores de pagos de terceros, cuyo uso de su informaci\u00f3n personal se rige por su Pol\u00edtica de Privacidad. Estos procesadores de pago se adhieren a las normas establecidas por el PCI-DSS, gestionadas por el Consejo de Normas de Seguridad del PCI, que es un esfuerzo conjunto de marcas como Visa, MasterCard, American Express y Discover. Los requisitos del PCI-DSS ayudan a garantizar el manejo seguro de la informaci\u00f3n de pago. Podemos utilizar un n\u00famero de diferentes proveedores de soluciones de pago como Paypal, Postfinance, Stripe y otros. Invitamos a los usuarios a revisar cada una de las respectivas pol\u00edticas de privacidad.<\/p><h4><strong>\u00a0<\/strong>Enlaces a otros sitios<\/h4><p>Nuestro Servicio puede contener enlaces a otros sitios que no son operados por nosotros. Si hace clic en un enlace de un tercero, ser\u00e1 dirigido al sitio de ese tercero. Le recomendamos encarecidamente que revise la Pol\u00edtica de privacidad de cada sitio que visite.<\/p><p>No tenemos ning\u00fan control ni asumimos ninguna responsabilidad por el contenido, las pol\u00edticas de privacidad o las pr\u00e1cticas de los sitios o servicios de terceros.<\/p><h4>LA PRIVACIDAD DE LOS NI\u00d1OS<\/h4><p>Nuestro Servicio no se dirige a nadie menor de 18 a\u00f1os (\"Ni\u00f1os\").<\/p><p>No recogemos a sabiendas informaci\u00f3n personal identificable de nadie menor de 18 a\u00f1os. Si usted es un padre o tutor y es consciente de que su hijo nos ha proporcionado datos personales, por favor, p\u00f3ngase en contacto con nosotros. Si nos damos cuenta de que hemos recogido Datos Personales de ni\u00f1os sin verificaci\u00f3n del consentimiento de los padres, tomamos medidas para eliminar esa informaci\u00f3n de nuestros servidores.<\/p><h4>CAMBIOS EN ESTA POL\u00cdTICA DE PRIVACIDAD<\/h4><p>Podemos actualizar nuestra pol\u00edtica de privacidad de vez en cuando. Le notificaremos cualquier cambio publicando la nueva Pol\u00edtica de privacidad en esta p\u00e1gina.<\/p><p>Le informaremos por correo electr\u00f3nico y\/o mediante un aviso destacado en nuestro Servicio, antes de que el cambio entre en vigor y actualizaremos la \"fecha de entrada en vigor\" en la parte superior de esta Pol\u00edtica de privacidad.<\/p><p>Se le aconseja que revise esta Pol\u00edtica de Privacidad peri\u00f3dicamente para conocer los cambios. Los cambios en esta Pol\u00edtica de privacidad entran en vigor cuando se publican en esta p\u00e1gina.<\/p><h4>CONTACTO<\/h4><p>Si tiene alguna pregunta sobre esta pol\u00edtica de privacidad, p\u00f3ngase en contacto con nosotros por correo electr\u00f3nico: <a href=\"mailto:info@swissfinanciers.ch\">info@swissfinanciers.c<\/a>om.<\/p>\t\t\t\t\t\t\t\t<\/div>\n\t\t\t\t<\/div>\n\t\t\t\t\t<\/div>\n\t\t<\/div>\n\t\t\t\t\t<\/div>\n\t\t<\/section>\n\t\t\t\t<\/div>","protected":false},"excerpt":{"rendered":"<p>PRIVACY POLICY SWISS FINANCIERS INC. (&#8220;us&#8221;, &#8220;we&#8221;, or &#8220;our&#8221;) operates the https:\/\/www.swissfinanciers.com website (hereinafter referred to as the &#8220;Service&#8221;). This page informs you of our policies regarding the collection, use and disclosure of personal data when you use our Service and the choices you have associated with that data. We use your data to provide &#8230; <a title=\"Pol\u00edtica de privacidad\" class=\"read-more\" href=\"https:\/\/swissfinanciers.com\/es\/privacy-policy\/\" aria-label=\"Leer m\u00e1s sobre Privacy Policy\">Leer m\u00e1s<\/a><\/p>","protected":false},"author":1,"featured_media":0,"parent":0,"menu_order":1000,"comment_status":"closed","ping_status":"closed","template":"","meta":{"footnotes":""},"class_list":["post-3","page","type-page","status-publish"],"_links":{"self":[{"href":"https:\/\/swissfinanciers.com\/es\/wp-json\/wp\/v2\/pages\/3","targetHints":{"allow":["GET"]}}],"collection":[{"href":"https:\/\/swissfinanciers.com\/es\/wp-json\/wp\/v2\/pages"}],"about":[{"href":"https:\/\/swissfinanciers.com\/es\/wp-json\/wp\/v2\/types\/page"}],"author":[{"embeddable":true,"href":"https:\/\/swissfinanciers.com\/es\/wp-json\/wp\/v2\/users\/1"}],"replies":[{"embeddable":true,"href":"https:\/\/swissfinanciers.com\/es\/wp-json\/wp\/v2\/comments?post=3"}],"version-history":[{"count":0,"href":"https:\/\/swissfinanciers.com\/es\/wp-json\/wp\/v2\/pages\/3\/revisions"}],"wp:attachment":[{"href":"https:\/\/swissfinanciers.com\/es\/wp-json\/wp\/v2\/media?parent=3"}],"curies":[{"name":"wp","href":"https:\/\/api.w.org\/{rel}","templated":true}]}}