{"id":2370,"date":"2020-05-10T21:49:25","date_gmt":"2020-05-10T21:49:25","guid":{"rendered":"https:\/\/swissfinanciers.com\/?page_id=2370"},"modified":"2022-08-12T17:11:58","modified_gmt":"2022-08-12T17:11:58","slug":"disclaimer","status":"publish","type":"page","link":"https:\/\/swissfinanciers.com\/es\/disclaimer\/","title":{"rendered":"Descargo de responsabilidad del sitio web"},"content":{"rendered":"<div data-elementor-type=\"wp-page\" data-elementor-id=\"2370\" class=\"elementor elementor-2370\" data-elementor-post-type=\"page\">\n\t\t\t\t\t\t<section class=\"elementor-section elementor-top-section elementor-element elementor-element-ae93913 elementor-section-stretched elementor-section-boxed elementor-section-height-default elementor-section-height-default\" data-id=\"ae93913\" data-element_type=\"section\" data-settings=\"{&quot;stretch_section&quot;:&quot;section-stretched&quot;}\">\n\t\t\t\t\t\t<div class=\"elementor-container elementor-column-gap-default\">\n\t\t\t\t\t<div class=\"elementor-column elementor-col-100 elementor-top-column elementor-element elementor-element-8de4f6d\" data-id=\"8de4f6d\" data-element_type=\"column\">\n\t\t\t<div class=\"elementor-widget-wrap elementor-element-populated\">\n\t\t\t\t\t\t<div class=\"elementor-element elementor-element-f24fc9a elementor-widget elementor-widget-text-editor\" data-id=\"f24fc9a\" data-element_type=\"widget\" data-widget_type=\"text-editor.default\">\n\t\t\t\t<div class=\"elementor-widget-container\">\n\t\t\t\t\t\t\t\t\t<p>Al confirmar a continuaci\u00f3n, reconozco que este sitio est\u00e1 dirigido exclusivamente a inversores acreditados con sede fuera de Suiza.<\/p><p>Antes de continuar, lea la INFORMACI\u00d3N LEGAL a continuaci\u00f3n relacionada con los t\u00e9rminos de uso del sitio web de Swiss Financiers Inc. (el &quot;Sitio&quot;)<\/p><p><strong>1. Acceso al sitio<\/strong><br \/>No se permite el acceso al Sitio a las personas que se hallen bajo una jurisdicci\u00f3n (a trav\u00e9s de su domicilio, nacionalidad o cualquier otra forma) en la que su publicaci\u00f3n o disponibilidad constituya una violaci\u00f3n de las leyes y reglamentos vigentes. En particular, el Sitio est\u00e1 destinado exclusivamente a inversores acreditados con sede fuera de Suiza. Si usted no es un inversor acreditado o no se encuentra bajo tal jurisdicci\u00f3n, no est\u00e1 autorizado a continuar y debe abandonar el Sitio inmediatamente. Si no se encuentra bajo tal jurisdicci\u00f3n, puede acceder al Sitio despu\u00e9s de haber le\u00eddo y aceptado las siguientes condiciones y t\u00e9rminos.<\/p><p><strong>2. No hay oferta<\/strong><br \/>La informaci\u00f3n difundida en el Sitio no constituye una oferta o una recomendaci\u00f3n para realizar o liquidar una inversi\u00f3n o llevar a cabo cualquier otra transacci\u00f3n. El sitio web y cualquier parte de su contenido no pretende ser una fuente de asesoramiento o an\u00e1lisis legal, y la informaci\u00f3n y\/o los documentos contenidos en este sitio web no constituyen una inversi\u00f3n o asesoramiento legal. Toda decisi\u00f3n de inversi\u00f3n debe basarse en un an\u00e1lisis de los riesgos (incluyendo cualquier consecuencia legal, regulatoria, fiscal o de otro tipo) relacionados con la inversi\u00f3n, as\u00ed como en el asesoramiento relevante y espec\u00edfico de un profesional independiente.<\/p><p><strong>3. No hay garant\u00eda<\/strong><br \/>La informaci\u00f3n y las opiniones difundidas en el Sitio se basan en informaci\u00f3n p\u00fablica, datos desarrollados internamente y otras fuentes supuestamente confiables. Aunque Swiss Financiers Inc. se ha esforzado por garantizar que esta informaci\u00f3n sea lo m\u00e1s precisa y completa posible en el momento de su publicaci\u00f3n, no se otorga ninguna garant\u00eda expresa o t\u00e1cita al respecto. Es probable que el contenido del Sitio se modifique en cualquier momento y sin previo aviso.<\/p><p><strong>4. Impuestos<\/strong><br \/>El tratamiento fiscal depende de la situaci\u00f3n personal de cada inversor y puede estar sujeto a cambios. Antes de tomar cualquier decisi\u00f3n de inversi\u00f3n, se recomienda a los inversores que recurran al asesoramiento espec\u00edfico de un profesional de impuestos.<\/p><p><strong>5. 5. Propiedad intelectual<\/strong><br \/>A menos que se indique lo contrario, Swiss Financiers Inc. es el propietario o titular de los derechos de todos los componentes que componen este Sitio, en particular los datos, gr\u00e1ficos y dibujos. Se proh\u00edbe cualquier reproducci\u00f3n, representaci\u00f3n, distribuci\u00f3n o redistribuci\u00f3n total o parcial del contenido de este Sitio a trav\u00e9s de cualquier proceso sin la autorizaci\u00f3n previa y expresa de Swiss Financiers Inc.<\/p><p><strong>6. Enlaces a otros sitios web<\/strong><br \/>Este Sitio puede contener hiperv\u00ednculos a otros sitios web. La navegaci\u00f3n a dichos enlaces se realiza bajo su propio riesgo. Swiss Financiers Inc. se niega a aceptar cualquier responsabilidad con respecto al contenido y cualquier da\u00f1o potencial causado durante las visitas a los sitios a los que este Sitio conduce a trav\u00e9s de hiperv\u00ednculos. Los usuarios visitan los otros sitios bajo su propia responsabilidad y bajo su propio riesgo.<\/p><p><strong>7. Cookies<\/strong><br \/>Se informa a los usuarios que durante sus visitas al sitio, est\u00e1n sujetos a nuestros t\u00e9rminos de privacidad. Puede encontrar m\u00e1s informaci\u00f3n en https:\/\/swissfinanciers.ch\/privacy-policy\/<\/p><p><strong>8. 8. T\u00e9rminos y condiciones<\/strong><br \/>Al utilizar nuestro sitio web, usted acepta esta exenci\u00f3n de responsabilidad y nuestros t\u00e9rminos de privacidad disponibles en https:\/\/swissfinanciers.ch\/privacy-policy\/<\/p>\t\t\t\t\t\t\t\t<\/div>\n\t\t\t\t<\/div>\n\t\t\t\t\t<\/div>\n\t\t<\/div>\n\t\t\t\t\t<\/div>\n\t\t<\/section>\n\t\t\t\t<\/div>","protected":false},"excerpt":{"rendered":"<p>By confirming below, I acknowledge that this Site is aimed exclusively for accredited investor based outside of Switzerland. Before continuing, please read the LEGAL INFORMATION below relating to the terms of use of the Swiss Financiers Inc. website (the \u201cSite\u201d) 1. Access to the SiteAccess to the Site is not allowed to persons coming under &#8230; <a title=\"Descargo de responsabilidad del sitio web\" class=\"read-more\" href=\"https:\/\/swissfinanciers.com\/es\/disclaimer\/\" aria-label=\"Leer m\u00e1s sobre Website Disclaimer\">Leer m\u00e1s<\/a><\/p>","protected":false},"author":1,"featured_media":0,"parent":0,"menu_order":99,"comment_status":"closed","ping_status":"closed","template":"","meta":{"footnotes":""},"class_list":["post-2370","page","type-page","status-publish"],"_links":{"self":[{"href":"https:\/\/swissfinanciers.com\/es\/wp-json\/wp\/v2\/pages\/2370","targetHints":{"allow":["GET"]}}],"collection":[{"href":"https:\/\/swissfinanciers.com\/es\/wp-json\/wp\/v2\/pages"}],"about":[{"href":"https:\/\/swissfinanciers.com\/es\/wp-json\/wp\/v2\/types\/page"}],"author":[{"embeddable":true,"href":"https:\/\/swissfinanciers.com\/es\/wp-json\/wp\/v2\/users\/1"}],"replies":[{"embeddable":true,"href":"https:\/\/swissfinanciers.com\/es\/wp-json\/wp\/v2\/comments?post=2370"}],"version-history":[{"count":0,"href":"https:\/\/swissfinanciers.com\/es\/wp-json\/wp\/v2\/pages\/2370\/revisions"}],"wp:attachment":[{"href":"https:\/\/swissfinanciers.com\/es\/wp-json\/wp\/v2\/media?parent=2370"}],"curies":[{"name":"wp","href":"https:\/\/api.w.org\/{rel}","templated":true}]}}