{"id":111808,"date":"2022-08-29T14:59:56","date_gmt":"2022-08-29T14:59:56","guid":{"rendered":"https:\/\/swissfinanciers.com\/?page_id=111808"},"modified":"2022-08-29T17:00:12","modified_gmt":"2022-08-29T17:00:12","slug":"network","status":"publish","type":"page","link":"https:\/\/swissfinanciers.com\/es\/network\/","title":{"rendered":"Red"},"content":{"rendered":"<div data-elementor-type=\"wp-page\" data-elementor-id=\"111808\" class=\"elementor elementor-111808\" data-elementor-post-type=\"page\">\n\t\t\t\t\t\t<section class=\"elementor-section elementor-top-section elementor-element elementor-element-d0e0658 elementor-section-boxed elementor-section-height-default elementor-section-height-default\" data-id=\"d0e0658\" data-element_type=\"section\">\n\t\t\t\t\t\t<div class=\"elementor-container elementor-column-gap-default\">\n\t\t\t\t\t<div class=\"elementor-column elementor-col-100 elementor-top-column elementor-element elementor-element-da1122d\" data-id=\"da1122d\" data-element_type=\"column\">\n\t\t\t<div class=\"elementor-widget-wrap elementor-element-populated\">\n\t\t\t\t\t\t<div class=\"elementor-element elementor-element-750274f elementor-hidden-desktop elementor-hidden-tablet elementor-hidden-mobile elementor-widget elementor-widget-image\" data-id=\"750274f\" data-element_type=\"widget\" data-widget_type=\"image.default\">\n\t\t\t\t<div class=\"elementor-widget-container\">\n\t\t\t\t\t\t\t\t\t\t\t\t\t\t\t<img fetchpriority=\"high\" decoding=\"async\" width=\"825\" height=\"373\" src=\"https:\/\/swissfinanciers.com\/wp-content\/uploads\/services-sf-1024x463.png\" class=\"attachment-large size-large wp-image-27720\" alt=\"\" srcset=\"https:\/\/swissfinanciers.com\/wp-content\/uploads\/services-sf-1024x463.png 1024w, https:\/\/swissfinanciers.com\/wp-content\/uploads\/services-sf-300x136.png 300w, https:\/\/swissfinanciers.com\/wp-content\/uploads\/services-sf-768x347.png 768w, https:\/\/swissfinanciers.com\/wp-content\/uploads\/services-sf-16x7.png 16w, https:\/\/swissfinanciers.com\/wp-content\/uploads\/services-sf.png 1287w\" sizes=\"(max-width: 825px) 100vw, 825px\" \/>\t\t\t\t\t\t\t\t\t\t\t\t\t\t\t<\/div>\n\t\t\t\t<\/div>\n\t\t\t\t<div class=\"elementor-element elementor-element-f98c9d2 elementor-hidden-desktop elementor-hidden-tablet elementor-hidden-mobile elementor-cta--skin-classic elementor-animated-content elementor-bg-transform elementor-bg-transform-zoom-in elementor-widget elementor-widget-call-to-action\" data-id=\"f98c9d2\" data-element_type=\"widget\" data-settings=\"{&quot;_animation&quot;:&quot;none&quot;}\" data-widget_type=\"call-to-action.default\">\n\t\t\t\t<div class=\"elementor-widget-container\">\n\t\t\t\t\t\t\t<div class=\"elementor-cta\">\n\t\t\t\t\t\t\t<div class=\"elementor-cta__content\">\n\t\t\t\t\n\t\t\t\t\t\t\t\t\t<h2 class=\"elementor-cta__title elementor-cta__content-item elementor-content-item\">\n\t\t\t\t\t\tTrabajar con Swiss Financiers Inc.\t\t\t\t\t<\/h2>\n\t\t\t\t\n\t\t\t\t\t\t\t\t\t<div class=\"elementor-cta__description elementor-cta__content-item elementor-content-item\">\n\t\t\t\t\t\tDebido a la singularidad de nuestro modelo de negocio, se nos solicita m\u00e1s all\u00e1 de nuestra capacidad de ejecuci\u00f3n.<br>\nPara evitar p\u00e9rdidas de tiempo, tergiversaciones y malos casos comerciales y debido a que manejamos una gran parte de los servicios legales incluso en el momento de la estructuraci\u00f3n, nuestra pol\u00edtica impone el pago de una provisi\u00f3n que se deducir\u00e1 en caso de contractualizaci\u00f3n y no reembolsable en caso de no ir. \t\t\t\t\t<\/div>\n\t\t\t\t\n\t\t\t\t\t\t\t<\/div>\n\t\t\t\t\t\t<\/div>\n\t\t\t\t\t\t<\/div>\n\t\t\t\t<\/div>\n\t\t\t\t<div class=\"elementor-element elementor-element-a155c8a elementor-hidden-desktop elementor-hidden-tablet elementor-hidden-mobile elementor-widget elementor-widget-heading\" data-id=\"a155c8a\" data-element_type=\"widget\" data-widget_type=\"heading.default\">\n\t\t\t\t<div class=\"elementor-widget-container\">\n\t\t\t\t\t<h3 class=\"elementor-heading-title elementor-size-default\">En Swiss Financiers Inc. brindamos los siguientes servicios:<\/h3>\t\t\t\t<\/div>\n\t\t\t\t<\/div>\n\t\t\t\t<div class=\"elementor-element elementor-element-ee1c6dc elementor-grid-3 elementor-grid-tablet-2 elementor-grid-mobile-1 elementor-posts--thumbnail-top elementor-card-shadow-yes elementor-posts__hover-gradient elementor-widget elementor-widget-posts\" data-id=\"ee1c6dc\" data-element_type=\"widget\" data-settings=\"{&quot;pagination_type&quot;:&quot;numbers&quot;,&quot;cards_columns&quot;:&quot;3&quot;,&quot;cards_columns_tablet&quot;:&quot;2&quot;,&quot;cards_columns_mobile&quot;:&quot;1&quot;,&quot;cards_row_gap&quot;:{&quot;unit&quot;:&quot;px&quot;,&quot;size&quot;:35,&quot;sizes&quot;:[]},&quot;cards_row_gap_tablet&quot;:{&quot;unit&quot;:&quot;px&quot;,&quot;size&quot;:&quot;&quot;,&quot;sizes&quot;:[]},&quot;cards_row_gap_mobile&quot;:{&quot;unit&quot;:&quot;px&quot;,&quot;size&quot;:&quot;&quot;,&quot;sizes&quot;:[]}}\" data-widget_type=\"posts.cards\">\n\t\t\t\t<div class=\"elementor-widget-container\">\n\t\t\t\t\t\t\t<div class=\"elementor-posts-container elementor-posts elementor-posts--skin-cards elementor-grid\" role=\"list\">\n\t\t\t\t<article class=\"elementor-post elementor-grid-item post-111815 post type-post status-publish format-standard has-post-thumbnail hentry category-network\" role=\"listitem\">\n\t\t\t<div class=\"elementor-post__card\">\n\t\t\t\t<a class=\"elementor-post__thumbnail__link\" href=\"https:\/\/swissfinanciers.com\/es\/the-securities-brokerage-network\/\" tabindex=\"-1\" ><div class=\"elementor-post__thumbnail\"><img decoding=\"async\" width=\"1024\" height=\"551\" data-src=\"https:\/\/swissfinanciers.com\/wp-content\/uploads\/Multilevel-Network-SFI-1024x551.jpg\" class=\"attachment-large size-large wp-image-112606 lazyload\" alt=\"Multilevel Network\" data-srcset=\"https:\/\/swissfinanciers.com\/wp-content\/uploads\/Multilevel-Network-SFI-1024x551.jpg 1024w, https:\/\/swissfinanciers.com\/wp-content\/uploads\/Multilevel-Network-SFI-300x162.jpg 300w, https:\/\/swissfinanciers.com\/wp-content\/uploads\/Multilevel-Network-SFI-768x413.jpg 768w, https:\/\/swissfinanciers.com\/wp-content\/uploads\/Multilevel-Network-SFI-18x10.jpg 18w, https:\/\/swissfinanciers.com\/wp-content\/uploads\/Multilevel-Network-SFI.jpg 1200w\" data-sizes=\"(max-width: 1024px) 100vw, 1024px\" src=\"data:image\/svg+xml;base64,PHN2ZyB3aWR0aD0iMSIgaGVpZ2h0PSIxIiB4bWxucz0iaHR0cDovL3d3dy53My5vcmcvMjAwMC9zdmciPjwvc3ZnPg==\" style=\"--smush-placeholder-width: 1024px; --smush-placeholder-aspect-ratio: 1024\/551;\" \/><\/div><\/a>\n\t\t\t\t<div class=\"elementor-post__text\">\n\t\t\t\t<h3 class=\"elementor-post__title\">\n\t\t\t<a href=\"https:\/\/swissfinanciers.com\/es\/the-securities-brokerage-network\/\" >\n\t\t\t\tLa Red de Corredores de Valores\t\t\t<\/a>\n\t\t<\/h3>\n\t\t\t\t<div class=\"elementor-post__excerpt\">\n\t\t\t<p>Deschenaux Hornblower &amp; Partners, LLP acaba de transformar una empresa en un emisor de valores y prepar\u00f3 un memorando de oferta privada que describe su emisi\u00f3n de valores y lo present\u00f3 ante Securities &amp; Exchange...<\/p>\n\t\t<\/div>\n\t\t\n\t\t<a class=\"elementor-post__read-more\" href=\"https:\/\/swissfinanciers.com\/es\/the-securities-brokerage-network\/\" aria-label=\"M\u00e1s informaci\u00f3n sobre The Securities Brokerage Network\" tabindex=\"-1\" >\n\t\t\tLeer m\u00e1s \"\t\t<\/a>\n\n\t\t\t\t<\/div>\n\t\t\t\t\t<\/div>\n\t\t<\/article>\n\t\t\t\t<\/div>\n\t\t\n\t\t\t\t\t\t<\/div>\n\t\t\t\t<\/div>\n\t\t\t\t\t<\/div>\n\t\t<\/div>\n\t\t\t\t\t<\/div>\n\t\t<\/section>\n\t\t\t\t<section class=\"elementor-section elementor-top-section elementor-element elementor-element-e1ec103 elementor-hidden-desktop elementor-hidden-tablet elementor-hidden-mobile elementor-section-boxed elementor-section-height-default elementor-section-height-default\" data-id=\"e1ec103\" data-element_type=\"section\">\n\t\t\t\t\t\t<div class=\"elementor-container elementor-column-gap-default\">\n\t\t\t\t\t<div class=\"elementor-column elementor-col-100 elementor-top-column elementor-element elementor-element-7932b4a\" data-id=\"7932b4a\" data-element_type=\"column\">\n\t\t\t<div class=\"elementor-widget-wrap elementor-element-populated\">\n\t\t\t\t\t\t<div class=\"elementor-element elementor-element-f29e6ba elementor-skin-carousel elementor-arrows-yes elementor-widget elementor-widget-media-carousel\" data-id=\"f29e6ba\" data-element_type=\"widget\" data-settings=\"{&quot;slides_per_view&quot;:&quot;2&quot;,&quot;slides_to_scroll&quot;:&quot;2&quot;,&quot;skin&quot;:&quot;carousel&quot;,&quot;effect&quot;:&quot;slide&quot;,&quot;show_arrows&quot;:&quot;yes&quot;,&quot;speed&quot;:500,&quot;autoplay&quot;:&quot;yes&quot;,&quot;autoplay_speed&quot;:5000,&quot;loop&quot;:&quot;yes&quot;,&quot;pause_on_hover&quot;:&quot;yes&quot;,&quot;pause_on_interaction&quot;:&quot;yes&quot;,&quot;space_between&quot;:{&quot;unit&quot;:&quot;px&quot;,&quot;size&quot;:10,&quot;sizes&quot;:[]},&quot;space_between_tablet&quot;:{&quot;unit&quot;:&quot;px&quot;,&quot;size&quot;:10,&quot;sizes&quot;:[]},&quot;space_between_mobile&quot;:{&quot;unit&quot;:&quot;px&quot;,&quot;size&quot;:10,&quot;sizes&quot;:[]}}\" data-widget_type=\"media-carousel.default\">\n\t\t\t\t<div class=\"elementor-widget-container\">\n\t\t\t\t\t\t\t\t\t<div class=\"elementor-swiper\">\n\t\t\t\t\t<div class=\"elementor-main-swiper swiper\" role=\"region\" aria-roledescription=\"carousel\" aria-label=\"Diapositivas\">\n\t\t\t\t<div class=\"swiper-wrapper\">\n\t\t\t\t\t\t\t\t\t\t\t<div class=\"swiper-slide\" role=\"group\" aria-roledescription=\"slide\">\n\t\t\t\t\t\t\t<a href=\"https:\/\/swissfinanciers.com\/wp-content\/uploads\/LargeVideoCovers.007-scaled.jpeg\" data-elementor-open-lightbox=\"yes\" data-elementor-lightbox-slideshow=\"f29e6ba\" data-elementor-lightbox-title=\"LargeVideoCovers.007\" data-e-action-hash=\"#elementor-action%3Aaction%3Dlightbox%26settings%3DeyJpZCI6NjIwNSwidXJsIjoiaHR0cHM6XC9cL3N3aXNzZmluYW5jaWVycy5jb21cL3dwLWNvbnRlbnRcL3VwbG9hZHNcL0xhcmdlVmlkZW9Db3ZlcnMuMDA3LXNjYWxlZC5qcGVnIiwic2xpZGVzaG93IjoiZjI5ZTZiYSJ9\" data-elementor-lightbox-video=\"https:\/\/www.youtube.com\/embed\/SlLF7CHzCrs?feature=oembed&amp;autoplay=1&amp;rel=0&amp;controls=0\">\t\t<div class=\"elementor-carousel-image lazyload\" role=\"img\" aria-label=\"LargeVideoCovers.007\" style=\"background-image:inherit\" data-bg-image=\"url(&#039;https:\/\/swissfinanciers.com\/wp-content\/uploads\/LargeVideoCovers.007-scaled.jpeg&#039;)\">\n\n\t\t\t\n\t\t\t\t\t\t\t<div class=\"elementor-custom-embed-play\">\n\t\t\t\t\t<i aria-hidden=\"true\" class=\"eicon-play\"><\/i>\t\t\t\t\t<span class=\"elementor-screen-only\" data-no-translation=\"\" data-trp-gettext=\"\">Reproducir<\/span>\n\t\t\t\t<\/div>\n\t\t\t\t\t<\/div>\n\t\t<\/a>\t\t\t\t\t\t<\/div>\n\t\t\t\t\t\t\t\t\t\t\t<div class=\"swiper-slide\" role=\"group\" aria-roledescription=\"slide\">\n\t\t\t\t\t\t\t<a href=\"https:\/\/swissfinanciers.com\/wp-content\/uploads\/LargeVideoCovers.001-scaled.jpeg\" data-elementor-open-lightbox=\"yes\" data-elementor-lightbox-slideshow=\"f29e6ba\" data-elementor-lightbox-title=\"LargeVideoCovers.001\" data-e-action-hash=\"#elementor-action%3Aaction%3Dlightbox%26settings%3DeyJpZCI6NjIwOSwidXJsIjoiaHR0cHM6XC9cL3N3aXNzZmluYW5jaWVycy5jb21cL3dwLWNvbnRlbnRcL3VwbG9hZHNcL0xhcmdlVmlkZW9Db3ZlcnMuMDAxLXNjYWxlZC5qcGVnIiwic2xpZGVzaG93IjoiZjI5ZTZiYSJ9\" data-elementor-lightbox-video=\"https:\/\/www.youtube.com\/embed\/d_Ndn1KXUmY?feature=oembed&amp;autoplay=1&amp;rel=0&amp;controls=0\">\t\t<div class=\"elementor-carousel-image lazyload\" role=\"img\" aria-label=\"LargeVideoCovers.001\" style=\"background-image:inherit\" data-bg-image=\"url(&#039;https:\/\/swissfinanciers.com\/wp-content\/uploads\/LargeVideoCovers.001-scaled.jpeg&#039;)\">\n\n\t\t\t\n\t\t\t\t\t\t\t<div class=\"elementor-custom-embed-play\">\n\t\t\t\t\t<i aria-hidden=\"true\" class=\"eicon-play\"><\/i>\t\t\t\t\t<span class=\"elementor-screen-only\" data-no-translation=\"\" data-trp-gettext=\"\">Reproducir<\/span>\n\t\t\t\t<\/div>\n\t\t\t\t\t<\/div>\n\t\t<\/a>\t\t\t\t\t\t<\/div>\n\t\t\t\t\t\t\t\t\t<\/div>\n\t\t\t\t\t\t\t\t\t\t\t\t\t\t\t<div class=\"elementor-swiper-button elementor-swiper-button-prev\" role=\"button\" tabindex=\"0\" aria-label=\"Anterior\" data-no-translation-aria-label=\"\">\n\t\t\t\t\t\t\t<i aria-hidden=\"true\" class=\"eicon-chevron-left\"><\/i>\t\t\t\t\t\t<\/div>\n\t\t\t\t\t\t<div class=\"elementor-swiper-button elementor-swiper-button-next\" role=\"button\" tabindex=\"0\" aria-label=\"Siguiente\" data-no-translation-aria-label=\"\">\n\t\t\t\t\t\t\t<i aria-hidden=\"true\" class=\"eicon-chevron-right\"><\/i>\t\t\t\t\t\t<\/div>\n\t\t\t\t\t\t\t\t\t\t\t\t\t\t\t\t\t<\/div>\n\t\t\t\t<\/div>\n\t\t\t\t\t\t\t\t<\/div>\n\t\t\t\t<\/div>\n\t\t\t\t\t<\/div>\n\t\t<\/div>\n\t\t\t\t\t<\/div>\n\t\t<\/section>\n\t\t\t\t<section class=\"elementor-section elementor-top-section elementor-element elementor-element-e19c9a2 elementor-hidden-desktop elementor-hidden-tablet elementor-hidden-mobile elementor-section-boxed elementor-section-height-default elementor-section-height-default\" data-id=\"e19c9a2\" data-element_type=\"section\">\n\t\t\t\t\t\t<div class=\"elementor-container elementor-column-gap-default\">\n\t\t\t\t\t<div class=\"elementor-column elementor-col-100 elementor-top-column elementor-element elementor-element-35b1903\" data-id=\"35b1903\" data-element_type=\"column\">\n\t\t\t<div class=\"elementor-widget-wrap elementor-element-populated\">\n\t\t\t\t\t\t<div class=\"elementor-element elementor-element-34b7d99 elementor-skin-carousel elementor-widget elementor-widget-media-carousel\" data-id=\"34b7d99\" data-element_type=\"widget\" data-settings=\"{&quot;skin&quot;:&quot;carousel&quot;,&quot;effect&quot;:&quot;slide&quot;,&quot;speed&quot;:500,&quot;space_between&quot;:{&quot;unit&quot;:&quot;px&quot;,&quot;size&quot;:10,&quot;sizes&quot;:[]},&quot;space_between_tablet&quot;:{&quot;unit&quot;:&quot;px&quot;,&quot;size&quot;:10,&quot;sizes&quot;:[]},&quot;space_between_mobile&quot;:{&quot;unit&quot;:&quot;px&quot;,&quot;size&quot;:10,&quot;sizes&quot;:[]}}\" data-widget_type=\"media-carousel.default\">\n\t\t\t\t<div class=\"elementor-widget-container\">\n\t\t\t\t\t\t\t\t\t<div class=\"elementor-swiper\">\n\t\t\t\t\t<div class=\"elementor-main-swiper swiper\" role=\"region\" aria-roledescription=\"carousel\" aria-label=\"Diapositivas\">\n\t\t\t\t<div class=\"swiper-wrapper\">\n\t\t\t\t\t\t\t\t\t\t\t<div class=\"swiper-slide\" role=\"group\" aria-roledescription=\"slide\">\n\t\t\t\t\t\t\t<a href=\"https:\/\/swissfinanciers.com\/wp-content\/uploads\/reasons_sf-1.jpg\" data-elementor-open-lightbox=\"yes\" data-elementor-lightbox-slideshow=\"34b7d99\" data-elementor-lightbox-title=\"reasons_sf-1\" data-e-action-hash=\"#elementor-action%3Aaction%3Dlightbox%26settings%3DeyJpZCI6MzA0ODAsInVybCI6Imh0dHBzOlwvXC9zd2lzc2ZpbmFuY2llcnMuY29tXC93cC1jb250ZW50XC91cGxvYWRzXC9yZWFzb25zX3NmLTEuanBnIiwic2xpZGVzaG93IjoiMzRiN2Q5OSJ9\" data-elementor-lightbox-video=\"https:\/\/www.youtube.com\/embed\/6QV8uesZIz8?feature=oembed&amp;autoplay=1&amp;rel=0&amp;controls=0\">\t\t<div class=\"elementor-carousel-image lazyload\" role=\"img\" aria-label=\"razones_sf-1\" style=\"background-image:inherit\" data-bg-image=\"url(&#039;https:\/\/swissfinanciers.com\/wp-content\/uploads\/reasons_sf-1.jpg&#039;)\">\n\n\t\t\t\n\t\t\t\t\t\t\t<div class=\"elementor-custom-embed-play\">\n\t\t\t\t\t<i aria-hidden=\"true\" class=\"eicon-play\"><\/i>\t\t\t\t\t<span class=\"elementor-screen-only\" data-no-translation=\"\" data-trp-gettext=\"\">Reproducir<\/span>\n\t\t\t\t<\/div>\n\t\t\t\t\t<\/div>\n\t\t<\/a>\t\t\t\t\t\t<\/div>\n\t\t\t\t\t\t\t\t\t<\/div>\n\t\t\t\t\t\t\t<\/div>\n\t\t\t\t<\/div>\n\t\t\t\t\t\t\t\t<\/div>\n\t\t\t\t<\/div>\n\t\t\t\t\t<\/div>\n\t\t<\/div>\n\t\t\t\t\t<\/div>\n\t\t<\/section>\n\t\t\t\t<section class=\"elementor-section elementor-top-section elementor-element elementor-element-bab666a elementor-hidden-desktop elementor-hidden-tablet elementor-hidden-mobile elementor-section-boxed elementor-section-height-default elementor-section-height-default\" data-id=\"bab666a\" data-element_type=\"section\">\n\t\t\t\t\t\t<div class=\"elementor-container elementor-column-gap-default\">\n\t\t\t\t\t<div class=\"elementor-column elementor-col-100 elementor-top-column elementor-element elementor-element-cd0cae5\" data-id=\"cd0cae5\" data-element_type=\"column\">\n\t\t\t<div class=\"elementor-widget-wrap elementor-element-populated\">\n\t\t\t\t\t\t<div class=\"elementor-element elementor-element-10e1b8c elementor-cta--skin-cover elementor-animated-content elementor-bg-transform elementor-bg-transform-zoom-in elementor-widget elementor-widget-call-to-action\" data-id=\"10e1b8c\" data-element_type=\"widget\" data-widget_type=\"call-to-action.default\">\n\t\t\t\t<div class=\"elementor-widget-container\">\n\t\t\t\t\t\t\t<div class=\"elementor-cta\">\n\t\t\t\t\t<div class=\"elementor-cta__bg-wrapper\">\n\t\t\t\t<div class=\"elementor-cta__bg elementor-bg lazyload\" style=\"background-image:inherit;\" role=\"img\" aria-label=\"Conductor de m\u00fasica manos con batuta sobre fondo negro\" data-bg-image=\"url(https:\/\/swissfinanciers.com\/wp-content\/uploads\/AdobeStock_88252354-1024x706.jpeg)\"><\/div>\n\t\t\t\t<div class=\"elementor-cta__bg-overlay\"><\/div>\n\t\t\t<\/div>\n\t\t\t\t\t\t\t<div class=\"elementor-cta__content\">\n\t\t\t\t\n\t\t\t\t\n\t\t\t\t\n\t\t\t\t\t\t\t\t\t<div class=\"elementor-cta__button-wrapper elementor-cta__content-item elementor-content-item elementor-animated-item--grow\">\n\t\t\t\t\t<a class=\"elementor-cta__button elementor-button elementor-size-\" href=\"https:\/\/swissfinanciers.com\/es\/about\/\">\n\t\t\t\t\t\tsobre nosotros\t\t\t\t\t<\/a>\n\t\t\t\t\t<\/div>\n\t\t\t\t\t\t\t<\/div>\n\t\t\t\t\t\t<\/div>\n\t\t\t\t\t\t<\/div>\n\t\t\t\t<\/div>\n\t\t\t\t\t<\/div>\n\t\t<\/div>\n\t\t\t\t\t<\/div>\n\t\t<\/section>\n\t\t\t\t<\/div>","protected":false},"excerpt":{"rendered":"<p>Working with Swiss Financiers Inc. Because of the uniqueness of our business model, we are being solicited beyond our execution capacity. In order to avoid time wasting, misrepresentations and poor business cases and due to the fact that we handle a large part of legal services even at structuration time, our policy imposes the payment &#8230; <a title=\"La Red de Corredores de Valores\" class=\"read-more\" href=\"https:\/\/swissfinanciers.com\/es\/the-securities-brokerage-network\/\" aria-label=\"Leer m\u00e1s sobre The Securities Brokerage Network\">Leer m\u00e1s<\/a><\/p>","protected":false},"author":1,"featured_media":0,"parent":0,"menu_order":6,"comment_status":"closed","ping_status":"closed","template":"","meta":{"footnotes":""},"class_list":["post-111808","page","type-page","status-publish","hentry"],"_links":{"self":[{"href":"https:\/\/swissfinanciers.com\/es\/wp-json\/wp\/v2\/pages\/111808","targetHints":{"allow":["GET"]}}],"collection":[{"href":"https:\/\/swissfinanciers.com\/es\/wp-json\/wp\/v2\/pages"}],"about":[{"href":"https:\/\/swissfinanciers.com\/es\/wp-json\/wp\/v2\/types\/page"}],"author":[{"embeddable":true,"href":"https:\/\/swissfinanciers.com\/es\/wp-json\/wp\/v2\/users\/1"}],"replies":[{"embeddable":true,"href":"https:\/\/swissfinanciers.com\/es\/wp-json\/wp\/v2\/comments?post=111808"}],"version-history":[{"count":0,"href":"https:\/\/swissfinanciers.com\/es\/wp-json\/wp\/v2\/pages\/111808\/revisions"}],"wp:attachment":[{"href":"https:\/\/swissfinanciers.com\/es\/wp-json\/wp\/v2\/media?parent=111808"}],"curies":[{"name":"wp","href":"https:\/\/api.w.org\/{rel}","templated":true}]}}