{"id":9171,"date":"2021-01-28T13:36:59","date_gmt":"2021-01-28T13:36:59","guid":{"rendered":"https:\/\/swissfinanciers.com\/?page_id=9171"},"modified":"2021-04-12T09:46:16","modified_gmt":"2021-04-12T09:46:16","slug":"ipo-2","status":"publish","type":"page","link":"https:\/\/swissfinanciers.com\/de\/ipo-2\/","title":{"rendered":"B\u00f6rseng\u00e4nge"},"content":{"rendered":"<div data-elementor-type=\"wp-page\" data-elementor-id=\"9171\" class=\"elementor elementor-9171\" data-elementor-post-type=\"page\">\n\t\t\t\t\t\t<section class=\"elementor-section elementor-top-section elementor-element elementor-element-95b0225 elementor-section-stretched elementor-section-boxed elementor-section-height-default elementor-section-height-default\" data-id=\"95b0225\" data-element_type=\"section\" data-settings=\"{&quot;stretch_section&quot;:&quot;section-stretched&quot;}\">\n\t\t\t\t\t\t<div class=\"elementor-container elementor-column-gap-default\">\n\t\t\t\t\t<div class=\"elementor-column elementor-col-100 elementor-top-column elementor-element elementor-element-dc13cb4\" data-id=\"dc13cb4\" data-element_type=\"column\" data-settings=\"{&quot;background_background&quot;:&quot;classic&quot;}\">\n\t\t\t<div class=\"elementor-widget-wrap elementor-element-populated\">\n\t\t\t\t\t\t<div class=\"elementor-element elementor-element-72f5ab0 elementor-grid-3 elementor-grid-tablet-2 elementor-grid-mobile-1 elementor-posts--thumbnail-top elementor-widget elementor-widget-posts\" data-id=\"72f5ab0\" data-element_type=\"widget\" data-settings=\"{&quot;classic_columns&quot;:&quot;3&quot;,&quot;classic_columns_tablet&quot;:&quot;2&quot;,&quot;classic_columns_mobile&quot;:&quot;1&quot;,&quot;classic_row_gap&quot;:{&quot;unit&quot;:&quot;px&quot;,&quot;size&quot;:35,&quot;sizes&quot;:[]},&quot;classic_row_gap_tablet&quot;:{&quot;unit&quot;:&quot;px&quot;,&quot;size&quot;:&quot;&quot;,&quot;sizes&quot;:[]},&quot;classic_row_gap_mobile&quot;:{&quot;unit&quot;:&quot;px&quot;,&quot;size&quot;:&quot;&quot;,&quot;sizes&quot;:[]}}\" data-widget_type=\"posts.classic\">\n\t\t\t\t<div class=\"elementor-widget-container\">\n\t\t\t\t\t\t\t<div class=\"elementor-posts-container elementor-posts elementor-posts--skin-classic elementor-grid\" role=\"list\">\n\t\t\t\t<article class=\"elementor-post elementor-grid-item post-3642 post type-post status-publish format-standard has-post-thumbnail hentry category-references\" role=\"listitem\">\n\t\t\t\t<a class=\"elementor-post__thumbnail__link\" href=\"https:\/\/swissfinanciers.com\/de\/intellectual-property-securities-corporation\/\" tabindex=\"-1\" >\n\t\t\t<div class=\"elementor-post__thumbnail\"><img fetchpriority=\"high\" decoding=\"async\" width=\"500\" height=\"500\" src=\"https:\/\/swissfinanciers.com\/wp-content\/uploads\/logo_ipse.jpg\" class=\"attachment-full size-full wp-image-6422\" alt=\"\" srcset=\"https:\/\/swissfinanciers.com\/wp-content\/uploads\/logo_ipse.jpg 500w, https:\/\/swissfinanciers.com\/wp-content\/uploads\/logo_ipse-300x300.jpg 300w, https:\/\/swissfinanciers.com\/wp-content\/uploads\/logo_ipse-150x150.jpg 150w, https:\/\/swissfinanciers.com\/wp-content\/uploads\/logo_ipse-12x12.jpg 12w\" sizes=\"(max-width: 500px) 100vw, 500px\" \/><\/div>\n\t\t<\/a>\n\t\t\t\t<div class=\"elementor-post__text\">\n\t\t\t\t<h3 class=\"elementor-post__title\">\n\t\t\t<a href=\"https:\/\/swissfinanciers.com\/de\/intellectual-property-securities-corporation\/\" >\n\t\t\t\tIntellectual Property Securities Corporation\t\t\t<\/a>\n\t\t<\/h3>\n\t\t\t\t<div class=\"elementor-post__excerpt\">\n\t\t\t<p>Kunde: IPSE<br \/>\nKundentyp: IPO-Finanzierung und IPO-Listung<br \/>\nIPO-Zeitrahmen: 12 bis 24 Monate<br \/>\nZielwert: $1 Milliarde<br \/>\nIntellectual Property Securities Corp ist auf die Verbriefung von geistigem Eigentum spezialisiert und bietet eine innovative und patentierte Methode und ein Toolset zur Finanzierung jeglicher Produktionsform. Von der Musikproduktion bis zum Vertrieb und Verkauf von Showtickets decken wir den gesamten Lebenszyklus Ihrer Wertsch\u00f6pfung ab.<\/p>\n\t\t<\/div>\n\t\t\n\t\t<a class=\"elementor-post__read-more\" href=\"https:\/\/swissfinanciers.com\/de\/intellectual-property-securities-corporation\/\" aria-label=\"Mehr \u00fcber Intellectual Property Securities Corporation\" tabindex=\"-1\" >\n\t\t\tWeiterlesen &quot;\t\t<\/a>\n\n\t\t\t\t<\/div>\n\t\t\t\t<\/article>\n\t\t\t\t<article class=\"elementor-post elementor-grid-item post-9081 post type-post status-publish format-standard has-post-thumbnail hentry category-references\" role=\"listitem\">\n\t\t\t\t<a class=\"elementor-post__thumbnail__link\" href=\"https:\/\/swissfinanciers.com\/de\/eiffel-international-corporation\/\" tabindex=\"-1\" >\n\t\t\t<div class=\"elementor-post__thumbnail\"><img decoding=\"async\" width=\"1290\" height=\"685\" data-src=\"https:\/\/swissfinanciers.com\/wp-content\/uploads\/\u0421\u043d\u0438\u043c\u043e\u043a-\u044d\u043a\u0440\u0430\u043d\u0430-2021-01-27-\u0432-15.43.35.png\" class=\"attachment-full size-full wp-image-9093 lazyload\" alt=\"\" data-srcset=\"https:\/\/swissfinanciers.com\/wp-content\/uploads\/\u0421\u043d\u0438\u043c\u043e\u043a-\u044d\u043a\u0440\u0430\u043d\u0430-2021-01-27-\u0432-15.43.35.png 1290w, https:\/\/swissfinanciers.com\/wp-content\/uploads\/\u0421\u043d\u0438\u043c\u043e\u043a-\u044d\u043a\u0440\u0430\u043d\u0430-2021-01-27-\u0432-15.43.35-300x159.png 300w, https:\/\/swissfinanciers.com\/wp-content\/uploads\/\u0421\u043d\u0438\u043c\u043e\u043a-\u044d\u043a\u0440\u0430\u043d\u0430-2021-01-27-\u0432-15.43.35-1024x544.png 1024w, https:\/\/swissfinanciers.com\/wp-content\/uploads\/\u0421\u043d\u0438\u043c\u043e\u043a-\u044d\u043a\u0440\u0430\u043d\u0430-2021-01-27-\u0432-15.43.35-768x408.png 768w, https:\/\/swissfinanciers.com\/wp-content\/uploads\/\u0421\u043d\u0438\u043c\u043e\u043a-\u044d\u043a\u0440\u0430\u043d\u0430-2021-01-27-\u0432-15.43.35-16x8.png 16w\" data-sizes=\"(max-width: 1290px) 100vw, 1290px\" src=\"data:image\/svg+xml;base64,PHN2ZyB3aWR0aD0iMSIgaGVpZ2h0PSIxIiB4bWxucz0iaHR0cDovL3d3dy53My5vcmcvMjAwMC9zdmciPjwvc3ZnPg==\" style=\"--smush-placeholder-width: 1290px; --smush-placeholder-aspect-ratio: 1290\/685;\" \/><\/div>\n\t\t<\/a>\n\t\t\t\t<div class=\"elementor-post__text\">\n\t\t\t\t<h3 class=\"elementor-post__title\">\n\t\t\t<a href=\"https:\/\/swissfinanciers.com\/de\/eiffel-international-corporation\/\" >\n\t\t\t\tEiffel International Corporation\t\t\t<\/a>\n\t\t<\/h3>\n\t\t\t\t<div class=\"elementor-post__excerpt\">\n\t\t\t<p>Kunde: Eiffel International Corporation<br \/>\nKundentyp: IPO-Finanzierung und IPO-Listung<br \/>\nIPO-Zeitrahmen: 12 bis 24 Monate<br \/>\nZielwert: $20 Milliarden<br \/>\nGustave Eiffel ist der einzige Mensch auf der Welt, der zwei UNESCO-Weltkulturerbedenkm\u00e4ler geschaffen und gebaut hat. Die Eiffel Corporation f\u00f6rdert die Techniken, das Know-how und das Erbe von Eiffel in der Welt, um die Zukunft zu gestalten. Eiffel Corporation ist ein Finanzunternehmen, das weltweit Gro\u00dfprojekte an der Schnittstelle von Bauwesen, Architektur und Stadtplanung unterst\u00fctzt.<\/p>\n\t\t<\/div>\n\t\t\n\t\t<a class=\"elementor-post__read-more\" href=\"https:\/\/swissfinanciers.com\/de\/eiffel-international-corporation\/\" aria-label=\"Mehr \u00fcber Eiffel International Corporation\" tabindex=\"-1\" >\n\t\t\tWeiterlesen &quot;\t\t<\/a>\n\n\t\t\t\t<\/div>\n\t\t\t\t<\/article>\n\t\t\t\t<article class=\"elementor-post elementor-grid-item post-9088 post type-post status-publish format-standard has-post-thumbnail hentry category-references\" role=\"listitem\">\n\t\t\t\t<a class=\"elementor-post__thumbnail__link\" href=\"https:\/\/swissfinanciers.com\/de\/mobi-group\/\" tabindex=\"-1\" >\n\t\t\t<div class=\"elementor-post__thumbnail\"><img decoding=\"async\" width=\"1290\" height=\"640\" data-src=\"https:\/\/swissfinanciers.com\/wp-content\/uploads\/\u0421\u043d\u0438\u043c\u043e\u043a-\u044d\u043a\u0440\u0430\u043d\u0430-2021-01-29-\u0432-12.00.04.png\" class=\"attachment-full size-full wp-image-9344 lazyload\" alt=\"\" data-srcset=\"https:\/\/swissfinanciers.com\/wp-content\/uploads\/\u0421\u043d\u0438\u043c\u043e\u043a-\u044d\u043a\u0440\u0430\u043d\u0430-2021-01-29-\u0432-12.00.04.png 1290w, https:\/\/swissfinanciers.com\/wp-content\/uploads\/\u0421\u043d\u0438\u043c\u043e\u043a-\u044d\u043a\u0440\u0430\u043d\u0430-2021-01-29-\u0432-12.00.04-300x149.png 300w, https:\/\/swissfinanciers.com\/wp-content\/uploads\/\u0421\u043d\u0438\u043c\u043e\u043a-\u044d\u043a\u0440\u0430\u043d\u0430-2021-01-29-\u0432-12.00.04-1024x508.png 1024w, https:\/\/swissfinanciers.com\/wp-content\/uploads\/\u0421\u043d\u0438\u043c\u043e\u043a-\u044d\u043a\u0440\u0430\u043d\u0430-2021-01-29-\u0432-12.00.04-768x381.png 768w, https:\/\/swissfinanciers.com\/wp-content\/uploads\/\u0421\u043d\u0438\u043c\u043e\u043a-\u044d\u043a\u0440\u0430\u043d\u0430-2021-01-29-\u0432-12.00.04-16x8.png 16w\" data-sizes=\"(max-width: 1290px) 100vw, 1290px\" src=\"data:image\/svg+xml;base64,PHN2ZyB3aWR0aD0iMSIgaGVpZ2h0PSIxIiB4bWxucz0iaHR0cDovL3d3dy53My5vcmcvMjAwMC9zdmciPjwvc3ZnPg==\" style=\"--smush-placeholder-width: 1290px; --smush-placeholder-aspect-ratio: 1290\/640;\" \/><\/div>\n\t\t<\/a>\n\t\t\t\t<div class=\"elementor-post__text\">\n\t\t\t\t<h3 class=\"elementor-post__title\">\n\t\t\t<a href=\"https:\/\/swissfinanciers.com\/de\/mobi-group\/\" >\n\t\t\t\tMobiGroup\t\t\t<\/a>\n\t\t<\/h3>\n\t\t\t\t<div class=\"elementor-post__excerpt\">\n\t\t\t<p>Kunde: MobiGroup<br \/>\nKundentyp: IPO-Finanzierung und IPO-Listung<br \/>\nIPO-Zeitrahmen: 12 bis 24 Monate<br \/>\nZielwert: $6 Milliarden                                         <\/p>\n<p>MobiVAT Tax Administration ist eine Reihe von Anwendungen, die den gesamten Prozess der Mehrwertsteuererhebung von Anfang bis Ende abwickeln sollen. MobiVAT ist darauf ausgelegt, automatisch Steuern zu erheben, anstatt die Zahlung von Steuern der freiwilligen Entscheidung und Moral der Steuerzahler zu \u00fcberlassen. Im Gro\u00dfen und Ganzen wollen Steuerzahler in allen L\u00e4ndern keine Steuern zahlen, es sei denn, sie werden durch eine Situation gezwungen, in der ihnen keine andere Wahl bleibt, als die Steuern zu zahlen. Der Umsatzsteuerbetrag wird von der Zahlung des K\u00e4ufers getrennt und elektronisch vom Bankkonto des K\u00e4ufers an die Steuerbeh\u00f6rde \u00fcberwiesen.<\/p>\n\t\t<\/div>\n\t\t\n\t\t<a class=\"elementor-post__read-more\" href=\"https:\/\/swissfinanciers.com\/de\/mobi-group\/\" aria-label=\"Mehr \u00fcber MobiGroup\" tabindex=\"-1\" >\n\t\t\tWeiterlesen &quot;\t\t<\/a>\n\n\t\t\t\t<\/div>\n\t\t\t\t<\/article>\n\t\t\t\t<article class=\"elementor-post elementor-grid-item post-9112 post type-post status-publish format-standard has-post-thumbnail hentry category-references\" role=\"listitem\">\n\t\t\t\t<a class=\"elementor-post__thumbnail__link\" href=\"https:\/\/swissfinanciers.com\/de\/earth-sky-corporation\/\" tabindex=\"-1\" >\n\t\t\t<div class=\"elementor-post__thumbnail\"><img decoding=\"async\" width=\"1262\" height=\"638\" data-src=\"https:\/\/swissfinanciers.com\/wp-content\/uploads\/\u0421\u043d\u0438\u043c\u043e\u043a-\u044d\u043a\u0440\u0430\u043d\u0430-2021-01-28-\u0432-16.05.14.png\" class=\"attachment-full size-full wp-image-9221 lazyload\" alt=\"\" data-srcset=\"https:\/\/swissfinanciers.com\/wp-content\/uploads\/\u0421\u043d\u0438\u043c\u043e\u043a-\u044d\u043a\u0440\u0430\u043d\u0430-2021-01-28-\u0432-16.05.14.png 1262w, https:\/\/swissfinanciers.com\/wp-content\/uploads\/\u0421\u043d\u0438\u043c\u043e\u043a-\u044d\u043a\u0440\u0430\u043d\u0430-2021-01-28-\u0432-16.05.14-300x152.png 300w, https:\/\/swissfinanciers.com\/wp-content\/uploads\/\u0421\u043d\u0438\u043c\u043e\u043a-\u044d\u043a\u0440\u0430\u043d\u0430-2021-01-28-\u0432-16.05.14-1024x518.png 1024w, https:\/\/swissfinanciers.com\/wp-content\/uploads\/\u0421\u043d\u0438\u043c\u043e\u043a-\u044d\u043a\u0440\u0430\u043d\u0430-2021-01-28-\u0432-16.05.14-768x388.png 768w, https:\/\/swissfinanciers.com\/wp-content\/uploads\/\u0421\u043d\u0438\u043c\u043e\u043a-\u044d\u043a\u0440\u0430\u043d\u0430-2021-01-28-\u0432-16.05.14-16x8.png 16w\" data-sizes=\"(max-width: 1262px) 100vw, 1262px\" src=\"data:image\/svg+xml;base64,PHN2ZyB3aWR0aD0iMSIgaGVpZ2h0PSIxIiB4bWxucz0iaHR0cDovL3d3dy53My5vcmcvMjAwMC9zdmciPjwvc3ZnPg==\" style=\"--smush-placeholder-width: 1262px; --smush-placeholder-aspect-ratio: 1262\/638;\" \/><\/div>\n\t\t<\/a>\n\t\t\t\t<div class=\"elementor-post__text\">\n\t\t\t\t<h3 class=\"elementor-post__title\">\n\t\t\t<a href=\"https:\/\/swissfinanciers.com\/de\/earth-sky-corporation\/\" >\n\t\t\t\tEarth &amp; Sky Corporation\t\t\t<\/a>\n\t\t<\/h3>\n\t\t\t\t<div class=\"elementor-post__excerpt\">\n\t\t\t<p>Kunde: Earth &amp; Sky Corporation<br \/>\nKundentyp: IPO-Finanzierung und IPO-Listung<br \/>\nIPO-Zeitrahmen: 12 bis 24 Monate<br \/>\nZielbewertung:-\u00a0<br \/>\nEarth &amp; Sky ist ein in Marokko ans\u00e4ssiges Unternehmen, das die Herstellung \u00e4therischer \u00d6le mit einem Hotel verbindet und eine breite Palette an Wellness-Dienstleistungen anbietet, von einem umfassenden Check-up bei der Ankunft \u00fcber traditionelle chinesische Medizin bis hin zur individuellen Betreuung jedes Gastes. Konzentrierten sich fr\u00fchere Anh\u00e4nger von Wellness-Reisen haupts\u00e4chlich auf Entspannung und die Pflege ihres Aussehens, so hat sich der Fokus nun auf die Gesundheit des K\u00f6rpersystems verlagert. <\/p>\n\t\t<\/div>\n\t\t\n\t\t<a class=\"elementor-post__read-more\" href=\"https:\/\/swissfinanciers.com\/de\/earth-sky-corporation\/\" aria-label=\"Mehr \u00fcber Earth &#038; Sky Corporation\" tabindex=\"-1\" >\n\t\t\tWeiterlesen &quot;\t\t<\/a>\n\n\t\t\t\t<\/div>\n\t\t\t\t<\/article>\n\t\t\t\t<article class=\"elementor-post elementor-grid-item post-9125 post type-post status-publish format-standard has-post-thumbnail hentry category-references\" role=\"listitem\">\n\t\t\t\t<a class=\"elementor-post__thumbnail__link\" href=\"https:\/\/swissfinanciers.com\/de\/adreal\/\" tabindex=\"-1\" >\n\t\t\t<div class=\"elementor-post__thumbnail\"><img decoding=\"async\" width=\"1290\" height=\"721\" data-src=\"https:\/\/swissfinanciers.com\/wp-content\/uploads\/CHR_Corporation_2.png\" class=\"attachment-full size-full wp-image-80702 lazyload\" alt=\"\" data-srcset=\"https:\/\/swissfinanciers.com\/wp-content\/uploads\/CHR_Corporation_2.png 1290w, https:\/\/swissfinanciers.com\/wp-content\/uploads\/CHR_Corporation_2-300x168.png 300w, https:\/\/swissfinanciers.com\/wp-content\/uploads\/CHR_Corporation_2-1024x572.png 1024w, https:\/\/swissfinanciers.com\/wp-content\/uploads\/CHR_Corporation_2-768x429.png 768w, https:\/\/swissfinanciers.com\/wp-content\/uploads\/CHR_Corporation_2-1536x858.png 1536w, https:\/\/swissfinanciers.com\/wp-content\/uploads\/CHR_Corporation_2-2048x1144.png 2048w, https:\/\/swissfinanciers.com\/wp-content\/uploads\/CHR_Corporation_2-18x10.png 18w\" data-sizes=\"(max-width: 1290px) 100vw, 1290px\" src=\"data:image\/svg+xml;base64,PHN2ZyB3aWR0aD0iMSIgaGVpZ2h0PSIxIiB4bWxucz0iaHR0cDovL3d3dy53My5vcmcvMjAwMC9zdmciPjwvc3ZnPg==\" style=\"--smush-placeholder-width: 1290px; --smush-placeholder-aspect-ratio: 1290\/721;\" \/><\/div>\n\t\t<\/a>\n\t\t\t\t<div class=\"elementor-post__text\">\n\t\t\t\t<h3 class=\"elementor-post__title\">\n\t\t\t<a href=\"https:\/\/swissfinanciers.com\/de\/adreal\/\" >\n\t\t\t\tCHR Corporation\t\t\t<\/a>\n\t\t<\/h3>\n\t\t\t\t<div class=\"elementor-post__excerpt\">\n\t\t\t<p>Kunde: CHR<br \/>\nKundentyp: IPO-Finanzierung und IPO-Listung<br \/>\nIPO-Zeitrahmen: 12 bis 24 Monate<br \/>\nZielbewertung:-\u00a0<br \/>\nCHR entwickelt mit der gro\u00dfen Erfahrung seiner Vertreter und einer engen Beziehung zu seinen Partnern gro\u00dfe Immobilienprojekte bis zum Erfolg.<br \/>\nCHR wurde im Juli 2015 im Bundesstaat Delaware, USA, zur F\u00f6rderung, Suche und Finanzierung von Immobilienprojekten gegr\u00fcndet.<\/p>\n<p>Als erstes Projekt startet CHR ein luxuri\u00f6ses Wohn-, Gewerbe- und Ocean Marina-Projekt namens \u201eNIKOLA\u201c an der dalmatinischen Adriak\u00fcste in \u0160ibenik, Kroatien.  <\/p>\n\t\t<\/div>\n\t\t\n\t\t<a class=\"elementor-post__read-more\" href=\"https:\/\/swissfinanciers.com\/de\/adreal\/\" aria-label=\"Mehr \u00fcber CHR Corporation\" tabindex=\"-1\" >\n\t\t\tWeiterlesen &quot;\t\t<\/a>\n\n\t\t\t\t<\/div>\n\t\t\t\t<\/article>\n\t\t\t\t<article class=\"elementor-post elementor-grid-item post-90336 post type-post status-publish format-standard has-post-thumbnail hentry category-references\" role=\"listitem\">\n\t\t\t\t<a class=\"elementor-post__thumbnail__link\" href=\"https:\/\/swissfinanciers.com\/de\/european-press-agency\/\" tabindex=\"-1\" >\n\t\t\t<div class=\"elementor-post__thumbnail\"><img decoding=\"async\" width=\"350\" height=\"350\" data-src=\"https:\/\/swissfinanciers.com\/wp-content\/uploads\/EUPA-Logo-Swiss-350.png.webp\" class=\"attachment-full size-full wp-image-90341 lazyload\" alt=\"\" data-srcset=\"https:\/\/swissfinanciers.com\/wp-content\/uploads\/EUPA-Logo-Swiss-350.png.webp 350w, https:\/\/swissfinanciers.com\/wp-content\/uploads\/EUPA-Logo-Swiss-350.png-300x300.webp 300w, https:\/\/swissfinanciers.com\/wp-content\/uploads\/EUPA-Logo-Swiss-350.png-150x150.webp 150w, https:\/\/swissfinanciers.com\/wp-content\/uploads\/EUPA-Logo-Swiss-350.png-12x12.webp 12w\" data-sizes=\"(max-width: 350px) 100vw, 350px\" src=\"data:image\/svg+xml;base64,PHN2ZyB3aWR0aD0iMSIgaGVpZ2h0PSIxIiB4bWxucz0iaHR0cDovL3d3dy53My5vcmcvMjAwMC9zdmciPjwvc3ZnPg==\" style=\"--smush-placeholder-width: 350px; --smush-placeholder-aspect-ratio: 350\/350;\" \/><\/div>\n\t\t<\/a>\n\t\t\t\t<div class=\"elementor-post__text\">\n\t\t\t\t<h3 class=\"elementor-post__title\">\n\t\t\t<a href=\"https:\/\/swissfinanciers.com\/de\/european-press-agency\/\" >\n\t\t\t\tEurop\u00e4ische Presseagentur\t\t\t<\/a>\n\t\t<\/h3>\n\t\t\t\t<div class=\"elementor-post__excerpt\">\n\t\t\t<p>Kunde: EUPA<br \/>\nKundentyp: IPO-Finanzierung und IPO-Listung<br \/>\nIPO-Zeitrahmen: 12 bis 24 Monate<br \/>\nZielbewertung:-\u00a0<br \/>\nDie erste internationale Presseagentur, die sich wirklich den unabh\u00e4ngigen professionellen Content-Machern widmet:<br \/>\nJournalisten, Reporter, Influencer, TV- und Radiomoderatoren, Podcaster und Webkanal-Animatoren<\/p>\n\t\t<\/div>\n\t\t\n\t\t<a class=\"elementor-post__read-more\" href=\"https:\/\/swissfinanciers.com\/de\/european-press-agency\/\" aria-label=\"Mehr \u00fcber European Press Agency\" tabindex=\"-1\" >\n\t\t\tWeiterlesen &quot;\t\t<\/a>\n\n\t\t\t\t<\/div>\n\t\t\t\t<\/article>\n\t\t\t\t<\/div>\n\t\t\n\t\t\t\t\t\t<\/div>\n\t\t\t\t<\/div>\n\t\t\t\t\t<\/div>\n\t\t<\/div>\n\t\t\t\t\t<\/div>\n\t\t<\/section>\n\t\t\t\t<section class=\"elementor-section elementor-top-section elementor-element elementor-element-3467680 elementor-section-stretched elementor-section-height-min-height elementor-section-boxed elementor-section-height-default elementor-section-items-middle\" data-id=\"3467680\" data-element_type=\"section\" data-settings=\"{&quot;stretch_section&quot;:&quot;section-stretched&quot;}\">\n\t\t\t\t\t\t<div class=\"elementor-container elementor-column-gap-default\">\n\t\t\t\t\t<div class=\"elementor-column elementor-col-100 elementor-top-column elementor-element elementor-element-6a360f2\" data-id=\"6a360f2\" data-element_type=\"column\" data-settings=\"{&quot;background_background&quot;:&quot;classic&quot;}\">\n\t\t\t<div class=\"elementor-widget-wrap elementor-element-populated\">\n\t\t\t\t\t\t<div class=\"elementor-element elementor-element-3da1f53 elementor-align-center elementor-widget elementor-widget-button\" data-id=\"3da1f53\" data-element_type=\"widget\" data-widget_type=\"button.default\">\n\t\t\t\t<div class=\"elementor-widget-container\">\n\t\t\t\t\t\t\t\t\t<div class=\"elementor-button-wrapper\">\n\t\t\t\t\t<a class=\"elementor-button elementor-button-link elementor-size-sm\" href=\"\/de\/spacs\/\">\n\t\t\t\t\t\t<span class=\"elementor-button-content-wrapper\">\n\t\t\t\t\t\t\t\t\t<span class=\"elementor-button-text\">Sehen Sie sich unsere SPACs-Referenzen an<\/span>\n\t\t\t\t\t<\/span>\n\t\t\t\t\t<\/a>\n\t\t\t\t<\/div>\n\t\t\t\t\t\t\t\t<\/div>\n\t\t\t\t<\/div>\n\t\t\t\t\t<\/div>\n\t\t<\/div>\n\t\t\t\t\t<\/div>\n\t\t<\/section>\n\t\t\t\t<\/div>","protected":false},"excerpt":{"rendered":"<p>Sehen Sie sich unsere SPACs-Referenzen an<\/p>","protected":false},"author":19,"featured_media":0,"parent":0,"menu_order":25,"comment_status":"closed","ping_status":"closed","template":"","meta":{"footnotes":""},"class_list":["post-9171","page","type-page","status-publish","hentry"],"_links":{"self":[{"href":"https:\/\/swissfinanciers.com\/de\/wp-json\/wp\/v2\/pages\/9171","targetHints":{"allow":["GET"]}}],"collection":[{"href":"https:\/\/swissfinanciers.com\/de\/wp-json\/wp\/v2\/pages"}],"about":[{"href":"https:\/\/swissfinanciers.com\/de\/wp-json\/wp\/v2\/types\/page"}],"author":[{"embeddable":true,"href":"https:\/\/swissfinanciers.com\/de\/wp-json\/wp\/v2\/users\/19"}],"replies":[{"embeddable":true,"href":"https:\/\/swissfinanciers.com\/de\/wp-json\/wp\/v2\/comments?post=9171"}],"version-history":[{"count":0,"href":"https:\/\/swissfinanciers.com\/de\/wp-json\/wp\/v2\/pages\/9171\/revisions"}],"wp:attachment":[{"href":"https:\/\/swissfinanciers.com\/de\/wp-json\/wp\/v2\/media?parent=9171"}],"curies":[{"name":"wp","href":"https:\/\/api.w.org\/{rel}","templated":true}]}}