{"id":3,"date":"2020-05-05T13:37:41","date_gmt":"2020-05-05T13:37:41","guid":{"rendered":"https:\/\/swissfinanciers.com\/?page_id=3"},"modified":"2022-08-12T17:14:28","modified_gmt":"2022-08-12T17:14:28","slug":"privacy-policy","status":"publish","type":"page","link":"https:\/\/swissfinanciers.com\/de\/privacy-policy\/","title":{"rendered":"Datenschutz-Bestimmungen"},"content":{"rendered":"<div data-elementor-type=\"wp-page\" data-elementor-id=\"3\" class=\"elementor elementor-3\" data-elementor-post-type=\"page\">\n\t\t\t\t\t\t<section class=\"elementor-section elementor-top-section elementor-element elementor-element-7d9baf5b elementor-section-boxed elementor-section-height-default elementor-section-height-default\" data-id=\"7d9baf5b\" data-element_type=\"section\">\n\t\t\t\t\t\t<div class=\"elementor-container elementor-column-gap-default\">\n\t\t\t\t\t<div class=\"elementor-column elementor-col-100 elementor-top-column elementor-element elementor-element-46b8d89f\" data-id=\"46b8d89f\" data-element_type=\"column\">\n\t\t\t<div class=\"elementor-widget-wrap elementor-element-populated\">\n\t\t\t\t\t\t<div class=\"elementor-element elementor-element-6af4a87b elementor-widget elementor-widget-text-editor\" data-id=\"6af4a87b\" data-element_type=\"widget\" data-widget_type=\"text-editor.default\">\n\t\t\t\t<div class=\"elementor-widget-container\">\n\t\t\t\t\t\t\t\t\t<h3>DATENSCHUTZ-BESTIMMUNGEN<\/h3><p>SWISS FINANCIERS INC. (\u201ewir\u201c, \u201ewir\u201c oder \u201eunser\u201c) betreibt die <em>https:\/\/www.swissfinanciers.com<\/em> Website (im Folgenden als \u201eDienst\u201c bezeichnet).<\/p><p>Auf dieser Seite informieren wir Sie \u00fcber unsere Richtlinien zur Erhebung, Nutzung und Offenlegung personenbezogener Daten bei der Nutzung unseres Dienstes sowie \u00fcber die Wahlm\u00f6glichkeiten, die Sie mit diesen Daten haben.<\/p><p>Wir nutzen Ihre Daten zur Bereitstellung und Verbesserung des Dienstes. Durch die Nutzung des Dienstes stimmen Sie der Erfassung und Nutzung von Informationen gem\u00e4\u00df dieser Richtlinie zu. Sofern in dieser Datenschutzrichtlinie nicht anders definiert, haben die in dieser Datenschutzrichtlinie verwendeten Begriffe dieselbe Bedeutung wie in unseren Allgemeinen Gesch\u00e4ftsbedingungen, auf die Sie zugreifen k\u00f6nnen <em>https:\/\/www.swissfinanciers.com<\/em>.<\/p><h3>DEFINITIONEN<\/h3><ol><li><h4><strong>Service<\/strong><\/h4><\/li><\/ol><p>Service ist das <em>https:\/\/www.swissfinanciers.com<\/em> Website betrieben von SWISS FINANCIERS INC..<\/p><ol start=\"2\"><li><h4><strong>Pers\u00f6nliche Daten<\/strong><\/h4><\/li><\/ol><p>Personenbezogene Daten sind Daten \u00fcber eine lebende Person, die anhand dieser Daten (oder anhand dieser und anderer Informationen, die sich entweder in unserem Besitz befinden oder wahrscheinlich in unseren Besitz gelangen) identifiziert werden kann.<\/p><ol start=\"3\"><li><h4><strong>Nutzungsdaten<\/strong><\/h4><\/li><\/ol><p>Bei Nutzungsdaten handelt es sich um automatisch erfasste Daten, die entweder durch die Nutzung des Dienstes oder aus der Dienstinfrastruktur selbst generiert werden (z. B. die Dauer eines Seitenbesuchs).<\/p><ol start=\"4\"><li><h4><strong>Kekse<\/strong><\/h4><\/li><\/ol><p>Cookies sind kleine Dateien, die auf Ihrem Ger\u00e4t (Computer oder Mobilger\u00e4t) gespeichert werden.<\/p><ol start=\"5\"><li><h4><strong>Datencontroller<\/strong><\/h4><\/li><\/ol><p>Datenverantwortlicher bezeichnet die nat\u00fcrliche oder juristische Person, die (entweder allein oder gemeinsam oder gemeinsam mit anderen Personen) die Zwecke und die Art und Weise bestimmt, f\u00fcr die personenbezogene Daten verarbeitet werden oder verarbeitet werden sollen.<\/p><p>Im Sinne dieser Datenschutzrichtlinie sind wir der Datenverantwortliche f\u00fcr Ihre personenbezogenen Daten.<\/p><ol start=\"6\"><li><h4><strong>Datenverarbeiter (oder Dienstleister)<\/strong><\/h4><\/li><\/ol><p>Datenverarbeiter (oder Dienstleister) bezeichnet jede nat\u00fcrliche oder juristische Person, die die Daten im Auftrag des Datenverantwortlichen verarbeitet.<\/p><p>Um Ihre Daten effektiver zu verarbeiten, nutzen wir m\u00f6glicherweise die Dienste verschiedener Dienstleister.<\/p><ol start=\"7\"><li><h4><strong>Betroffene Person (oder Benutzer)<\/strong><\/h4><\/li><\/ol><p>Datensubjekt ist jede lebende Person, die unseren Dienst nutzt und Gegenstand personenbezogener Daten ist.<\/p><h3><strong>ERFASSUNG UND VERWENDUNG VON INFORMATIONEN<\/strong><\/h3><p>Wir sammeln verschiedene Arten von Informationen f\u00fcr verschiedene Zwecke, um Ihnen unseren Service bereitzustellen und zu verbessern.<\/p><h4><strong>Arten der erfassten Daten<\/strong><\/h4><ol><li style=\"list-style-type: none;\"><ol><li>Pers\u00f6nliche Daten<\/li><li>W\u00e4hrend der Nutzung unseres Dienstes bitten wir Sie m\u00f6glicherweise um die Angabe bestimmter personenbezogener Daten, die zur Kontaktaufnahme oder Identifizierung mit Ihnen verwendet werden k\u00f6nnen (\u201epersonenbezogene Daten\u201c). Pers\u00f6nlich identifizierbare Informationen k\u00f6nnen unter anderem Folgendes umfassen:<\/li><li>E-Mail-Addresse<\/li><li>Vorname und Nachname<\/li><li>Telefonnummer<\/li><li>Adresse, Bundesland, Provinz, Postleitzahl, Stadt<\/li><li>Cookies und Nutzungsdaten<\/li><\/ol><\/li><\/ol><p>Wir k\u00f6nnen Ihre personenbezogenen Daten verwenden, um Sie mit Newslettern, Marketing- oder Werbematerialien und anderen Informationen zu kontaktieren, die f\u00fcr Sie von Interesse sein k\u00f6nnten.<\/p><p>Sie k\u00f6nnen den Erhalt einiger oder aller dieser Mitteilungen von uns abbestellen, indem Sie dem Abmeldelink folgen oder den Anweisungen in einer von uns gesendeten E-Mail folgen.<\/p><h4>Nutzungsdaten<\/h4><p>Wir k\u00f6nnen auch Informationen dar\u00fcber sammeln, wie auf den Dienst zugegriffen und er genutzt wird (\u201eNutzungsdaten\u201c). Diese Nutzungsdaten k\u00f6nnen Informationen wie die Internetprotokolladresse Ihres Computers (z. B. IP-Adresse), den Browsertyp, die Browserversion, die Seiten unseres Dienstes, die Sie besuchen, die Uhrzeit und das Datum Ihres Besuchs, die auf diesen Seiten verbrachte Zeit usw. umfassen Ger\u00e4tekennungen und andere Diagnosedaten.<\/p><h4>Tracking- und Cookie-Daten<\/h4><p>Wir verwenden Cookies und \u00e4hnliche Tracking-Technologien, um die Aktivit\u00e4t auf unserem Dienst zu verfolgen, und wir speichern bestimmte Informationen.<\/p><p>Cookies sind Dateien mit einer kleinen Datenmenge, die eine anonyme eindeutige Kennung enthalten k\u00f6nnen. Cookies werden von einer Website an Ihren Browser gesendet und auf Ihrem Ger\u00e4t gespeichert. Es werden auch andere Tracking-Technologien wie Beacons, Tags und Skripte verwendet, um Informationen zu sammeln und zu verfolgen und unseren Service zu verbessern und zu analysieren.<\/p><p>Sie k\u00f6nnen Ihren Browser anweisen, alle Cookies abzulehnen oder anzuzeigen, wann ein Cookie gesendet wird. Wenn Sie jedoch keine Cookies akzeptieren, k\u00f6nnen Sie m\u00f6glicherweise einige Teile unseres Dienstes nicht nutzen.<\/p><p>Beispiele f\u00fcr Cookies, die wir verwenden:<\/p><ol><li><h4><strong>Sitzungscookies.<\/strong><\/h4><p>Wir verwenden Sitzungscookies, um unseren Service zu betreiben.<\/p><\/li><li><h4><strong>Pr\u00e4ferenz-Cookies.<\/strong><\/h4><p>Wir verwenden Pr\u00e4ferenz-Cookies, um Ihre Pr\u00e4ferenzen und verschiedene Einstellungen zu speichern.<\/p><\/li><li><h4><strong>Sicherheitscookies.<\/strong><\/h4><p>Aus Sicherheitsgr\u00fcnden verwenden wir Sicherheitscookies.<\/p><\/li><li><h4><strong>Verwendung von Daten<\/strong><\/h4><ol><li>SWISS FINANCIERS INC. verwendet die erhobenen Daten f\u00fcr verschiedene Zwecke:<\/li><li>Um unseren Service bereitzustellen und aufrechtzuerhalten<\/li><li>Um Sie \u00fcber \u00c4nderungen an unserem Service zu informieren<\/li><li>Um Ihnen die Teilnahme an interaktiven Funktionen unseres Dienstes zu erm\u00f6glichen, wenn Sie dies w\u00fcnschen<\/li><li>Zur Bereitstellung von Kundensupport<\/li><li>Um Analysen oder wertvolle Informationen zu sammeln, damit wir unseren Service verbessern k\u00f6nnen<\/li><li>Um die Nutzung unseres Dienstes zu \u00fcberwachen<\/li><li>Um technische Probleme zu erkennen, zu verhindern und zu beheben<\/li><li>Um Ihnen Neuigkeiten, Sonderangebote und allgemeine Informationen \u00fcber andere von uns angebotene Waren, Dienstleistungen und Veranstaltungen zukommen zu lassen, die denen \u00e4hneln, die Sie bereits gekauft oder angefragt haben, es sei denn, Sie haben sich daf\u00fcr entschieden, solche Informationen nicht zu erhalten<\/li><\/ol><\/li><\/ol><h4>Rechtsgrundlage f\u00fcr die Verarbeitung personenbezogener Daten gem\u00e4\u00df der Datenschutz-Grundverordnung (DSGVO)<\/h4><ol><li>Wenn Sie aus dem Europ\u00e4ischen Wirtschaftsraum (EWR) stammen, h\u00e4ngt die Rechtsgrundlage von SWISS FINANCIERS INC. f\u00fcr die Erhebung und Nutzung der in dieser Datenschutzrichtlinie beschriebenen personenbezogenen Daten von den von uns erfassten personenbezogenen Daten und dem spezifischen Kontext ab, in dem wir sie erheben.<\/li><li>SWISS FINANCIERS INC. kann Ihre personenbezogenen Daten verarbeiten, weil:<\/li><li>Wir m\u00fcssen einen Vertrag mit Ihnen abschlie\u00dfen<\/li><li>Sie haben uns die Erlaubnis dazu erteilt<\/li><li>Die Verarbeitung liegt in unserem berechtigten Interesse und Ihre Rechte werden nicht au\u00dfer Kraft gesetzt<\/li><li>Zur Zahlungsabwicklung<\/li><li>Um das Gesetz einzuhalten<\/li><li><strong>Aufbewahrung von Daten<\/strong><\/li><li>SWISS FINANCIERS INC. speichert Ihre personenbezogenen Daten nur so lange, wie es f\u00fcr die in dieser Datenschutzrichtlinie dargelegten Zwecke erforderlich ist. Wir werden Ihre personenbezogenen Daten in dem Umfang aufbewahren und verwenden, der zur Erf\u00fcllung unserer gesetzlichen Verpflichtungen erforderlich ist (z. B. wenn wir Ihre Daten zur Einhaltung geltender Gesetze aufbewahren m\u00fcssen), zur Beilegung von Streitigkeiten und zur Durchsetzung unserer rechtlichen Vereinbarungen und Richtlinien.<\/li><\/ol><p>SWISS FINANCIERS INC. speichert au\u00dferdem Nutzungsdaten f\u00fcr interne Analysezwecke. Nutzungsdaten werden im Allgemeinen f\u00fcr einen k\u00fcrzeren Zeitraum gespeichert, es sei denn, diese Daten werden zur St\u00e4rkung der Sicherheit oder zur Verbesserung der Funktionalit\u00e4t unseres Dienstes verwendet oder wir sind gesetzlich verpflichtet, diese Daten f\u00fcr l\u00e4ngere Zeitr\u00e4ume aufzubewahren.<\/p><h4><strong>Daten\u00fcbertragung<\/strong><\/h4><ol><li>Ihre Daten, einschlie\u00dflich personenbezogener Daten, k\u00f6nnen an Computer \u00fcbertragen und dort gespeichert werden, die sich au\u00dferhalb Ihres Staates, Ihrer Provinz, Ihres Landes oder einer anderen Regierungshoheit befinden, wo die Datenschutzgesetze von denen Ihrer Gerichtsbarkeit abweichen k\u00f6nnen.<\/li><li>Wenn Sie sich au\u00dferhalb der Schweiz befinden und uns Informationen zur Verf\u00fcgung stellen m\u00f6chten, beachten Sie bitte, dass wir die Daten, einschlie\u00dflich personenbezogener Daten, in die Schweiz \u00fcbermitteln und dort verarbeiten.<\/li><li>Ihre Zustimmung zu dieser Datenschutzrichtlinie und die anschlie\u00dfende \u00dcbermittlung dieser Informationen stellen Ihr Einverst\u00e4ndnis mit dieser \u00dcbertragung dar.<\/li><li>SWISS FINANCIERS INC. wird alle vern\u00fcnftigerweise notwendigen Schritte unternehmen, um sicherzustellen, dass Ihre Daten sicher und in \u00dcbereinstimmung mit dieser Datenschutzrichtlinie behandelt werden und keine \u00dcbermittlung Ihrer personenbezogenen Daten an eine Organisation oder ein Land erfolgt, es sei denn, es sind angemessene Kontrollen vorhanden, einschlie\u00dflich die Sicherheit Ihrer Daten und anderer pers\u00f6nlicher Informationen.<\/li><\/ol><h4><strong>Offenlegung von Daten<\/strong><\/h4><ol><li>Gesch\u00e4fts Transaktion<\/li><li>Wenn SWISS FINANCIERS INC. an einer Fusion, \u00dcbernahme oder einem Verm\u00f6gensverkauf beteiligt ist, k\u00f6nnen Ihre personenbezogenen Daten \u00fcbertragen werden. Wir werden Sie benachrichtigen, bevor Ihre personenbezogenen Daten \u00fcbertragen werden und einer anderen Datenschutzrichtlinie unterliegen.<\/li><li>Offenlegung f\u00fcr die Strafverfolgung<\/li><li>Unter bestimmten Umst\u00e4nden kann SWISS FINANCIERS INC. verpflichtet sein, Ihre personenbezogenen Daten offenzulegen, wenn dies gesetzlich vorgeschrieben ist oder auf berechtigte Anfragen von Beh\u00f6rden (z. B. einem Gericht oder einer Regierungsbeh\u00f6rde) reagiert.<\/li><\/ol><h3>Rechtliche Anforderungen<\/h3><ol><li>SWISS FINANCIERS INC. kann Ihre personenbezogenen Daten in gutem Glauben offenlegen, wenn dies erforderlich ist, um:<\/li><li>Um einer gesetzlichen Verpflichtung nachzukommen<\/li><li>Zum Schutz und zur Verteidigung der Rechte oder des Eigentums von SWISS FINANCIERS INC.<\/li><li>Um m\u00f6gliches Fehlverhalten im Zusammenhang mit dem Dienst zu verhindern oder zu untersuchen<\/li><li>Zum Schutz der pers\u00f6nlichen Sicherheit der Nutzer des Dienstes oder der \u00d6ffentlichkeit<\/li><li>Zum Schutz vor gesetzlicher Haftung<\/li><\/ol><h4>Datensicherheit<\/h4><p>Die Sicherheit Ihrer Daten ist uns wichtig, aber denken Sie daran, dass keine Methode der \u00dcbertragung \u00fcber das Internet oder Methode der elektronischen Speicherung 100%-sicher ist. Obwohl wir uns bem\u00fchen, Ihre personenbezogenen Daten mit kommerziell akzeptablen Mitteln zu sch\u00fctzen, k\u00f6nnen wir deren absolute Sicherheit nicht garantieren.<\/p><p>Unsere Richtlinie zu \u201eDo Not Track\u201c-Signalen gem\u00e4\u00df dem California Online Protection Act (CalOPPA)<\/p><p>Wir unterst\u00fctzen Do Not Track (\u201eDNT\u201c) nicht. \u201eDo Not Track\u201c ist eine Einstellung, die Sie in Ihrem Webbrowser festlegen k\u00f6nnen, um Websites dar\u00fcber zu informieren, dass Sie nicht verfolgt werden m\u00f6chten.<\/p><p>Sie k\u00f6nnen \u201eDo Not Track\u201c aktivieren oder deaktivieren, indem Sie die Seite \u201ePr\u00e4ferenzen\u201c oder \u201eEinstellungen\u201c Ihres Webbrowsers besuchen.<\/p><p>Ihre Datenschutzrechte gem\u00e4\u00df der Datenschutz-Grundverordnung (DSGVO)<\/p><p>Wenn Sie im Europ\u00e4ischen Wirtschaftsraum (EWR) ans\u00e4ssig sind, stehen Ihnen bestimmte Datenschutzrechte zu. SWISS FINANCIERS INC. ist bestrebt, angemessene Schritte zu unternehmen, um Ihnen die Berichtigung, \u00c4nderung, L\u00f6schung oder Einschr\u00e4nkung der Nutzung Ihrer personenbezogenen Daten zu erm\u00f6glichen.<\/p><p>Wenn Sie dar\u00fcber informiert werden m\u00f6chten, welche personenbezogenen Daten wir \u00fcber Sie gespeichert haben, und wenn Sie m\u00f6chten, dass diese aus unseren Systemen entfernt werden, kontaktieren Sie uns bitte.<\/p><p>Unter bestimmten Umst\u00e4nden stehen Ihnen folgende Datenschutzrechte zu:<\/p><h4><strong>Das Recht auf Zugriff, Aktualisierung oder L\u00f6schung der Informationen, die wir \u00fcber Sie haben.<\/strong><\/h4><p>Wann immer m\u00f6glich, k\u00f6nnen Sie direkt in Ihrem Kontoeinstellungsbereich auf Ihre personenbezogenen Daten zugreifen, diese aktualisieren oder deren L\u00f6schung beantragen. Wenn Sie diese Ma\u00dfnahmen nicht selbst durchf\u00fchren k\u00f6nnen, wenden Sie sich bitte an uns, um Ihnen weiterzuhelfen.<\/p><ol><li><strong>Das Recht auf Berichtigung.<\/strong> Sie haben das Recht, Ihre Daten berichtigen zu lassen, wenn diese unrichtig oder unvollst\u00e4ndig sind.<\/li><li><strong>Das Recht auf Widerspruch.<\/strong> Sie haben das Recht, unserer Verarbeitung Ihrer personenbezogenen Daten zu widersprechen.<\/li><li><strong>Das Recht auf Einschr\u00e4nkung.<\/strong> Sie haben das Recht zu verlangen, dass wir die Verarbeitung Ihrer personenbezogenen Daten einschr\u00e4nken.<\/li><li><strong>Das Recht auf Daten\u00fcbertragbarkeit.<\/strong> Sie haben das Recht, eine Kopie der Informationen, die wir \u00fcber Sie haben, in einem strukturierten, maschinenlesbaren und g\u00e4ngigen Format zu erhalten.<\/li><li><strong>Das Recht, die Einwilligung zu widerrufen.<\/strong> Sie haben auch das Recht, Ihre Einwilligung jederzeit zu widerrufen, wenn SWISS FINANCIERS INC. sich bei der Verarbeitung Ihrer personenbezogenen Daten auf Ihre Einwilligung verlassen hat.<p>Bitte beachten Sie, dass wir Sie m\u00f6glicherweise bitten, Ihre Identit\u00e4t zu \u00fcberpr\u00fcfen, bevor wir auf solche Anfragen antworten.<\/p><\/li><li>Sie haben das Recht, sich bei einer Datenschutzbeh\u00f6rde \u00fcber die Erhebung und Nutzung Ihrer personenbezogenen Daten durch uns zu beschweren. F\u00fcr weitere Informationen wenden Sie sich bitte an Ihre \u00f6rtliche Datenschutzbeh\u00f6rde im Europ\u00e4ischen Wirtschaftsraum (EWR).<\/li><\/ol><h4><strong>Gesch\u00e4fts Transaktion<\/strong><\/h4><p>Wenn SWISS FINANCIERS INC. an einer Fusion, \u00dcbernahme oder einem Verm\u00f6gensverkauf beteiligt ist, k\u00f6nnen Ihre personenbezogenen Daten \u00fcbertragen werden. Wir werden Sie benachrichtigen, bevor Ihre personenbezogenen Daten \u00fcbertragen werden und einer anderen Datenschutzrichtlinie unterliegen.<strong>\u00a0<\/strong><\/p><h4><strong>Offenlegung f\u00fcr die Strafverfolgung<\/strong><\/h4><p>Unter bestimmten Umst\u00e4nden kann SWISS FINANCIERS INC. verpflichtet sein, Ihre personenbezogenen Daten offenzulegen, wenn dies gesetzlich oder als Reaktion darauf erforderlich ist<\/p><p>auf berechtigte Anfragen von Beh\u00f6rden (z. B. einem Gericht oder einer Regierungsbeh\u00f6rde).<\/p><h4>DIENSTLEISTER<\/h4><p>Wir k\u00f6nnen Drittunternehmen und Einzelpersonen damit beauftragen, unseren Dienst zu erm\u00f6glichen (\u201eDienstleister\u201c), den Dienst in unserem Namen bereitzustellen, dienstbezogene Dienstleistungen zu erbringen oder uns bei der Analyse der Nutzung unseres Dienstes zu unterst\u00fctzen.<\/p><p>Diese Dritten haben nur Zugriff auf Ihre personenbezogenen Daten, um diese Aufgaben in unserem Namen auszuf\u00fchren, und sind verpflichtet, diese nicht weiterzugeben oder f\u00fcr andere Zwecke zu verwenden.<\/p><h4>ANALYTIK<\/h4><p>Wir k\u00f6nnen Drittanbieter einsetzen, um die Nutzung unseres Dienstes zu \u00fcberwachen und zu analysieren.<\/p><ol><li><strong>Google Analytics<\/strong><\/li><\/ol><p>Google Analytics ist ein von Google angebotener Webanalysedienst, der den Website-Verkehr verfolgt und meldet. Google verwendet die gesammelten Daten, um die Nutzung unseres Dienstes zu verfolgen und zu \u00fcberwachen. Diese Daten werden mit anderen Google-Diensten geteilt. Google kann die gesammelten Daten verwenden, um die Anzeigen seines eigenen Werbenetzwerks zu kontextualisieren und zu personalisieren.<\/p><p>Sie k\u00f6nnen die Bereitstellung Ihrer Aktivit\u00e4ten im Dienst f\u00fcr Google Analytics ablehnen, indem Sie das Browser-Add-on zur Deaktivierung von Google Analytics installieren. Das Add-on verhindert, dass das Google Analytics-JavaScript (ga.js, Analytics.js und dc.js) Informationen \u00fcber die Besuchsaktivit\u00e4t an Google Analytics weitergibt.<\/p><p>Weitere Informationen zu den Datenschutzpraktiken von Google finden Sie auf der Webseite \u201eDatenschutz und Nutzungsbedingungen\u201c von Google: <a href=\"https:\/\/policies.google.com\/privacy?hl=en\">https:\/\/policies.google.com\/privacy?hl=en<\/a><\/p><ol start=\"2\"><li><strong>Zahlungen<\/strong><\/li><\/ol><p>Wir k\u00f6nnen im Rahmen des Dienstes kostenpflichtige Produkte und\/oder Dienstleistungen anbieten. In diesem Fall bedienen wir uns zur Zahlungsabwicklung der Dienste Dritter (z. B. Zahlungsabwickler).<\/p><p>Wir werden Ihre Zahlungskartendaten nicht speichern oder sammeln. Diese Informationen werden direkt an unsere externen Zahlungsabwickler weitergegeben, deren Nutzung Ihrer pers\u00f6nlichen Daten durch deren Datenschutzrichtlinie geregelt ist. Diese Zahlungsabwickler halten sich an die von PCI-DSS festgelegten Standards, die vom PCI Security Standards Council verwaltet werden, einem gemeinsamen Projekt von Marken wie Visa, MasterCard, American Express und Discover. PCI-DSS-Anforderungen tragen dazu bei, den sicheren Umgang mit Zahlungsinformationen zu gew\u00e4hrleisten. Wir nutzen m\u00f6glicherweise eine Reihe unterschiedlicher Zahlungsl\u00f6sungsanbieter wie Paypal, Postfinance, Stripe und andere. Wir laden Benutzer ein, die jeweiligen Datenschutzrichtlinien durchzulesen.<\/p><h4><strong>\u00a0<\/strong>Links zu anderen Websites<\/h4><p>Unser Service kann Links zu anderen Websites enthalten, die nicht von uns betrieben werden. Wenn Sie auf einen Link eines Drittanbieters klicken, werden Sie zur Website dieses Drittanbieters weitergeleitet. Wir empfehlen Ihnen dringend, die Datenschutzrichtlinien jeder von Ihnen besuchten Website zu lesen.<\/p><p>Wir haben keine Kontrolle \u00fcber den Inhalt, die Datenschutzrichtlinien oder -praktiken von Websites oder Diensten Dritter und \u00fcbernehmen keine Verantwortung daf\u00fcr.<\/p><h4>DATENSCHUTZ VON KINDERN<\/h4><p>Unser Service richtet sich nicht an Personen unter 18 Jahren (\u201eKinder\u201c).<\/p><p>Wir erfassen wissentlich keine personenbezogenen Daten von Personen unter 18 Jahren. Wenn Sie ein Elternteil oder Erziehungsberechtigter sind und wissen, dass Ihr Kind uns personenbezogene Daten zur Verf\u00fcgung gestellt hat, kontaktieren Sie uns bitte. Wenn uns bekannt wird, dass wir personenbezogene Daten von Kindern ohne \u00dcberpr\u00fcfung der Zustimmung der Eltern erfasst haben, ergreifen wir Ma\u00dfnahmen, um diese Informationen von unseren Servern zu entfernen.<\/p><h4>\u00c4NDERUNGEN AN DIESER DATENSCHUTZRICHTLINIE<\/h4><p>Wir k\u00f6nnen unsere Datenschutzrichtlinie von Zeit zu Zeit aktualisieren. Wir werden Sie \u00fcber alle \u00c4nderungen informieren, indem wir die neue Datenschutzrichtlinie auf dieser Seite ver\u00f6ffentlichen.<\/p><p>Wir informieren Sie per E-Mail und\/oder durch einen deutlich sichtbaren Hinweis auf unserem Service, bevor die \u00c4nderung in Kraft tritt, und aktualisieren das \u201eDatum des Inkrafttretens\u201c oben in dieser Datenschutzrichtlinie.<\/p><p>Wir empfehlen Ihnen, diese Datenschutzrichtlinie regelm\u00e4\u00dfig auf etwaige \u00c4nderungen zu \u00fcberpr\u00fcfen. \u00c4nderungen dieser Datenschutzrichtlinie treten in Kraft, wenn sie auf dieser Seite ver\u00f6ffentlicht werden.<\/p><h4>KONTAKTIERE UNS<\/h4><p>Wenn Sie Fragen zu dieser Datenschutzerkl\u00e4rung haben, kontaktieren Sie uns bitte per E-Mail: <a href=\"mailto:info@swissfinanciers.ch\">info@swissfinanciers.c<\/a>om.<\/p>\t\t\t\t\t\t\t\t<\/div>\n\t\t\t\t<\/div>\n\t\t\t\t\t<\/div>\n\t\t<\/div>\n\t\t\t\t\t<\/div>\n\t\t<\/section>\n\t\t\t\t<\/div>","protected":false},"excerpt":{"rendered":"<p>PRIVACY POLICY SWISS FINANCIERS INC. (&#8220;us&#8221;, &#8220;we&#8221;, or &#8220;our&#8221;) operates the https:\/\/www.swissfinanciers.com website (hereinafter referred to as the &#8220;Service&#8221;). This page informs you of our policies regarding the collection, use and disclosure of personal data when you use our Service and the choices you have associated with that data. We use your data to provide &#8230; <a title=\"Datenschutz-Bestimmungen\" class=\"read-more\" href=\"https:\/\/swissfinanciers.com\/de\/privacy-policy\/\" aria-label=\"Mehr Informationen \u00fcber Privacy Policy\">Weiterlesen<\/a><\/p>","protected":false},"author":1,"featured_media":0,"parent":0,"menu_order":1000,"comment_status":"closed","ping_status":"closed","template":"","meta":{"footnotes":""},"class_list":["post-3","page","type-page","status-publish"],"_links":{"self":[{"href":"https:\/\/swissfinanciers.com\/de\/wp-json\/wp\/v2\/pages\/3","targetHints":{"allow":["GET"]}}],"collection":[{"href":"https:\/\/swissfinanciers.com\/de\/wp-json\/wp\/v2\/pages"}],"about":[{"href":"https:\/\/swissfinanciers.com\/de\/wp-json\/wp\/v2\/types\/page"}],"author":[{"embeddable":true,"href":"https:\/\/swissfinanciers.com\/de\/wp-json\/wp\/v2\/users\/1"}],"replies":[{"embeddable":true,"href":"https:\/\/swissfinanciers.com\/de\/wp-json\/wp\/v2\/comments?post=3"}],"version-history":[{"count":0,"href":"https:\/\/swissfinanciers.com\/de\/wp-json\/wp\/v2\/pages\/3\/revisions"}],"wp:attachment":[{"href":"https:\/\/swissfinanciers.com\/de\/wp-json\/wp\/v2\/media?parent=3"}],"curies":[{"name":"wp","href":"https:\/\/api.w.org\/{rel}","templated":true}]}}