{"id":2370,"date":"2020-05-10T21:49:25","date_gmt":"2020-05-10T21:49:25","guid":{"rendered":"https:\/\/swissfinanciers.com\/?page_id=2370"},"modified":"2022-08-12T17:11:58","modified_gmt":"2022-08-12T17:11:58","slug":"disclaimer","status":"publish","type":"page","link":"https:\/\/swissfinanciers.com\/de\/disclaimer\/","title":{"rendered":"Haftungsausschluss der Website"},"content":{"rendered":"<div data-elementor-type=\"wp-page\" data-elementor-id=\"2370\" class=\"elementor elementor-2370\" data-elementor-post-type=\"page\">\n\t\t\t\t\t\t<section class=\"elementor-section elementor-top-section elementor-element elementor-element-ae93913 elementor-section-stretched elementor-section-boxed elementor-section-height-default elementor-section-height-default\" data-id=\"ae93913\" data-element_type=\"section\" data-settings=\"{&quot;stretch_section&quot;:&quot;section-stretched&quot;}\">\n\t\t\t\t\t\t<div class=\"elementor-container elementor-column-gap-default\">\n\t\t\t\t\t<div class=\"elementor-column elementor-col-100 elementor-top-column elementor-element elementor-element-8de4f6d\" data-id=\"8de4f6d\" data-element_type=\"column\">\n\t\t\t<div class=\"elementor-widget-wrap elementor-element-populated\">\n\t\t\t\t\t\t<div class=\"elementor-element elementor-element-f24fc9a elementor-widget elementor-widget-text-editor\" data-id=\"f24fc9a\" data-element_type=\"widget\" data-widget_type=\"text-editor.default\">\n\t\t\t\t<div class=\"elementor-widget-container\">\n\t\t\t\t\t\t\t\t\t<p>Durch die nachstehende Best\u00e4tigung best\u00e4tige ich, dass diese Website ausschlie\u00dflich f\u00fcr akkreditierte Anleger mit Sitz au\u00dferhalb der Schweiz bestimmt ist.<\/p><p>Bevor Sie fortfahren, lesen Sie bitte die nachstehenden RECHTLICHEN INFORMATIONEN zu den Nutzungsbedingungen der Website von Swiss Financiers Inc. (die \u201eWebsite\u201c).<\/p><p><strong>1. Zugriff auf die Website<\/strong><br \/>Der Zugriff auf die Website ist Personen nicht gestattet, die einer Gerichtsbarkeit unterliegen (aufgrund ihres Wohnsitzes, ihrer Nationalit\u00e4t oder auf andere Weise), in der ihre Ver\u00f6ffentlichung oder Verf\u00fcgbarkeit einen Versto\u00df gegen die geltenden Gesetze und Vorschriften darstellen w\u00fcrde. Insbesondere richtet sich die Website ausschlie\u00dflich an akkreditierte Anleger mit Sitz au\u00dferhalb der Schweiz. Wenn Sie kein Akkreditierungsinvestor sind oder einer solchen Gerichtsbarkeit unterliegen, sind Sie nicht berechtigt, fortzufahren und m\u00fcssen die Website sofort verlassen. Wenn Sie nicht einer solchen Gerichtsbarkeit unterliegen, k\u00f6nnen Sie auf die Website zugreifen, nachdem Sie die folgenden Bedingungen gelesen und akzeptiert haben.<\/p><p><strong>2. Kein Angebot<\/strong><br \/>Die auf der Website verbreiteten Informationen stellen weder ein Angebot noch eine Empfehlung dar, eine Investition zu t\u00e4tigen oder zu liquidieren oder eine andere Transaktion durchzuf\u00fchren. Die Website und Teile ihres Inhalts sind nicht als Beratungs- oder Rechtsanalysequelle gedacht und die auf dieser Website enthaltenen Informationen und\/oder Dokumente stellen keine Anlage- oder Rechtsberatung dar. Jede Anlageentscheidung muss auf einer Analyse der mit der Anlage verbundenen Risiken (einschlie\u00dflich aller rechtlichen, regulatorischen, steuerlichen oder sonstigen Konsequenzen) sowie auf der relevanten und spezifischen Beratung eines unabh\u00e4ngigen Fachmanns basieren.<\/p><p><strong>3. Keine Garantie<\/strong><br \/>Die auf der Website verbreiteten Informationen und Meinungen basieren auf \u00f6ffentlichen Informationen, intern entwickelten Daten sowie anderen angeblich zuverl\u00e4ssigen Quellen. Obwohl Swiss Financiers Inc. sich bem\u00fcht hat, sicherzustellen, dass diese Informationen zum Zeitpunkt ihrer Ver\u00f6ffentlichung so genau und umfassend wie m\u00f6glich sind, wird diesbez\u00fcglich keine ausdr\u00fcckliche oder stillschweigende Garantie \u00fcbernommen. Der Inhalt der Website kann jederzeit und ohne Vorank\u00fcndigung ge\u00e4ndert werden.<\/p><p><strong>4. Besteuerung<\/strong><br \/>Die steuerliche Behandlung h\u00e4ngt von der pers\u00f6nlichen Situation jedes Anlegers ab und kann \u00c4nderungen unterliegen. Anlegern wird empfohlen, vor jeder Anlageentscheidung die spezifische Beratung eines Steuerberaters in Anspruch zu nehmen.<\/p><p><strong>5. Geistiges Eigentum<\/strong><br \/>Sofern nicht anders angegeben, ist Swiss Financiers Inc. Eigent\u00fcmer oder Inhaber der Rechte aller Komponenten, aus denen diese Website besteht, insbesondere der Daten, Diagramme und Zeichnungen. Jede vollst\u00e4ndige oder teilweise Vervielf\u00e4ltigung, Darstellung, Verbreitung oder Weiterverbreitung des Inhalts dieser Website durch ein beliebiges Verfahren ohne vorherige ausdr\u00fcckliche Genehmigung von Swiss Financiers Inc. ist untersagt.<\/p><p><strong>6. Links zu anderen Websites<\/strong><br \/>Diese Website kann Hyperlinks zu anderen Websites enthalten. Das Navigieren zu solchen Links erfolgt auf Ihr eigenes Risiko. Swiss Financiers Inc. \u00fcbernimmt keinerlei Haftung f\u00fcr den Inhalt und m\u00f6gliche Sch\u00e4den, die beim Besuch von Websites entstehen, zu denen diese Website \u00fcber Hyperlinks f\u00fchrt. Der Besuch der anderen Seiten erfolgt in eigener Verantwortung und auf eigenes Risiko.<\/p><p><strong>7. Cookies<\/strong><br \/>Benutzer werden dar\u00fcber informiert, dass sie w\u00e4hrend ihres Besuchs auf der Website unseren Datenschutzbestimmungen unterliegen. Weitere Informationen finden Sie auf https:\/\/swissfinanciers.ch\/privacy-policy\/<\/p><p><strong>8. Allgemeine Gesch\u00e4ftsbedingungen<\/strong><br \/>Durch die Nutzung unserer Website stimmen Sie hiermit diesem Haftungsausschluss und unseren Datenschutzbestimmungen zu, die unter https:\/\/swissfinanciers.ch\/privacy-policy\/ verf\u00fcgbar sind.<\/p>\t\t\t\t\t\t\t\t<\/div>\n\t\t\t\t<\/div>\n\t\t\t\t\t<\/div>\n\t\t<\/div>\n\t\t\t\t\t<\/div>\n\t\t<\/section>\n\t\t\t\t<\/div>","protected":false},"excerpt":{"rendered":"<p>By confirming below, I acknowledge that this Site is aimed exclusively for accredited investor based outside of Switzerland. Before continuing, please read the LEGAL INFORMATION below relating to the terms of use of the Swiss Financiers Inc. website (the \u201cSite\u201d) 1. Access to the SiteAccess to the Site is not allowed to persons coming under &#8230; <a title=\"Haftungsausschluss der Website\" class=\"read-more\" href=\"https:\/\/swissfinanciers.com\/de\/disclaimer\/\" aria-label=\"Mehr Informationen \u00fcber Website Disclaimer\">Weiterlesen<\/a><\/p>","protected":false},"author":1,"featured_media":0,"parent":0,"menu_order":99,"comment_status":"closed","ping_status":"closed","template":"","meta":{"footnotes":""},"class_list":["post-2370","page","type-page","status-publish"],"_links":{"self":[{"href":"https:\/\/swissfinanciers.com\/de\/wp-json\/wp\/v2\/pages\/2370","targetHints":{"allow":["GET"]}}],"collection":[{"href":"https:\/\/swissfinanciers.com\/de\/wp-json\/wp\/v2\/pages"}],"about":[{"href":"https:\/\/swissfinanciers.com\/de\/wp-json\/wp\/v2\/types\/page"}],"author":[{"embeddable":true,"href":"https:\/\/swissfinanciers.com\/de\/wp-json\/wp\/v2\/users\/1"}],"replies":[{"embeddable":true,"href":"https:\/\/swissfinanciers.com\/de\/wp-json\/wp\/v2\/comments?post=2370"}],"version-history":[{"count":0,"href":"https:\/\/swissfinanciers.com\/de\/wp-json\/wp\/v2\/pages\/2370\/revisions"}],"wp:attachment":[{"href":"https:\/\/swissfinanciers.com\/de\/wp-json\/wp\/v2\/media?parent=2370"}],"curies":[{"name":"wp","href":"https:\/\/api.w.org\/{rel}","templated":true}]}}